{"id":87,"date":"2021-09-11T20:30:17","date_gmt":"2021-09-11T20:30:17","guid":{"rendered":"https:\/\/funneltogo.com\/slo\/odgovornost\/"},"modified":"2021-09-11T20:30:20","modified_gmt":"2021-09-11T20:30:20","slug":"odgovornost","status":"publish","type":"page","link":"https:\/\/funneltogo.com\/slo\/odgovornost\/","title":{"rendered":"Odgovornost"},"content":{"rendered":"\n  \n    <section class=\"u-align-left u-clearfix u-section-1\" id=\"sec-e60e\">\n      <div class=\"u-clearfix u-sheet u-valign-middle u-sheet-1\">\n        <div class=\"fr-view u-clearfix u-rich-text u-text u-text-1\">\n          <h1 style=\"text-align: left;\">Odgovornost<\/h1>\n          <p>\n            <br>\n          <\/p>\n          <p style=\"box-sizing: border-box; margin: 0px 0px 10px;\">\n            <span class=\"u-text-black\">Z uporabo tega spletnega mesta se uporabnik strinja takole:<\/span>\n          <\/p>\n          <p style=\"box-sizing: border-box; margin: 0px 0px 10px;\">\n            <span class=\"u-text-black\">Be Well d.o.o. je lastnik spletnega mesta in je odgovoren le za lastno vsebino. &nbsp;<\/span>\n          <\/p>\n          <p style=\"box-sizing: border-box; margin: 0px 0px 10px;\">\n            <span class=\"u-text-black\">Informacije, storitve in izdelki, ki se prodajajo ali posredujejo stranki s strani uporabnika, morajo upo\u0161tevati zakonodajo dr\u017eav, v kateri delujejo.<\/span>\n          <\/p>\n          <p style=\"box-sizing: border-box; margin: 0px 0px 10px;\">\n            <span class=\"u-text-black\">Be Well d.o.o. ni avtor, ne prodajalec, ne zalo\u017enik vsbebin, ki jih ponujajo uporabniki.&nbsp;<\/span>\n          <\/p>\n          <p style=\"box-sizing: border-box; margin: 0px 0px 10px;\">\n            <span class=\"u-text-black\">Izra\u017eena stali\u0161\u010da in mnenja uporabnikov za avtorske vsebine uporabnikov in ne odra\u017eajo uradne politike ali stali\u0161\u010da Be well d.o.o.<\/span>\n          <\/p>\n          <p style=\"box-sizing: border-box; margin: 0px 0px 10px;\">\n            <span class=\"u-text-black\">Kakr\u0161nakoli vsebina na\u0161ih uporabnikov je njihovo mnenje. Je pa s strani Be Well d.o.o. prepovedano poni\u017eevanje ver, etni\u010dnih skupin, klubov, organizacij, podjetij, posameznikov ali kogarkoli drugega.<\/span>\n          <\/p>\n          <p style=\"box-sizing: border-box; margin: 0px 0px 10px;\">\n            <span class=\"u-text-black\">\u010ceprav se mo\u010dno trudimo, da so &nbsp;informacije na platformi to\u010dne, Be Well d.o.o. ne more zagotoviti, da so vse informacije na tem spletnem mestu in v spletnem dnevniku vedno pravilne, popolne ali posodobljene.<\/span>\n          <\/p>\n          <p style=\"box-sizing: border-box; margin: 0px 0px 10px;\">\n            <span class=\"u-text-black\">Z nakupom kateregakoli od izdelkov ali storitev na na\u0161ih spletnih mestih, se uporabnik strinja in zavestno prevzema kakr\u0161nokoli tveganje, povezano z uporabo teh izdelkov ali storitev.<\/span>\n          <\/p>\n          <p style=\"box-sizing: border-box; margin: 0px 0px 10px;\">\n            <span class=\"u-text-black\">Pri nakupovanju izdelkov in storitev veljajo izklju\u010dno pogoji prodajalcev (uporabnikov), ki tudi odgovorjajo za vsebino, opise in same izdelke\/storitve.<\/span>\n          <\/p>\n          <p>\n            <span class=\"u-text-black\">\n              <br>\n            <\/span>\n          <\/p>\n          <p>\n            <br>\n          <\/p>\n        <\/div>\n      <\/div>\n    <\/section>\n    \n    \n    \n    \n    \n  \n","protected":false},"excerpt":{"rendered":"<p>Odgovornost Z uporabo tega spletnega mesta se uporabnik strinja takole: Be Well d.o.o. je lastnik spletnega mesta in je odgovoren le za lastno vsebino. &nbsp; Informacije, storitve in izdelki, ki se prodajajo ali posredujejo stranki s strani uporabnika, morajo upo\u0161tevati zakonodajo dr\u017eav, v kateri delujejo. Be Well d.o.o. ni avtor, ne prodajalec, ne zalo\u017enik vsbebin, &hellip; <a href=\"https:\/\/funneltogo.com\/slo\/odgovornost\/\" class=\"more-link\">Continue reading<span class=\"screen-reader-text\"> &#8220;Odgovornost&#8221;<\/span><\/a><\/p>\n","protected":false},"author":1,"featured_media":0,"parent":0,"menu_order":20,"comment_status":"closed","ping_status":"closed","template":"","meta":{"footnotes":""},"class_list":["post-87","page","type-page","status-publish","hentry"],"yoast_head":"<!-- This site is optimized with the Yoast SEO plugin v19.8 - https:\/\/yoast.com\/wordpress\/plugins\/seo\/ -->\n<title>Odgovornost - funneltogo<\/title>\n<meta name=\"robots\" content=\"index, follow, max-snippet:-1, max-image-preview:large, max-video-preview:-1\" \/>\n<link rel=\"canonical\" href=\"https:\/\/funneltogo.com\/slo\/odgovornost\/\" \/>\n<meta property=\"og:locale\" content=\"en_US\" \/>\n<meta property=\"og:type\" content=\"article\" \/>\n<meta property=\"og:title\" content=\"Odgovornost - funneltogo\" \/>\n<meta property=\"og:description\" content=\"Odgovornost Z uporabo tega spletnega mesta se uporabnik strinja takole: Be Well d.o.o. je lastnik spletnega mesta in je odgovoren le za lastno vsebino. &nbsp; Informacije, storitve in izdelki, ki se prodajajo ali posredujejo stranki s strani uporabnika, morajo upo\u0161tevati zakonodajo dr\u017eav, v kateri delujejo. Be Well d.o.o. ni avtor, ne prodajalec, ne zalo\u017enik vsbebin, &hellip; Continue reading &quot;Odgovornost&quot;\" \/>\n<meta property=\"og:url\" content=\"https:\/\/funneltogo.com\/slo\/odgovornost\/\" \/>\n<meta property=\"og:site_name\" content=\"funneltogo\" \/>\n<meta property=\"article:modified_time\" content=\"2021-09-11T20:30:20+00:00\" \/>\n<meta name=\"twitter:card\" content=\"summary_large_image\" \/>\n<meta name=\"twitter:label1\" content=\"Est. reading time\" \/>\n\t<meta name=\"twitter:data1\" content=\"1 minute\" \/>\n<script type=\"application\/ld+json\" class=\"yoast-schema-graph\">{\"@context\":\"https:\/\/schema.org\",\"@graph\":[{\"@type\":\"WebPage\",\"@id\":\"https:\/\/funneltogo.com\/slo\/odgovornost\/\",\"url\":\"https:\/\/funneltogo.com\/slo\/odgovornost\/\",\"name\":\"Odgovornost - funneltogo\",\"isPartOf\":{\"@id\":\"https:\/\/funneltogo.com\/slo\/#website\"},\"datePublished\":\"2021-09-11T20:30:17+00:00\",\"dateModified\":\"2021-09-11T20:30:20+00:00\",\"breadcrumb\":{\"@id\":\"https:\/\/funneltogo.com\/slo\/odgovornost\/#breadcrumb\"},\"inLanguage\":\"en-US\",\"potentialAction\":[{\"@type\":\"ReadAction\",\"target\":[\"https:\/\/funneltogo.com\/slo\/odgovornost\/\"]}]},{\"@type\":\"BreadcrumbList\",\"@id\":\"https:\/\/funneltogo.com\/slo\/odgovornost\/#breadcrumb\",\"itemListElement\":[{\"@type\":\"ListItem\",\"position\":1,\"name\":\"Home\",\"item\":\"https:\/\/funneltogo.com\/slo\/\"},{\"@type\":\"ListItem\",\"position\":2,\"name\":\"Odgovornost\"}]},{\"@type\":\"WebSite\",\"@id\":\"https:\/\/funneltogo.com\/slo\/#website\",\"url\":\"https:\/\/funneltogo.com\/slo\/\",\"name\":\"funneltogo\",\"description\":\"Just another WordPress site\",\"potentialAction\":[{\"@type\":\"SearchAction\",\"target\":{\"@type\":\"EntryPoint\",\"urlTemplate\":\"https:\/\/funneltogo.com\/slo\/?s={search_term_string}\"},\"query-input\":\"required name=search_term_string\"}],\"inLanguage\":\"en-US\"}]}<\/script>\n<!-- \/ Yoast SEO plugin. -->","yoast_head_json":{"title":"Odgovornost - funneltogo","robots":{"index":"index","follow":"follow","max-snippet":"max-snippet:-1","max-image-preview":"max-image-preview:large","max-video-preview":"max-video-preview:-1"},"canonical":"https:\/\/funneltogo.com\/slo\/odgovornost\/","og_locale":"en_US","og_type":"article","og_title":"Odgovornost - funneltogo","og_description":"Odgovornost Z uporabo tega spletnega mesta se uporabnik strinja takole: Be Well d.o.o. je lastnik spletnega mesta in je odgovoren le za lastno vsebino. &nbsp; Informacije, storitve in izdelki, ki se prodajajo ali posredujejo stranki s strani uporabnika, morajo upo\u0161tevati zakonodajo dr\u017eav, v kateri delujejo. Be Well d.o.o. ni avtor, ne prodajalec, ne zalo\u017enik vsbebin, &hellip; Continue reading \"Odgovornost\"","og_url":"https:\/\/funneltogo.com\/slo\/odgovornost\/","og_site_name":"funneltogo","article_modified_time":"2021-09-11T20:30:20+00:00","twitter_card":"summary_large_image","twitter_misc":{"Est. reading time":"1 minute"},"schema":{"@context":"https:\/\/schema.org","@graph":[{"@type":"WebPage","@id":"https:\/\/funneltogo.com\/slo\/odgovornost\/","url":"https:\/\/funneltogo.com\/slo\/odgovornost\/","name":"Odgovornost - funneltogo","isPartOf":{"@id":"https:\/\/funneltogo.com\/slo\/#website"},"datePublished":"2021-09-11T20:30:17+00:00","dateModified":"2021-09-11T20:30:20+00:00","breadcrumb":{"@id":"https:\/\/funneltogo.com\/slo\/odgovornost\/#breadcrumb"},"inLanguage":"en-US","potentialAction":[{"@type":"ReadAction","target":["https:\/\/funneltogo.com\/slo\/odgovornost\/"]}]},{"@type":"BreadcrumbList","@id":"https:\/\/funneltogo.com\/slo\/odgovornost\/#breadcrumb","itemListElement":[{"@type":"ListItem","position":1,"name":"Home","item":"https:\/\/funneltogo.com\/slo\/"},{"@type":"ListItem","position":2,"name":"Odgovornost"}]},{"@type":"WebSite","@id":"https:\/\/funneltogo.com\/slo\/#website","url":"https:\/\/funneltogo.com\/slo\/","name":"funneltogo","description":"Just another WordPress site","potentialAction":[{"@type":"SearchAction","target":{"@type":"EntryPoint","urlTemplate":"https:\/\/funneltogo.com\/slo\/?s={search_term_string}"},"query-input":"required name=search_term_string"}],"inLanguage":"en-US"}]}},"_links":{"self":[{"href":"https:\/\/funneltogo.com\/slo\/wp-json\/wp\/v2\/pages\/87","targetHints":{"allow":["GET"]}}],"collection":[{"href":"https:\/\/funneltogo.com\/slo\/wp-json\/wp\/v2\/pages"}],"about":[{"href":"https:\/\/funneltogo.com\/slo\/wp-json\/wp\/v2\/types\/page"}],"author":[{"embeddable":true,"href":"https:\/\/funneltogo.com\/slo\/wp-json\/wp\/v2\/users\/1"}],"replies":[{"embeddable":true,"href":"https:\/\/funneltogo.com\/slo\/wp-json\/wp\/v2\/comments?post=87"}],"version-history":[{"count":1,"href":"https:\/\/funneltogo.com\/slo\/wp-json\/wp\/v2\/pages\/87\/revisions"}],"predecessor-version":[{"id":113,"href":"https:\/\/funneltogo.com\/slo\/wp-json\/wp\/v2\/pages\/87\/revisions\/113"}],"wp:attachment":[{"href":"https:\/\/funneltogo.com\/slo\/wp-json\/wp\/v2\/media?parent=87"}],"curies":[{"name":"wp","href":"https:\/\/api.w.org\/{rel}","templated":true}]}}