{"id":86,"date":"2021-09-11T20:30:16","date_gmt":"2021-09-11T20:30:16","guid":{"rendered":"https:\/\/funneltogo.com\/slo\/prestavite-v-visjo-brzino\/"},"modified":"2021-12-06T16:15:42","modified_gmt":"2021-12-06T16:15:42","slug":"prestavite-v-visjo-brzino","status":"publish","type":"page","link":"https:\/\/funneltogo.com\/slo\/prestavite-v-visjo-brzino\/","title":{"rendered":"prestavite v vi\u0161jo brzino"},"content":{"rendered":"\n    \n    <section class=\"u-align-left u-clearfix u-section-2\" id=\"sec-debb\">\n      <div class=\"u-clearfix u-sheet u-valign-middle u-sheet-1\">\n        <div class=\"fr-view u-clearfix u-rich-text u-text u-text-1\">\n          <h1 style=\"text-align: left;\">Ste pripravljeni prestaviti va\u0161e podjetje v &nbsp;vi\u0161jo brzino?<\/h1>\n          <p>\n            <br>\n          <\/p>\n          <p>\n            <span class=\"u-text-black\">FunnelToGo je orodje, ki vam nadgradi va\u0161o obstoje\u010do internetno stran in pospe\u0161i spletno prodajo.<\/span>\n          <\/p>\n          <p>\n            <span class=\"u-text-black\" style=\"font-weight: 700;\">Komu je namenjena aplicacija FunnelToGo ?<\/span>\n          <\/p>\n          <ul>\n            <li>\n              <span class=\"u-text-black\">Podjetjem, ki prodajajo razne izdelke (spletne trgovine)<\/span>\n            <\/li>\n            <li>\n              <span class=\"u-text-black\">Avtorjem, predavateljem, trenerjem, svetovalcem, terapevtom, itd.<\/span>\n            <\/li>\n            <li>\n              <span class=\"u-text-black\">Podjetjem, ki se ukvarjajo z marketingom. Zase ali za druge.<\/span>\n            <\/li>\n            <li>\n              <span class=\"u-text-black\">Za mre\u017eni ali posredni marketing (network\/affiliate)<\/span>\n            <\/li>\n            <li>\n              <span class=\"u-text-black\">Podjetjem, ki ponujajo profesionalne storitve (zobozdravstvo, zavarovalni\u0161tvo, razna strokovna dela, itd.<\/span>\n            <\/li>\n          <\/ul>\n          <p>\n            <span class=\"u-text-black\">Aplikacija FunnelToGo je dodana vrednost prakti\u010dno v vsakem poslu. Od masa\u017ee, raznih terapij, vodoin\u0161talaterstva, gradbeni\u0161tva, zavarovalni\u0161tva, zdravstva in naprej.<\/span>\n          <\/p>\n          <p>\n            <span class=\"u-text-black\">Gre za sklop internetnih dodatkov, s katerimi si pove\u010date prihodke in utrdite va\u0161o blagovno znamko.<\/span>\n          <\/p>\n          <p>\n            <span class=\"u-text-black\">\u010ce bi te iste dodatke posamezno ponudili v izdelavo strokovnim programerjem, bi vas zadeva stala najmanj par tiso\u010d evrov.<\/span>\n          <\/p>\n          <p>\n            <span class=\"u-text-black\">Zato smo razvili aplikacijo FunnelToGo. Ve\u010d kakor 8 re\u0161itev za rast podjetja pod eno streho.<\/span>\n          <\/p>\n          <p>\n            <span class=\"u-text-black\" style=\"font-weight: 700;\">Kaj lahko FunnelToGo naredi za vas?<\/span>\n          <\/p>\n          <ul>\n            <li>\n              <span class=\"u-text-black\">Sestava specializirane prodajne strani za va\u0161o storitev ali izdelek<\/span>\n            <\/li>\n            <li>\n              <span class=\"u-text-black\">Sestava prijavne strani za zbiranje emailov<\/span>\n            <\/li>\n            <li>\n              <span class=\"u-text-black\">Izdelava enostavnih ali kompleksnih prodajnih lijakov<\/span>\n            <\/li>\n            <li>\n              <span class=\"u-text-black\">Testiranje, katera od va\u0161ih prodajnih strani se najbolje obnese<\/span>\n            <\/li>\n            <li>\n              <span class=\"u-text-black\">Z vgrajenim email avtomatskim odzivnikom sistemati\u010dno obve\u0161\u010date va\u0161e potencialne stranke o novih izdelkih ali storitvah<\/span>\n            <\/li>\n            <li>\n              <span class=\"u-text-black\">Razli\u010dnim email seznamom, lahko po\u0161ljete ciljane avtomatske emaile<\/span>\n            <\/li>\n            <li>\n              <span class=\"u-text-black\">Z vgrajenim modulom, lahko s par kliki postavite preprosto internetno trgovino<\/span>\n            <\/li>\n            <li>\n              <span class=\"u-text-black\">Izdelava raznih prijavnih obrazcev, ki vsebujejo vnosna polja po va\u0161ih \u017eeljah (ime, priimek, kraj, telefon, www, itd)<\/span>\n            <\/li>\n            <li>\n              <span class=\"u-text-black\">Vse narejeno in medsebojno povezano zelo enostavno vgradite na va\u0161o \u017ee obstoje\u010do internetno stran<\/span>\n            <\/li>\n          <\/ul>\n          <p>\n            <br>\n          <\/p>\n          <p>\n            <span class=\"u-text-black\">Ponujate izdelke ali storitve na tujih trgih. FunnelToGo je ve\u010djezi\u010dni sistem (trenutno ENG\/SLO\/IT), ki ga lahko enostavno in hitro prevedemo v drugi svetovni jezik<\/span>\n          <\/p>\n          <p>\n            <span class=\"u-text-black\">Zgoraj navedene ideje so nujna obveznost internetnega poslovanja. Zamislite si. Imate avtomobil, vozile pa ga le v prvi in ob\u010dasno v drugi brzini. &nbsp;Kaj pa tretja, \u010detrta, itd.?<\/span>\n          <\/p>\n          <p>\n            <span class=\"u-text-black\">Dajte va\u0161emu podjetju tisto kar si zaslu\u017ei. Dovolite mu, da diha s polnimi plju\u010di.<\/span>\n          <\/p>\n        <\/div>\n        <a href=\"https:\/\/funneltogo.com\/slo\/domov\/\" class=\"u-btn u-button-style u-hover-palette-1-dark-1 u-palette-1-base u-btn-1\">domov<\/a>\n        <p class=\"u-align-center u-text u-text-2\"><\/p>\n      <\/div>\n    <\/section>\n    \n    \n    \n    \n  \n","protected":false},"excerpt":{"rendered":"<p>Ste pripravljeni prestaviti va\u0161e podjetje v &nbsp;vi\u0161jo brzino? FunnelToGo je orodje, ki vam nadgradi va\u0161o obstoje\u010do internetno stran in pospe\u0161i spletno prodajo. Komu je namenjena aplicacija FunnelToGo ? Podjetjem, ki prodajajo razne izdelke (spletne trgovine) Avtorjem, predavateljem, trenerjem, svetovalcem, terapevtom, itd. Podjetjem, ki se ukvarjajo z marketingom. Zase ali za druge. Za mre\u017eni ali posredni &hellip; <a href=\"https:\/\/funneltogo.com\/slo\/prestavite-v-visjo-brzino\/\" class=\"more-link\">Continue reading<span class=\"screen-reader-text\"> &#8220;prestavite v vi\u0161jo brzino&#8221;<\/span><\/a><\/p>\n","protected":false},"author":1,"featured_media":0,"parent":0,"menu_order":19,"comment_status":"closed","ping_status":"closed","template":"","meta":{"footnotes":""},"class_list":["post-86","page","type-page","status-publish","hentry"],"yoast_head":"<!-- This site is optimized with the Yoast SEO plugin v19.8 - https:\/\/yoast.com\/wordpress\/plugins\/seo\/ -->\n<title>prestavite v vi\u0161jo brzino - funneltogo<\/title>\n<meta name=\"robots\" content=\"index, follow, max-snippet:-1, max-image-preview:large, max-video-preview:-1\" \/>\n<link rel=\"canonical\" href=\"https:\/\/funneltogo.com\/slo\/prestavite-v-visjo-brzino\/\" \/>\n<meta property=\"og:locale\" content=\"en_US\" \/>\n<meta property=\"og:type\" content=\"article\" \/>\n<meta property=\"og:title\" content=\"prestavite v vi\u0161jo brzino - funneltogo\" \/>\n<meta property=\"og:description\" content=\"Ste pripravljeni prestaviti va\u0161e podjetje v &nbsp;vi\u0161jo brzino? FunnelToGo je orodje, ki vam nadgradi va\u0161o obstoje\u010do internetno stran in pospe\u0161i spletno prodajo. Komu je namenjena aplicacija FunnelToGo ? Podjetjem, ki prodajajo razne izdelke (spletne trgovine) Avtorjem, predavateljem, trenerjem, svetovalcem, terapevtom, itd. Podjetjem, ki se ukvarjajo z marketingom. Zase ali za druge. Za mre\u017eni ali posredni &hellip; Continue reading &quot;prestavite v vi\u0161jo brzino&quot;\" \/>\n<meta property=\"og:url\" content=\"https:\/\/funneltogo.com\/slo\/prestavite-v-visjo-brzino\/\" \/>\n<meta property=\"og:site_name\" content=\"funneltogo\" \/>\n<meta property=\"article:modified_time\" content=\"2021-12-06T16:15:42+00:00\" \/>\n<meta name=\"twitter:card\" content=\"summary_large_image\" \/>\n<meta name=\"twitter:label1\" content=\"Est. reading time\" \/>\n\t<meta name=\"twitter:data1\" content=\"2 minutes\" \/>\n<script type=\"application\/ld+json\" class=\"yoast-schema-graph\">{\"@context\":\"https:\/\/schema.org\",\"@graph\":[{\"@type\":\"WebPage\",\"@id\":\"https:\/\/funneltogo.com\/slo\/prestavite-v-visjo-brzino\/\",\"url\":\"https:\/\/funneltogo.com\/slo\/prestavite-v-visjo-brzino\/\",\"name\":\"prestavite v vi\u0161jo brzino - funneltogo\",\"isPartOf\":{\"@id\":\"https:\/\/funneltogo.com\/slo\/#website\"},\"datePublished\":\"2021-09-11T20:30:16+00:00\",\"dateModified\":\"2021-12-06T16:15:42+00:00\",\"breadcrumb\":{\"@id\":\"https:\/\/funneltogo.com\/slo\/prestavite-v-visjo-brzino\/#breadcrumb\"},\"inLanguage\":\"en-US\",\"potentialAction\":[{\"@type\":\"ReadAction\",\"target\":[\"https:\/\/funneltogo.com\/slo\/prestavite-v-visjo-brzino\/\"]}]},{\"@type\":\"BreadcrumbList\",\"@id\":\"https:\/\/funneltogo.com\/slo\/prestavite-v-visjo-brzino\/#breadcrumb\",\"itemListElement\":[{\"@type\":\"ListItem\",\"position\":1,\"name\":\"Home\",\"item\":\"https:\/\/funneltogo.com\/slo\/\"},{\"@type\":\"ListItem\",\"position\":2,\"name\":\"prestavite v vi\u0161jo brzino\"}]},{\"@type\":\"WebSite\",\"@id\":\"https:\/\/funneltogo.com\/slo\/#website\",\"url\":\"https:\/\/funneltogo.com\/slo\/\",\"name\":\"funneltogo\",\"description\":\"Just another WordPress site\",\"potentialAction\":[{\"@type\":\"SearchAction\",\"target\":{\"@type\":\"EntryPoint\",\"urlTemplate\":\"https:\/\/funneltogo.com\/slo\/?s={search_term_string}\"},\"query-input\":\"required name=search_term_string\"}],\"inLanguage\":\"en-US\"}]}<\/script>\n<!-- \/ Yoast SEO plugin. -->","yoast_head_json":{"title":"prestavite v vi\u0161jo brzino - funneltogo","robots":{"index":"index","follow":"follow","max-snippet":"max-snippet:-1","max-image-preview":"max-image-preview:large","max-video-preview":"max-video-preview:-1"},"canonical":"https:\/\/funneltogo.com\/slo\/prestavite-v-visjo-brzino\/","og_locale":"en_US","og_type":"article","og_title":"prestavite v vi\u0161jo brzino - funneltogo","og_description":"Ste pripravljeni prestaviti va\u0161e podjetje v &nbsp;vi\u0161jo brzino? FunnelToGo je orodje, ki vam nadgradi va\u0161o obstoje\u010do internetno stran in pospe\u0161i spletno prodajo. Komu je namenjena aplicacija FunnelToGo ? Podjetjem, ki prodajajo razne izdelke (spletne trgovine) Avtorjem, predavateljem, trenerjem, svetovalcem, terapevtom, itd. Podjetjem, ki se ukvarjajo z marketingom. Zase ali za druge. Za mre\u017eni ali posredni &hellip; Continue reading \"prestavite v vi\u0161jo brzino\"","og_url":"https:\/\/funneltogo.com\/slo\/prestavite-v-visjo-brzino\/","og_site_name":"funneltogo","article_modified_time":"2021-12-06T16:15:42+00:00","twitter_card":"summary_large_image","twitter_misc":{"Est. reading time":"2 minutes"},"schema":{"@context":"https:\/\/schema.org","@graph":[{"@type":"WebPage","@id":"https:\/\/funneltogo.com\/slo\/prestavite-v-visjo-brzino\/","url":"https:\/\/funneltogo.com\/slo\/prestavite-v-visjo-brzino\/","name":"prestavite v vi\u0161jo brzino - funneltogo","isPartOf":{"@id":"https:\/\/funneltogo.com\/slo\/#website"},"datePublished":"2021-09-11T20:30:16+00:00","dateModified":"2021-12-06T16:15:42+00:00","breadcrumb":{"@id":"https:\/\/funneltogo.com\/slo\/prestavite-v-visjo-brzino\/#breadcrumb"},"inLanguage":"en-US","potentialAction":[{"@type":"ReadAction","target":["https:\/\/funneltogo.com\/slo\/prestavite-v-visjo-brzino\/"]}]},{"@type":"BreadcrumbList","@id":"https:\/\/funneltogo.com\/slo\/prestavite-v-visjo-brzino\/#breadcrumb","itemListElement":[{"@type":"ListItem","position":1,"name":"Home","item":"https:\/\/funneltogo.com\/slo\/"},{"@type":"ListItem","position":2,"name":"prestavite v vi\u0161jo brzino"}]},{"@type":"WebSite","@id":"https:\/\/funneltogo.com\/slo\/#website","url":"https:\/\/funneltogo.com\/slo\/","name":"funneltogo","description":"Just another WordPress site","potentialAction":[{"@type":"SearchAction","target":{"@type":"EntryPoint","urlTemplate":"https:\/\/funneltogo.com\/slo\/?s={search_term_string}"},"query-input":"required name=search_term_string"}],"inLanguage":"en-US"}]}},"_links":{"self":[{"href":"https:\/\/funneltogo.com\/slo\/wp-json\/wp\/v2\/pages\/86","targetHints":{"allow":["GET"]}}],"collection":[{"href":"https:\/\/funneltogo.com\/slo\/wp-json\/wp\/v2\/pages"}],"about":[{"href":"https:\/\/funneltogo.com\/slo\/wp-json\/wp\/v2\/types\/page"}],"author":[{"embeddable":true,"href":"https:\/\/funneltogo.com\/slo\/wp-json\/wp\/v2\/users\/1"}],"replies":[{"embeddable":true,"href":"https:\/\/funneltogo.com\/slo\/wp-json\/wp\/v2\/comments?post=86"}],"version-history":[{"count":6,"href":"https:\/\/funneltogo.com\/slo\/wp-json\/wp\/v2\/pages\/86\/revisions"}],"predecessor-version":[{"id":320,"href":"https:\/\/funneltogo.com\/slo\/wp-json\/wp\/v2\/pages\/86\/revisions\/320"}],"wp:attachment":[{"href":"https:\/\/funneltogo.com\/slo\/wp-json\/wp\/v2\/media?parent=86"}],"curies":[{"name":"wp","href":"https:\/\/api.w.org\/{rel}","templated":true}]}}