{"id":84,"date":"2021-09-11T20:30:14","date_gmt":"2021-09-11T20:30:14","guid":{"rendered":"https:\/\/funneltogo.com\/slo\/prodajni-modul-s-kosarico\/"},"modified":"2021-11-10T11:15:56","modified_gmt":"2021-11-10T11:15:56","slug":"prodajni-modul-s-kosarico","status":"publish","type":"page","link":"https:\/\/funneltogo.com\/slo\/prodajni-modul-s-kosarico\/","title":{"rendered":"prodajni modul s ko\u0161arico"},"content":{"rendered":"\n    \n    <section class=\"u-align-left u-clearfix u-section-2\" id=\"sec-6bcc\">\n      <div class=\"u-clearfix u-sheet u-sheet-1\">\n        <div class=\"fr-view u-clearfix u-rich-text u-text u-text-1\">\n          <h1 style=\"text-align: left;\">Prodajni modul s ko\u0161arico<\/h1>\n          <p>\n            <span class=\"u-text-black\" style=\"font-size: 1.125rem;\">Da bo prodaja na va\u0161i internetni strani \u010dim bolj gladko tekla, smo v funneltogo aplikaciji dodali prodajni modul s ko\u0161arico. Zadeva pride prav, ko \u017eelite na va\u0161i internetni strani prodati izdelek ali storitev, brez in\u0161talacij prevelikih sistemov za internetno trgovino.<\/span>\n          <\/p>\n          <p>\n            <span style=\"font-size: 1.125rem;\">\n              <span class=\"u-text-black\">V delovnem okolju postavite \u0161tevilo modulov, ki jih potrebujete (\u0161tevilo ni omejeno). Dodate na\u010din pla\u010dila, dostave. Izdelate prijavnico in zadeva je kon\u010dana. Stranka ob naro\u010dilu dobi na svoj email podatke o naro\u010dilu skupaj s slikami izdelkov in kon\u010dnim zneskom.<\/span>\n            <\/span>\n          <\/p>\n          <p>\n            <span style=\"font-size: 1.125rem;\">\n              <span class=\"u-text-black\">Sestavljeno ponudbo skupaj z vsemi prodajnimi moduli prenesete na va\u0161o obstoje\u010do internetno stran s funkcijo Iframe.<\/span>\n            <\/span>\n          <\/p>\n          <p>\n            <span style=\"font-size: 1.125rem;\">\n              <span class=\"u-text-black\">Modul lahko uporabite tudi kakor tako imenovani upsell. Imate \u017ee obstoje\u010do ponudbo in na koncu va\u0161e ponudbe dodate modul s kak\u0161no malenkostjo, ko jo stranka med naro\u010danjem doda. Take dodatne ponudbe, lahko pove\u010dajo va\u0161o prodajo tudi do 30%.<\/span>\n            <\/span>\n          <\/p>\n          <p>\n            <span style=\"font-size: 1.125rem;\">\n              <span class=\"u-text-black\">Spodaj je delujo\u010di model mini trgovine. Dodajte artikel v ko\u0161arico, izberite na\u010din pla\u010dila in dostave ter izpolnite obrazec. Na va\u0161 email boste prejeli lepo sestavljeno naro\u010dilo s slikami in kompletnim izra\u010dunom.<\/span>\n            <\/span>\n          <\/p>\n          <p>\n            <span class=\"u-text-black\" style=\"font-size: 1.125rem;\">To je le DEMO prikaz. NI nakup ali naro\u010dilo.<\/span>\n          <\/p>\n        <\/div>\n        <p class=\"u-align-center u-text u-text-custom-color-1 u-text-2\">Spodnja trgovina je le prikaz delovanja trgovine. Ni nakup in ne po\u0161iljamo izdelkov.<\/p>\n      <\/div>\n    <\/section>\n    <section class=\"u-clearfix u-section-3\" id=\"sec-58dc\">\n      <div class=\"u-clearfix u-sheet u-sheet-1\">\n        <div class=\"u-clearfix u-custom-html u-expanded-width u-custom-html-1\">\n          <iframe id=\"fun-iframe\" src=\"https:\/\/www.funneltogo.com\/custom\/109\/trgovina-cevlji.php\" style=\"border:0;width:100%;height:100%\"><\/iframe>\n          <script src=\"https:\/\/www.funneltogo.com\/js\/iframeResizer.min.js\"><\/script>\n          <script>iFrameResize({heightCalculationMethod: \"lowestElement\",initCallback: function(){window.scrollTo(0, 0);}});<\/script>\n        <\/div>\n      <\/div>\n    <\/section>\n    <section class=\"u-clearfix u-section-4\" id=\"sec-c397\">\n      <div class=\"u-clearfix u-sheet u-sheet-1\">\n        <p class=\"u-text u-text-1\">\n          <a href=\"https:\/\/funneltogo.com\/slo\/uporabite-i-frame-funkcijo\/\" class=\"u-active-none u-border-none u-btn u-button-link u-button-style u-hover-none u-none u-text-palette-1-base u-btn-1\">Uporabite I-Frame funkcijo<\/a>\n        <\/p>\n        <p class=\"u-text u-text-2\">\n          <a href=\"https:\/\/funneltogo.com\/slo\/email-marketing\/\" class=\"u-active-none u-border-none u-btn u-button-link u-button-style u-hover-none u-none u-text-palette-1-base u-btn-2\">Email marketing<\/a>\n        <\/p>\n      <\/div>\n    <\/section>\n    <section class=\"u-align-center u-clearfix u-section-5\" id=\"sec-f2d3\">\n      <div class=\"u-clearfix u-sheet u-valign-middle u-sheet-1\">\n        <p class=\"u-align-left u-text u-text-black u-text-1\">Na spodnji sliki imate ve\u010d razli\u010dnih oblik prodajnega modula. Lahko je vodoraven, navpi\u010den. Ena ali ve\u010d slik. Vsaki modul ima sliko, opis in ceno ter gumb za nakup. Sistem sam prera\u010dunava. Stranka lahko v ko\u0161arici kak\u0161en izdelek odstrani ali pa spremeni koli\u010dino.<\/p>\n        <div class=\"u-expanded-width u-gallery u-layout-grid u-lightbox u-show-text-always u-gallery-1\">\n          <div class=\"u-gallery-inner u-gallery-inner-1\">\n            <div class=\"u-gallery-item\">\n              <div class=\"u-back-slide\" data-image-width=\"1211\" data-image-height=\"1267\">\n                <img decoding=\"async\" class=\"u-back-image u-expanded u-image-contain\" src=\"https:\/\/funneltogo.com\/slo\/wp-content\/uploads\/2021\/09\/Raznepostavitveprodajnihmodulov.png\" alt=\"Razli\u010dne funkcije in postavitve prodajnega modula\">\n              <\/div>\n              <div class=\"u-over-slide u-shading u-over-slide-1\">\n                <h3 class=\"u-gallery-heading\">Razli\u010dne funkcije in postavitve prodajnega modula<\/h3>\n                <p class=\"u-gallery-text\"><\/p>\n              <\/div>\n            <\/div>\n          <\/div>\n        <\/div>\n      <\/div>\n    <\/section>\n    \n    \n    \n    \n  \n","protected":false},"excerpt":{"rendered":"<p>Prodajni modul s ko\u0161arico Da bo prodaja na va\u0161i internetni strani \u010dim bolj gladko tekla, smo v funneltogo aplikaciji dodali prodajni modul s ko\u0161arico. Zadeva pride prav, ko \u017eelite na va\u0161i internetni strani prodati izdelek ali storitev, brez in\u0161talacij prevelikih sistemov za internetno trgovino. V delovnem okolju postavite \u0161tevilo modulov, ki jih potrebujete (\u0161tevilo ni &hellip; <a href=\"https:\/\/funneltogo.com\/slo\/prodajni-modul-s-kosarico\/\" class=\"more-link\">Continue reading<span class=\"screen-reader-text\"> &#8220;prodajni modul s ko\u0161arico&#8221;<\/span><\/a><\/p>\n","protected":false},"author":1,"featured_media":0,"parent":0,"menu_order":17,"comment_status":"closed","ping_status":"closed","template":"","meta":{"footnotes":""},"class_list":["post-84","page","type-page","status-publish","hentry"],"yoast_head":"<!-- This site is optimized with the Yoast SEO plugin v19.8 - https:\/\/yoast.com\/wordpress\/plugins\/seo\/ -->\n<title>prodajni modul s ko\u0161arico - funneltogo<\/title>\n<meta name=\"robots\" content=\"index, follow, max-snippet:-1, max-image-preview:large, max-video-preview:-1\" \/>\n<link rel=\"canonical\" href=\"https:\/\/funneltogo.com\/slo\/prodajni-modul-s-kosarico\/\" \/>\n<meta property=\"og:locale\" content=\"en_US\" \/>\n<meta property=\"og:type\" content=\"article\" \/>\n<meta property=\"og:title\" content=\"prodajni modul s ko\u0161arico - funneltogo\" \/>\n<meta property=\"og:description\" content=\"Prodajni modul s ko\u0161arico Da bo prodaja na va\u0161i internetni strani \u010dim bolj gladko tekla, smo v funneltogo aplikaciji dodali prodajni modul s ko\u0161arico. Zadeva pride prav, ko \u017eelite na va\u0161i internetni strani prodati izdelek ali storitev, brez in\u0161talacij prevelikih sistemov za internetno trgovino. V delovnem okolju postavite \u0161tevilo modulov, ki jih potrebujete (\u0161tevilo ni &hellip; Continue reading &quot;prodajni modul s ko\u0161arico&quot;\" \/>\n<meta property=\"og:url\" content=\"https:\/\/funneltogo.com\/slo\/prodajni-modul-s-kosarico\/\" \/>\n<meta property=\"og:site_name\" content=\"funneltogo\" \/>\n<meta property=\"article:modified_time\" content=\"2021-11-10T11:15:56+00:00\" \/>\n<meta name=\"twitter:card\" content=\"summary_large_image\" \/>\n<meta name=\"twitter:label1\" content=\"Est. reading time\" \/>\n\t<meta name=\"twitter:data1\" content=\"1 minute\" \/>\n<script type=\"application\/ld+json\" class=\"yoast-schema-graph\">{\"@context\":\"https:\/\/schema.org\",\"@graph\":[{\"@type\":\"WebPage\",\"@id\":\"https:\/\/funneltogo.com\/slo\/prodajni-modul-s-kosarico\/\",\"url\":\"https:\/\/funneltogo.com\/slo\/prodajni-modul-s-kosarico\/\",\"name\":\"prodajni modul s ko\u0161arico - funneltogo\",\"isPartOf\":{\"@id\":\"https:\/\/funneltogo.com\/slo\/#website\"},\"datePublished\":\"2021-09-11T20:30:14+00:00\",\"dateModified\":\"2021-11-10T11:15:56+00:00\",\"breadcrumb\":{\"@id\":\"https:\/\/funneltogo.com\/slo\/prodajni-modul-s-kosarico\/#breadcrumb\"},\"inLanguage\":\"en-US\",\"potentialAction\":[{\"@type\":\"ReadAction\",\"target\":[\"https:\/\/funneltogo.com\/slo\/prodajni-modul-s-kosarico\/\"]}]},{\"@type\":\"BreadcrumbList\",\"@id\":\"https:\/\/funneltogo.com\/slo\/prodajni-modul-s-kosarico\/#breadcrumb\",\"itemListElement\":[{\"@type\":\"ListItem\",\"position\":1,\"name\":\"Home\",\"item\":\"https:\/\/funneltogo.com\/slo\/\"},{\"@type\":\"ListItem\",\"position\":2,\"name\":\"prodajni modul s ko\u0161arico\"}]},{\"@type\":\"WebSite\",\"@id\":\"https:\/\/funneltogo.com\/slo\/#website\",\"url\":\"https:\/\/funneltogo.com\/slo\/\",\"name\":\"funneltogo\",\"description\":\"Just another WordPress site\",\"potentialAction\":[{\"@type\":\"SearchAction\",\"target\":{\"@type\":\"EntryPoint\",\"urlTemplate\":\"https:\/\/funneltogo.com\/slo\/?s={search_term_string}\"},\"query-input\":\"required name=search_term_string\"}],\"inLanguage\":\"en-US\"}]}<\/script>\n<!-- \/ Yoast SEO plugin. -->","yoast_head_json":{"title":"prodajni modul s ko\u0161arico - funneltogo","robots":{"index":"index","follow":"follow","max-snippet":"max-snippet:-1","max-image-preview":"max-image-preview:large","max-video-preview":"max-video-preview:-1"},"canonical":"https:\/\/funneltogo.com\/slo\/prodajni-modul-s-kosarico\/","og_locale":"en_US","og_type":"article","og_title":"prodajni modul s ko\u0161arico - funneltogo","og_description":"Prodajni modul s ko\u0161arico Da bo prodaja na va\u0161i internetni strani \u010dim bolj gladko tekla, smo v funneltogo aplikaciji dodali prodajni modul s ko\u0161arico. Zadeva pride prav, ko \u017eelite na va\u0161i internetni strani prodati izdelek ali storitev, brez in\u0161talacij prevelikih sistemov za internetno trgovino. V delovnem okolju postavite \u0161tevilo modulov, ki jih potrebujete (\u0161tevilo ni &hellip; Continue reading \"prodajni modul s ko\u0161arico\"","og_url":"https:\/\/funneltogo.com\/slo\/prodajni-modul-s-kosarico\/","og_site_name":"funneltogo","article_modified_time":"2021-11-10T11:15:56+00:00","twitter_card":"summary_large_image","twitter_misc":{"Est. reading time":"1 minute"},"schema":{"@context":"https:\/\/schema.org","@graph":[{"@type":"WebPage","@id":"https:\/\/funneltogo.com\/slo\/prodajni-modul-s-kosarico\/","url":"https:\/\/funneltogo.com\/slo\/prodajni-modul-s-kosarico\/","name":"prodajni modul s ko\u0161arico - funneltogo","isPartOf":{"@id":"https:\/\/funneltogo.com\/slo\/#website"},"datePublished":"2021-09-11T20:30:14+00:00","dateModified":"2021-11-10T11:15:56+00:00","breadcrumb":{"@id":"https:\/\/funneltogo.com\/slo\/prodajni-modul-s-kosarico\/#breadcrumb"},"inLanguage":"en-US","potentialAction":[{"@type":"ReadAction","target":["https:\/\/funneltogo.com\/slo\/prodajni-modul-s-kosarico\/"]}]},{"@type":"BreadcrumbList","@id":"https:\/\/funneltogo.com\/slo\/prodajni-modul-s-kosarico\/#breadcrumb","itemListElement":[{"@type":"ListItem","position":1,"name":"Home","item":"https:\/\/funneltogo.com\/slo\/"},{"@type":"ListItem","position":2,"name":"prodajni modul s ko\u0161arico"}]},{"@type":"WebSite","@id":"https:\/\/funneltogo.com\/slo\/#website","url":"https:\/\/funneltogo.com\/slo\/","name":"funneltogo","description":"Just another WordPress site","potentialAction":[{"@type":"SearchAction","target":{"@type":"EntryPoint","urlTemplate":"https:\/\/funneltogo.com\/slo\/?s={search_term_string}"},"query-input":"required name=search_term_string"}],"inLanguage":"en-US"}]}},"_links":{"self":[{"href":"https:\/\/funneltogo.com\/slo\/wp-json\/wp\/v2\/pages\/84","targetHints":{"allow":["GET"]}}],"collection":[{"href":"https:\/\/funneltogo.com\/slo\/wp-json\/wp\/v2\/pages"}],"about":[{"href":"https:\/\/funneltogo.com\/slo\/wp-json\/wp\/v2\/types\/page"}],"author":[{"embeddable":true,"href":"https:\/\/funneltogo.com\/slo\/wp-json\/wp\/v2\/users\/1"}],"replies":[{"embeddable":true,"href":"https:\/\/funneltogo.com\/slo\/wp-json\/wp\/v2\/comments?post=84"}],"version-history":[{"count":4,"href":"https:\/\/funneltogo.com\/slo\/wp-json\/wp\/v2\/pages\/84\/revisions"}],"predecessor-version":[{"id":297,"href":"https:\/\/funneltogo.com\/slo\/wp-json\/wp\/v2\/pages\/84\/revisions\/297"}],"wp:attachment":[{"href":"https:\/\/funneltogo.com\/slo\/wp-json\/wp\/v2\/media?parent=84"}],"curies":[{"name":"wp","href":"https:\/\/api.w.org\/{rel}","templated":true}]}}