{"id":81,"date":"2021-09-11T20:30:11","date_gmt":"2021-09-11T20:30:11","guid":{"rendered":"https:\/\/funneltogo.com\/slo\/vecjezicna-ponudba\/"},"modified":"2021-11-10T11:18:08","modified_gmt":"2021-11-10T11:18:08","slug":"vecjezicna-ponudba","status":"publish","type":"page","link":"https:\/\/funneltogo.com\/slo\/vecjezicna-ponudba\/","title":{"rendered":"ve\u010djezi\u010dna ponudba"},"content":{"rendered":"\n    \n    <section class=\"u-align-left u-clearfix u-section-2\" id=\"sec-fec8\">\n      <div class=\"u-clearfix u-sheet u-sheet-1\">\n        <div class=\"fr-view u-clearfix u-rich-text u-text u-text-1\">\n          <h1 style=\"text-align: left;\">Ve\u010djezi\u010dnost funnel2go aplikacije<\/h1>\n          <p>\n            <span class=\"u-text-black\" style=\"font-size: 1.125rem;\">Aplikacijo funneltogo smo v osnovi za\u010deli kakor ve\u010djezi\u010dno platformo. Te\u017eava raznih tujih platform je v tem, da ne omogo\u010dajo ve\u010djezi\u010dnosti. Mogo\u010de lahko ponudbo nekako poslovenimo, vendar nato na\u0161a stranka dobi email, ki je pol angle\u0161ki in pol slovenski. Zaenkrat je funkcionalnost kompletne platforme v Slovenskem, Angle\u0161kem in Italijanskem jeziku. Je pa platforma zasnovana tako, da lahko prakti\u010dno v uri ali dveh dodamo bilo kateri svetovni jezik.<\/span>\n          <\/p>\n          <p>\n            <span class=\"u-text-black\" style=\"font-size: 1.125rem;\">Na spodnji sliki je videti interni prevajalnik platforme funneltogo.<\/span>\n          <\/p>\n        <\/div>\n        <img decoding=\"async\" class=\"u-image u-image-default u-image-1\" src=\"https:\/\/funneltogo.com\/slo\/wp-content\/uploads\/2021\/09\/prevodi2.png\" alt=\"\" data-image-width=\"865\" data-image-height=\"714\">\n        <p class=\"u-text u-text-2\">\n          <a href=\"https:\/\/funneltogo.com\/slo\/nadgradite-vas-online-posel\/\" class=\"u-active-none u-border-none u-btn u-button-link u-button-style u-hover-none u-none u-text-palette-1-base u-btn-1\">Nadgradite va\u0161 online posel<\/a>\n        <\/p>\n        <p class=\"u-text u-text-3\">\n          <a href=\"https:\/\/funneltogo.com\/slo\/ab-testiranje-vase-ponudbe\/\" class=\"u-active-none u-border-none u-btn u-button-link u-button-style u-hover-none u-none u-text-palette-1-base u-btn-2\">AB testiranje va\u0161e ponudbe<\/a>\n        <\/p>\n        <p class=\"u-text u-text-4\">\n          <a href=\"https:\/\/funneltogo.com\/slo\/email-marketing\/\" class=\"u-active-none u-border-none u-btn u-button-link u-button-style u-hover-none u-none u-text-palette-1-base u-btn-3\">Email marketing<\/a>\n        <\/p>\n      <\/div>\n    <\/section>\n    \n    \n    \n    \n  \n","protected":false},"excerpt":{"rendered":"<p>Ve\u010djezi\u010dnost funnel2go aplikacije Aplikacijo funneltogo smo v osnovi za\u010deli kakor ve\u010djezi\u010dno platformo. Te\u017eava raznih tujih platform je v tem, da ne omogo\u010dajo ve\u010djezi\u010dnosti. Mogo\u010de lahko ponudbo nekako poslovenimo, vendar nato na\u0161a stranka dobi email, ki je pol angle\u0161ki in pol slovenski. Zaenkrat je funkcionalnost kompletne platforme v Slovenskem, Angle\u0161kem in Italijanskem jeziku. Je pa platforma &hellip; <a href=\"https:\/\/funneltogo.com\/slo\/vecjezicna-ponudba\/\" class=\"more-link\">Continue reading<span class=\"screen-reader-text\"> &#8220;ve\u010djezi\u010dna ponudba&#8221;<\/span><\/a><\/p>\n","protected":false},"author":1,"featured_media":0,"parent":0,"menu_order":14,"comment_status":"closed","ping_status":"closed","template":"","meta":{"footnotes":""},"class_list":["post-81","page","type-page","status-publish","hentry"],"yoast_head":"<!-- This site is optimized with the Yoast SEO plugin v19.8 - https:\/\/yoast.com\/wordpress\/plugins\/seo\/ -->\n<title>ve\u010djezi\u010dna ponudba - funneltogo<\/title>\n<meta name=\"robots\" content=\"index, follow, max-snippet:-1, max-image-preview:large, max-video-preview:-1\" \/>\n<link rel=\"canonical\" href=\"https:\/\/funneltogo.com\/slo\/vecjezicna-ponudba\/\" \/>\n<meta property=\"og:locale\" content=\"en_US\" \/>\n<meta property=\"og:type\" content=\"article\" \/>\n<meta property=\"og:title\" content=\"ve\u010djezi\u010dna ponudba - funneltogo\" \/>\n<meta property=\"og:description\" content=\"Ve\u010djezi\u010dnost funnel2go aplikacije Aplikacijo funneltogo smo v osnovi za\u010deli kakor ve\u010djezi\u010dno platformo. Te\u017eava raznih tujih platform je v tem, da ne omogo\u010dajo ve\u010djezi\u010dnosti. Mogo\u010de lahko ponudbo nekako poslovenimo, vendar nato na\u0161a stranka dobi email, ki je pol angle\u0161ki in pol slovenski. Zaenkrat je funkcionalnost kompletne platforme v Slovenskem, Angle\u0161kem in Italijanskem jeziku. Je pa platforma &hellip; Continue reading &quot;ve\u010djezi\u010dna ponudba&quot;\" \/>\n<meta property=\"og:url\" content=\"https:\/\/funneltogo.com\/slo\/vecjezicna-ponudba\/\" \/>\n<meta property=\"og:site_name\" content=\"funneltogo\" \/>\n<meta property=\"article:modified_time\" content=\"2021-11-10T11:18:08+00:00\" \/>\n<meta name=\"twitter:card\" content=\"summary_large_image\" \/>\n<meta name=\"twitter:label1\" content=\"Est. reading time\" \/>\n\t<meta name=\"twitter:data1\" content=\"1 minute\" \/>\n<script type=\"application\/ld+json\" class=\"yoast-schema-graph\">{\"@context\":\"https:\/\/schema.org\",\"@graph\":[{\"@type\":\"WebPage\",\"@id\":\"https:\/\/funneltogo.com\/slo\/vecjezicna-ponudba\/\",\"url\":\"https:\/\/funneltogo.com\/slo\/vecjezicna-ponudba\/\",\"name\":\"ve\u010djezi\u010dna ponudba - funneltogo\",\"isPartOf\":{\"@id\":\"https:\/\/funneltogo.com\/slo\/#website\"},\"datePublished\":\"2021-09-11T20:30:11+00:00\",\"dateModified\":\"2021-11-10T11:18:08+00:00\",\"breadcrumb\":{\"@id\":\"https:\/\/funneltogo.com\/slo\/vecjezicna-ponudba\/#breadcrumb\"},\"inLanguage\":\"en-US\",\"potentialAction\":[{\"@type\":\"ReadAction\",\"target\":[\"https:\/\/funneltogo.com\/slo\/vecjezicna-ponudba\/\"]}]},{\"@type\":\"BreadcrumbList\",\"@id\":\"https:\/\/funneltogo.com\/slo\/vecjezicna-ponudba\/#breadcrumb\",\"itemListElement\":[{\"@type\":\"ListItem\",\"position\":1,\"name\":\"Home\",\"item\":\"https:\/\/funneltogo.com\/slo\/\"},{\"@type\":\"ListItem\",\"position\":2,\"name\":\"ve\u010djezi\u010dna ponudba\"}]},{\"@type\":\"WebSite\",\"@id\":\"https:\/\/funneltogo.com\/slo\/#website\",\"url\":\"https:\/\/funneltogo.com\/slo\/\",\"name\":\"funneltogo\",\"description\":\"Just another WordPress site\",\"potentialAction\":[{\"@type\":\"SearchAction\",\"target\":{\"@type\":\"EntryPoint\",\"urlTemplate\":\"https:\/\/funneltogo.com\/slo\/?s={search_term_string}\"},\"query-input\":\"required name=search_term_string\"}],\"inLanguage\":\"en-US\"}]}<\/script>\n<!-- \/ Yoast SEO plugin. -->","yoast_head_json":{"title":"ve\u010djezi\u010dna ponudba - funneltogo","robots":{"index":"index","follow":"follow","max-snippet":"max-snippet:-1","max-image-preview":"max-image-preview:large","max-video-preview":"max-video-preview:-1"},"canonical":"https:\/\/funneltogo.com\/slo\/vecjezicna-ponudba\/","og_locale":"en_US","og_type":"article","og_title":"ve\u010djezi\u010dna ponudba - funneltogo","og_description":"Ve\u010djezi\u010dnost funnel2go aplikacije Aplikacijo funneltogo smo v osnovi za\u010deli kakor ve\u010djezi\u010dno platformo. Te\u017eava raznih tujih platform je v tem, da ne omogo\u010dajo ve\u010djezi\u010dnosti. Mogo\u010de lahko ponudbo nekako poslovenimo, vendar nato na\u0161a stranka dobi email, ki je pol angle\u0161ki in pol slovenski. Zaenkrat je funkcionalnost kompletne platforme v Slovenskem, Angle\u0161kem in Italijanskem jeziku. Je pa platforma &hellip; Continue reading \"ve\u010djezi\u010dna ponudba\"","og_url":"https:\/\/funneltogo.com\/slo\/vecjezicna-ponudba\/","og_site_name":"funneltogo","article_modified_time":"2021-11-10T11:18:08+00:00","twitter_card":"summary_large_image","twitter_misc":{"Est. reading time":"1 minute"},"schema":{"@context":"https:\/\/schema.org","@graph":[{"@type":"WebPage","@id":"https:\/\/funneltogo.com\/slo\/vecjezicna-ponudba\/","url":"https:\/\/funneltogo.com\/slo\/vecjezicna-ponudba\/","name":"ve\u010djezi\u010dna ponudba - funneltogo","isPartOf":{"@id":"https:\/\/funneltogo.com\/slo\/#website"},"datePublished":"2021-09-11T20:30:11+00:00","dateModified":"2021-11-10T11:18:08+00:00","breadcrumb":{"@id":"https:\/\/funneltogo.com\/slo\/vecjezicna-ponudba\/#breadcrumb"},"inLanguage":"en-US","potentialAction":[{"@type":"ReadAction","target":["https:\/\/funneltogo.com\/slo\/vecjezicna-ponudba\/"]}]},{"@type":"BreadcrumbList","@id":"https:\/\/funneltogo.com\/slo\/vecjezicna-ponudba\/#breadcrumb","itemListElement":[{"@type":"ListItem","position":1,"name":"Home","item":"https:\/\/funneltogo.com\/slo\/"},{"@type":"ListItem","position":2,"name":"ve\u010djezi\u010dna ponudba"}]},{"@type":"WebSite","@id":"https:\/\/funneltogo.com\/slo\/#website","url":"https:\/\/funneltogo.com\/slo\/","name":"funneltogo","description":"Just another WordPress site","potentialAction":[{"@type":"SearchAction","target":{"@type":"EntryPoint","urlTemplate":"https:\/\/funneltogo.com\/slo\/?s={search_term_string}"},"query-input":"required name=search_term_string"}],"inLanguage":"en-US"}]}},"_links":{"self":[{"href":"https:\/\/funneltogo.com\/slo\/wp-json\/wp\/v2\/pages\/81","targetHints":{"allow":["GET"]}}],"collection":[{"href":"https:\/\/funneltogo.com\/slo\/wp-json\/wp\/v2\/pages"}],"about":[{"href":"https:\/\/funneltogo.com\/slo\/wp-json\/wp\/v2\/types\/page"}],"author":[{"embeddable":true,"href":"https:\/\/funneltogo.com\/slo\/wp-json\/wp\/v2\/users\/1"}],"replies":[{"embeddable":true,"href":"https:\/\/funneltogo.com\/slo\/wp-json\/wp\/v2\/comments?post=81"}],"version-history":[{"count":2,"href":"https:\/\/funneltogo.com\/slo\/wp-json\/wp\/v2\/pages\/81\/revisions"}],"predecessor-version":[{"id":300,"href":"https:\/\/funneltogo.com\/slo\/wp-json\/wp\/v2\/pages\/81\/revisions\/300"}],"wp:attachment":[{"href":"https:\/\/funneltogo.com\/slo\/wp-json\/wp\/v2\/media?parent=81"}],"curies":[{"name":"wp","href":"https:\/\/api.w.org\/{rel}","templated":true}]}}