{"id":79,"date":"2021-09-11T20:30:09","date_gmt":"2021-09-11T20:30:09","guid":{"rendered":"https:\/\/funneltogo.com\/slo\/email-marketing\/"},"modified":"2021-11-10T12:11:11","modified_gmt":"2021-11-10T12:11:11","slug":"email-marketing","status":"publish","type":"page","link":"https:\/\/funneltogo.com\/slo\/email-marketing\/","title":{"rendered":"email marketing"},"content":{"rendered":"\n    \n    <section class=\"u-clearfix u-section-2\" id=\"sec-1860\">\n      <div class=\"u-clearfix u-sheet u-sheet-1\">\n        <h1 class=\"u-text u-text-1\"> Email marketing - Kaj je to in kako deluje?<\/h1>\n        <img decoding=\"async\" class=\"u-expanded-width u-image u-image-default u-image-1\" src=\"https:\/\/funneltogo.com\/slo\/wp-content\/uploads\/2021\/09\/Emailmarketing.png\" alt=\"email marketing\" data-image-width=\"700\" data-image-height=\"200\">\n      <\/div>\n    <\/section>\n    <section class=\"u-align-left u-clearfix u-section-3\" id=\"sec-3b33\">\n      <div class=\"u-clearfix u-sheet u-sheet-1\">\n        <div class=\"fr-view u-clearfix u-rich-text u-text u-text-1\">\n          <p>Email marketing je in bo \u0161e vedno <span style=\"text-decoration: underline;\">eden najbolj\u0161ih in najcenej\u0161ih oblik marketinga va\u0161ega podjetja<\/span>. Na \u017ealost, ne samo v Sloveniji, tudi v tujini ve\u010dina podjetnikov zanemarja email marketing.&nbsp;\n          <\/p>\n          <p>Poglejmo, kaj se dogaja pri klasi\u010dnem marketingu. Podjetje se odlo\u010di za dolo\u010den bud\u017eet in za\u010dne ogla\u0161evati z namenom, da \u010dim ve\u010d strank pripelje na svojo internetno stran. Tukaj so nameni lahko razli\u010dni. Lahko gradimo blagovno znamko ali pa \u017eelimo le \u010dim ve\u010d prodati. Vlo\u017eili smo veliko denarja in kaj se dogaja? Nekaj malega se sicer proda, ampak ve\u010dina obiskovalcev na\u0161e internetne strani odide, brez kakr\u0161nekoli akcije. &nbsp;&nbsp;<\/p>\n          <p>Recimo, da je 5% obiskovalcev kupilo na\u0161 izdelek. Kaj pa ostalih 95 % obiskovalcev. Pogledali so na\u0161o ponudbo in od\u0161li brez sledu. Res je, lahko uporabite kak\u0161no obliko retargetiranja, ki jo ponuja Facebook. Ampak to ne bo zastonj. Na neki na\u010din bi bilo idealno, da vsaj dolo\u010den del teh obiskovalcev zadr\u017eimo, da jih lahko tudi kasneje obvestimo o na\u0161i ponudbi.&nbsp;<\/p>\n          <blockquote>\n            <p>Ve\u010dina obiskovalcev va\u0161e internetne strani, bo va\u0161o stran zapustila brez kakr\u0161nekoli akcije.<\/p>\n          <\/blockquote>\n          <p>Prvih 5% kupcev je tako imenovanih spontanih kupcev. Ne smemo pa pozabiti, da je ostalih 95% obiskovalcev pri\u0161lo skozi na\u0161o ogla\u0161evalno akcijo. Se pravi da je bil zadaj neki interes. Mogo\u010de samo firbec. Ni pomembno. Lahko da se \u0161ele odlo\u010dajo. Mogo\u010de se morajo pogovoriti s svojim partnerjem ali pa imajo na\u0161 izdelek v mislih za bodo\u010di nakup. Problem je ta, da ko odidejo z na\u0161e internetne strani ve\u010dina od njih na nas pozabi.&nbsp;<\/p>\n          <p>Re\u0161itev je enostavna. Na svoji spletni strani ponudimo prijavo na novice, kjer stranka vpi\u0161e svoj email ali pa tudi ime. Na ta na\u010din se vpi\u0161e v na\u0161o bazo interesentov. Te interesente nato smiselno obve\u0161\u010damo o novostih na\u0161e ponudbe. Kako pogosto je stvar odlo\u010ditve podjetja. Ima pa dandanes vsaka oseba, ki se vpi\u0161e na na\u0161e novosti, mo\u017enost odjave. To je sicer \u017ee zakonsko dolo\u010deno, vendar strankam daje ta mo\u017enost ve\u010d zaupanja.&nbsp;<\/p>\n          <h3>Email marketing za mala podjetja<\/h3>\n          <p>Zakaj je ta sistem dober za podjetje in bo verjetno \u0161e veliko let? Na ta na\u010din ima podjetje v svoji bazi samo tiste vpisane, ki jih dejansko zanima ponudba, le odlo\u010dili se \u0161e niso. Po\u0161iljanje par tiso\u010d ali pa par deset tiso\u010d emailov nas &nbsp;prakti\u010dno ne stane ni\u010d. Email marketing je najcenej\u0161i mo\u017eni na\u010din grajenja blagovne znamke in pospe\u0161evanja prodaje. Poleg tega se lahko email baza koristi v nedogled.&nbsp;<\/p>\n          <p>Velika podjetja imajo primerne bud\u017eete za ogla\u0161evanje in jim ne moremo konkurirati s klasi\u010dnim ogla\u0161evanjem. \u010ce se dejansko poglobimo v email marketing, vidimo da je idealen ravno za manj\u0161a podjetja. Stranko se nagovori bolj na oseben, primeren na\u010din. \u010ce email marketing primerno na\u010drtujemo in gradimo, se hitro lahko znajdemo z par deset tiso\u010d emaili ljudi, ki jih zanima na\u0161a dejavnost.&nbsp;<\/p>\n          <p>To so na\u0161i kupci. Bodo\u010di in sedanji. Je pa potrebno email bazo primerno negovati, vzdr\u017eevati, \u010distiti in dopolnjevati. Kolikor je opazno, je email marketing uganka za marsikaterega podjetnika in zato je neizkori\u0161\u010den. Tudi \u010de podjetnik morda ima par tiso\u010d email, jih le redko koristi. Vsake toliko po\u0161lje le kak\u0161en email in to je vse.&nbsp;<\/p>\n          <p>V na\u0161i aplikaciji funneltogo, smo zadevo zasnovali tako, da si lahko vsaki podjetnik pripravi obrazce za zbiranje email naslovov in nato po\u0161iljanje emailov uredi na tak na\u010din, da <a class=\"u-active-none u-border-none u-btn u-button-style u-hover-none u-none u-text-palette-1-base u-btn-1\" href=\"https:\/\/funneltogo.com\/slo\/avtomatsko-posiljanje-emailov\/\"> vse poteka avtomati\u010dno <\/a>. Za\u010dnite \u0161e danes!&nbsp;\n          <\/p>\n          <h3>Je email \u0161e vedno aktualen za marketing?<\/h3>\n          <p>Absolutno. Email je enak, kakor va\u0161 doma\u010di naslov. Res je, lahko imate ve\u010d emailov. Ampak ve\u010d ali manj sledite vsakemu. Recimo, da se selite v tujino. Kaj boste naredili? Verjetno boste kontaktirali vse, ki vam po\u0161iljajo kakr\u0161nekoli ra\u010dune po navadni po\u0161ti in jih prosili za po\u0161iljanje na email. Tako boste lahko urejali zadeve tudi iz tujine. Brez emaila dandanes pa\u010d ne gre.&nbsp;<\/p>\n          <p>Res je, da se bo veliko ljudi prijavilo na va\u0161e novice iz emaila, katerga sploh ne gledajo. Vendar, glede na to, da vas po\u0161iljanje emaila ne stane prakti\u010dno ni\u010d, to za vas ni obremenitev. Vsake toliko \u010dasa se baza emailov pre\u010disti. Pobri\u0161ete emaile, katere stranke ne odpirajo in nadaljujete z marketingom. Dandanes je to veliko la\u017eje in ceneje.&nbsp;<\/p>\n          <p>V\u010dasih smo po\u0161iljali tiskane kataloge na po\u0161tne naslove in stro\u0161li so bili ogromni. Takrat je bilo po\u0161iljanje katalogov. \u010dista loterija, ker primernih baz naslovov \u0161e ni bilo. Amerika je \u0161la tukaj najdlje. Lahko si kupil naslove ljudi s primernimi nakupovalnimi navadami. Recimo: \u017eenske med 20 in 45 let, ki kupujejo draga li\u010dila. Ali pa sli\u010dno.&nbsp;<\/p>\n          <p>Danes pa\u010d filtriramo vpisane skozi ponujene informacije. \u010ce je stranki v\u0161e\u010d na\u0161a storitev ali izdelek, se bo vpisala. \u010ce ne, pa ne. Prosto kot pasulj \ud83d\ude42<\/p>\n          <h3>Na kak\u0161en na\u010din napisati email?<\/h3>\n          <p>Po na\u0161ih raziskavah (email marketing uporabljamo \u017ee dolga leta) je imel najve\u010dji odziv in najve\u010djo odpiranost osebni email. Kaj to pomeni. Ko po\u0161iljamo email (newsletter) imamo opcijo osebnega emaila ali pa takoimenovanega corporate emaila.&nbsp;<\/p>\n          <p>\n            <span style=\"font-weight: 700;\">Osebni email<\/span> ima obliko <span style=\"text-decoration: underline;\">prijatelj po\u0161ilja email prijatelju<\/span>. Se pravi, brez nekega posebnega oblikovanja. Obi\u010dajo samo tekst. Stranko se ogovori po imenu (\u017eivijo Jo\u017ee) in tekstualno opi\u0161e neko zadevo. Lahko je to neka ponudba ali pa nasvet.\n          <\/p>\n          <p>\n            <span style=\"font-weight: 700;\">Corporate email<\/span> je pa email, katerega obi\u010dajno po\u0161iljajo ve\u010dja podjetja. Je oblikovno dovr\u0161en. Ogromno slik, velik logo, itd. Kolikor smo videli se tak email obnese v spletnih trgovinah in pa ve\u010djih podjetjih, kjer ni toliko pomemben odziv na email, ampak gre bolj za prisotnost in grajenje blagovne znamke.\n          <\/p>\n          <p>Najbolje, da preizkusite sami. Po\u0161ljite eno obliko in drugo ter sledite odzivu.<\/p>\n          <h3>Je email marketing primeren za storitveno dejavnost?<\/h3>\n          <p>Absolutno. Verjetno se tu \u0161e najbolje obnese. Posebno, \u010de imate kak\u0161no posebno storitveno dejavnost, ki potrebuje dodatno razlago. Lahko je to hipnoterapija, kiropraktika, joga ali pa poslovno svetovanje. V tem primeru je najbolje pripraviti avtomatski email marketing, kateri sistemati\u010dno po\u0161ilja emaile vsakemu, ki se vpi\u0161e. V teh zaporednih emilih, ki jih sistem po\u0161ilja vsake 14 dni ali enkrat mese\u010dno se ponudi dodatna razlaga, glede na\u0161e storitve.<\/p>\n          <p>Najbolje se obnese, \u010de po\u0161iljamo brezpla\u010dne nasvete glede na\u0161e dejavnosti in imajo dodano vrednost za tistega, ki jih bere.<\/p>\n          <p>Primer:<\/p>\n          <p>Izvajate masa\u017ee za odpravo bole\u010din (kiropraktik, fizioterapevt, maser, itd.). Stranki ste ponudili brezpla\u010dne informacije, kako se re\u0161iti bole\u010din v kri\u017eu z enostavnimi vajami. Le vpisati se mora v va\u0161 sistem obve\u0161\u010danja.<\/p>\n          <p>Pripravite 10 -12 vnaprej napisanih emailov, kateri vsebujejo navodila in vaje za odpravo bole\u010din v kri\u017eu. Lahko se jih preusmeri tudi na va\u0161 youtube kanal, kjer skozi video prikazujete vaje. Stranka dobi brezpla\u010dno ogromno dodano vrednost.<\/p>\n          <p>Po tretjem ali \u010detrtem emailu, ji sistem (avtomatsko) po\u0161lje vabilo, da se oglasi v va\u0161em salonu na pregledu njenega stanja glede bole\u010din. Lahko je brezpla\u010den ali pa pla\u010dljiv. Ko je stranka enkrat v va\u0161em salonu, boste z lahkoto prodali paket masa\u017e za laj\u0161anje bole\u010din v njenem hrbtu.&nbsp;<\/p>\n          <p>Po\u0161iljanje emailov bodo\u010dim strankam je avtomati\u010dno in ne terja dodatnih stro\u0161kov. Va\u0161e je le, da smiselno ogla\u0161ujete in polnite va\u0161o bazo emailov. Trenutno je najcenej\u0161i na\u010din tak\u0161nega ogla\u0161evanja Facebook.<\/p>\n          <h3>Se da z email marketingom pospe\u0161evati prodajo na nevsiljiv na\u010din?<\/h3>\n          <p>Da in ne. Dejstvo je, da so se ljudje vpisali na va\u0161e novice oziroma dali email za nadaljne informacije. Vsaki poslani email mora \u017ee po zakonodaji imeti mo\u017enost odjave. Realno gledano, se vsak vpisani zaveda, da ga boste verjetno bombardirali z emaili. Pribli\u017eno enako, kakor \u010de greste v trgovino in vas trgovec oblega na vsakem koraku.<\/p>\n          <p>Zavedajte se, da niste edini, ki po\u0161ilja emaile. Potrebno je biti pazljiv in v vsakem emailu podati nekaj, kar ima lahko oseba za njeno dodano vrednost. V nasprotnem primeru se bo oseba kaj hitro odjavila. Spomnite se ko\u0161ev za smeti ob po\u0161tnih nabiralikih v velikih stolpnicah. Obi\u010dajno so polni reklam in letakov. Tega je danes vse manj. Podjetja so pre\u0161la na emaile \ud83d\ude42<\/p>\n          <p>Vpisani se bodo odjavljali, \u010de:&nbsp;<\/p>\n          <p>1. &nbsp; &nbsp;Pretiravate s prepogostim po\u0161iljanjem emailov<\/p>\n          <p>2. &nbsp; &nbsp;Jih va\u0161a ponudba ali izdelek ne zanima ve\u010d<\/p>\n          <p>3. &nbsp; &nbsp;So bili zavedeni. Obla\u0161evali ste neko zadevo, dobivajo pa ponudbe za drugo stvar.<\/p>\n          <p>\n            <br>\n          <\/p>\n        <\/div>\n        <p class=\"u-align-center u-text u-text-black u-text-2\">Spodaj je delujo\u010di obrazec, kjer se lahko vpi\u0161ete na na\u0161e novi\u010dke.<\/p>\n      <\/div>\n    <\/section>\n    <section class=\"u-clearfix u-section-4\" id=\"sec-5698\">\n      <div class=\"u-clearfix u-sheet u-sheet-1\">\n        <div class=\"u-clearfix u-custom-html u-custom-html-1\">\n          <iframe id=\"fun-iframe\" src=\"https:\/\/www.funneltogo.com\/custom\/150\/novice-funneltogo.php\" style=\"border:0;width:100%;height:100%\"><\/iframe>\n          <script src=\"https:\/\/www.funneltogo.com\/js\/iframeResizer.min.js\"><\/script>\n          <script>iFrameResize({heightCalculationMethod: \"lowestElement\",initCallback: function(){window.scrollTo(0, 0);}});<\/script>\n        <\/div>\n        <p class=\"u-text u-text-default u-text-1\">\n          <a href=\"https:\/\/funneltogo.com\/slo\/prodajni-modul-s-kosarico\/\" class=\"u-active-none u-border-none u-btn u-button-link u-button-style u-hover-none u-none u-text-palette-1-base u-btn-1\">Prodajni modul s ko\u0161arico<\/a>\n        <\/p>\n      <\/div>\n    <\/section>\n    \n    \n    \n    \n  \n","protected":false},"excerpt":{"rendered":"<p>Email marketing &#8211; Kaj je to in kako deluje? Email marketing je in bo \u0161e vedno eden najbolj\u0161ih in najcenej\u0161ih oblik marketinga va\u0161ega podjetja. Na \u017ealost, ne samo v Sloveniji, tudi v tujini ve\u010dina podjetnikov zanemarja email marketing.&nbsp; Poglejmo, kaj se dogaja pri klasi\u010dnem marketingu. Podjetje se odlo\u010di za dolo\u010den bud\u017eet in za\u010dne ogla\u0161evati z &hellip; <a href=\"https:\/\/funneltogo.com\/slo\/email-marketing\/\" class=\"more-link\">Continue reading<span class=\"screen-reader-text\"> &#8220;email marketing&#8221;<\/span><\/a><\/p>\n","protected":false},"author":1,"featured_media":0,"parent":0,"menu_order":12,"comment_status":"closed","ping_status":"closed","template":"","meta":{"footnotes":""},"class_list":["post-79","page","type-page","status-publish","hentry"],"yoast_head":"<!-- This site is optimized with the Yoast SEO plugin v19.8 - https:\/\/yoast.com\/wordpress\/plugins\/seo\/ -->\n<title>email marketing - funneltogo<\/title>\n<meta name=\"robots\" content=\"index, follow, max-snippet:-1, max-image-preview:large, max-video-preview:-1\" \/>\n<link rel=\"canonical\" href=\"https:\/\/funneltogo.com\/slo\/email-marketing\/\" \/>\n<meta property=\"og:locale\" content=\"en_US\" \/>\n<meta property=\"og:type\" content=\"article\" \/>\n<meta property=\"og:title\" content=\"email marketing - funneltogo\" \/>\n<meta property=\"og:description\" content=\"Email marketing - Kaj je to in kako deluje? Email marketing je in bo \u0161e vedno eden najbolj\u0161ih in najcenej\u0161ih oblik marketinga va\u0161ega podjetja. Na \u017ealost, ne samo v Sloveniji, tudi v tujini ve\u010dina podjetnikov zanemarja email marketing.&nbsp; Poglejmo, kaj se dogaja pri klasi\u010dnem marketingu. Podjetje se odlo\u010di za dolo\u010den bud\u017eet in za\u010dne ogla\u0161evati z &hellip; Continue reading &quot;email marketing&quot;\" \/>\n<meta property=\"og:url\" content=\"https:\/\/funneltogo.com\/slo\/email-marketing\/\" \/>\n<meta property=\"og:site_name\" content=\"funneltogo\" \/>\n<meta property=\"article:modified_time\" content=\"2021-11-10T12:11:11+00:00\" \/>\n<meta name=\"twitter:card\" content=\"summary_large_image\" \/>\n<meta name=\"twitter:label1\" content=\"Est. reading time\" \/>\n\t<meta name=\"twitter:data1\" content=\"7 minutes\" \/>\n<script type=\"application\/ld+json\" class=\"yoast-schema-graph\">{\"@context\":\"https:\/\/schema.org\",\"@graph\":[{\"@type\":\"WebPage\",\"@id\":\"https:\/\/funneltogo.com\/slo\/email-marketing\/\",\"url\":\"https:\/\/funneltogo.com\/slo\/email-marketing\/\",\"name\":\"email marketing - funneltogo\",\"isPartOf\":{\"@id\":\"https:\/\/funneltogo.com\/slo\/#website\"},\"datePublished\":\"2021-09-11T20:30:09+00:00\",\"dateModified\":\"2021-11-10T12:11:11+00:00\",\"breadcrumb\":{\"@id\":\"https:\/\/funneltogo.com\/slo\/email-marketing\/#breadcrumb\"},\"inLanguage\":\"en-US\",\"potentialAction\":[{\"@type\":\"ReadAction\",\"target\":[\"https:\/\/funneltogo.com\/slo\/email-marketing\/\"]}]},{\"@type\":\"BreadcrumbList\",\"@id\":\"https:\/\/funneltogo.com\/slo\/email-marketing\/#breadcrumb\",\"itemListElement\":[{\"@type\":\"ListItem\",\"position\":1,\"name\":\"Home\",\"item\":\"https:\/\/funneltogo.com\/slo\/\"},{\"@type\":\"ListItem\",\"position\":2,\"name\":\"email marketing\"}]},{\"@type\":\"WebSite\",\"@id\":\"https:\/\/funneltogo.com\/slo\/#website\",\"url\":\"https:\/\/funneltogo.com\/slo\/\",\"name\":\"funneltogo\",\"description\":\"Just another WordPress site\",\"potentialAction\":[{\"@type\":\"SearchAction\",\"target\":{\"@type\":\"EntryPoint\",\"urlTemplate\":\"https:\/\/funneltogo.com\/slo\/?s={search_term_string}\"},\"query-input\":\"required name=search_term_string\"}],\"inLanguage\":\"en-US\"}]}<\/script>\n<!-- \/ Yoast SEO plugin. -->","yoast_head_json":{"title":"email marketing - funneltogo","robots":{"index":"index","follow":"follow","max-snippet":"max-snippet:-1","max-image-preview":"max-image-preview:large","max-video-preview":"max-video-preview:-1"},"canonical":"https:\/\/funneltogo.com\/slo\/email-marketing\/","og_locale":"en_US","og_type":"article","og_title":"email marketing - funneltogo","og_description":"Email marketing - Kaj je to in kako deluje? Email marketing je in bo \u0161e vedno eden najbolj\u0161ih in najcenej\u0161ih oblik marketinga va\u0161ega podjetja. Na \u017ealost, ne samo v Sloveniji, tudi v tujini ve\u010dina podjetnikov zanemarja email marketing.&nbsp; Poglejmo, kaj se dogaja pri klasi\u010dnem marketingu. Podjetje se odlo\u010di za dolo\u010den bud\u017eet in za\u010dne ogla\u0161evati z &hellip; Continue reading \"email marketing\"","og_url":"https:\/\/funneltogo.com\/slo\/email-marketing\/","og_site_name":"funneltogo","article_modified_time":"2021-11-10T12:11:11+00:00","twitter_card":"summary_large_image","twitter_misc":{"Est. reading time":"7 minutes"},"schema":{"@context":"https:\/\/schema.org","@graph":[{"@type":"WebPage","@id":"https:\/\/funneltogo.com\/slo\/email-marketing\/","url":"https:\/\/funneltogo.com\/slo\/email-marketing\/","name":"email marketing - funneltogo","isPartOf":{"@id":"https:\/\/funneltogo.com\/slo\/#website"},"datePublished":"2021-09-11T20:30:09+00:00","dateModified":"2021-11-10T12:11:11+00:00","breadcrumb":{"@id":"https:\/\/funneltogo.com\/slo\/email-marketing\/#breadcrumb"},"inLanguage":"en-US","potentialAction":[{"@type":"ReadAction","target":["https:\/\/funneltogo.com\/slo\/email-marketing\/"]}]},{"@type":"BreadcrumbList","@id":"https:\/\/funneltogo.com\/slo\/email-marketing\/#breadcrumb","itemListElement":[{"@type":"ListItem","position":1,"name":"Home","item":"https:\/\/funneltogo.com\/slo\/"},{"@type":"ListItem","position":2,"name":"email marketing"}]},{"@type":"WebSite","@id":"https:\/\/funneltogo.com\/slo\/#website","url":"https:\/\/funneltogo.com\/slo\/","name":"funneltogo","description":"Just another WordPress site","potentialAction":[{"@type":"SearchAction","target":{"@type":"EntryPoint","urlTemplate":"https:\/\/funneltogo.com\/slo\/?s={search_term_string}"},"query-input":"required name=search_term_string"}],"inLanguage":"en-US"}]}},"_links":{"self":[{"href":"https:\/\/funneltogo.com\/slo\/wp-json\/wp\/v2\/pages\/79","targetHints":{"allow":["GET"]}}],"collection":[{"href":"https:\/\/funneltogo.com\/slo\/wp-json\/wp\/v2\/pages"}],"about":[{"href":"https:\/\/funneltogo.com\/slo\/wp-json\/wp\/v2\/types\/page"}],"author":[{"embeddable":true,"href":"https:\/\/funneltogo.com\/slo\/wp-json\/wp\/v2\/users\/1"}],"replies":[{"embeddable":true,"href":"https:\/\/funneltogo.com\/slo\/wp-json\/wp\/v2\/comments?post=79"}],"version-history":[{"count":2,"href":"https:\/\/funneltogo.com\/slo\/wp-json\/wp\/v2\/pages\/79\/revisions"}],"predecessor-version":[{"id":130,"href":"https:\/\/funneltogo.com\/slo\/wp-json\/wp\/v2\/pages\/79\/revisions\/130"}],"wp:attachment":[{"href":"https:\/\/funneltogo.com\/slo\/wp-json\/wp\/v2\/media?parent=79"}],"curies":[{"name":"wp","href":"https:\/\/api.w.org\/{rel}","templated":true}]}}