{"id":76,"date":"2021-09-11T20:30:06","date_gmt":"2021-09-11T20:30:06","guid":{"rendered":"https:\/\/funneltogo.com\/slo\/ustvari-spletno-stran\/"},"modified":"2021-11-10T11:37:12","modified_gmt":"2021-11-10T11:37:12","slug":"ustvari-spletno-stran","status":"publish","type":"page","link":"https:\/\/funneltogo.com\/slo\/ustvari-spletno-stran\/","title":{"rendered":"ustvari spletno stran"},"content":{"rendered":"\n    \n    <section class=\"u-clearfix u-section-2\" id=\"sec-7501\">\n      <div class=\"u-clearfix u-sheet u-valign-middle u-sheet-1\">\n        <h1 class=\"u-text u-text-default u-text-1\">Ustvari spletno stran<\/h1>\n      <\/div>\n    <\/section>\n    <section class=\"u-clearfix u-section-3\" id=\"sec-ae54\">\n      <div class=\"u-clearfix u-sheet u-sheet-1\">\n        <h2 class=\"u-text u-text-1\">Spletno stran&nbsp;si lahko dandanes vsak z lahkoto ustvari.<\/h2>\n        <p class=\"u-text u-text-2\">Kako narediti spletno stran (web site po angle\u0161ko), je dandanes popolnoma druga\u010dna zgodba, kakor recimo 10 - 15 let nazaj.&nbsp;<br>V zadnjih letih se je razvilo ogromo platform za vzdr\u017eevanje in izdelavo spletnih strani.&nbsp;<br>\n          <br>\n          <span style=\"font-weight: 700;\">WordPress platforma<\/span> katera lahko poganja va\u0161o spletno stran, nekako prednja\u010di pred drugimi. Verjetno zato, ker je brezpla\u010dna. Spletna gostovanja imajo \u017ee v osnovi avtomatiko za postavitev wordpress platforme. Do va\u0161e spletne strani vas nato lo\u010di le \u0161e par klikov. Sama zasnova deluje na osnovi templejtov (zunanje podobe va\u0161e spletne strani) in vti\u010dnikov (pluginov), kateri nadgrajujejo osnovne funkcije va\u0161e spletne strani.&nbsp;<br>\n          <br>Danes najdete vti\u010dnike \u017ee za vsako malenkost. Od tega da vas pove\u017ee z googlovo analitiko do zahtevnih vti\u010dnikov, ki poganjajo va\u0161o spletno trgovino. Sami vti\u010dniki so lahko precej zahtevni po svoji funkcionalnosti in lahko upo\u010dasnijo va\u0161o spletno stran un jo brez potrebe \"napihnejo\".<br>&nbsp;<br>Razmislite dobro ali va\u0161a stran res potrebujete vse te vti\u010dnike.&nbsp;<br>\n          <br>Kar se pa zunanjega izgleda va\u0161e spletne strani ti\u010de, je skrb tudi odve\u010d. V wordpressu imate na deset tiso\u010de raznih \u017ee narejenih brezpla\u010dnih templejtov, ki jih in\u0161talirate s parimi kliki.<br>\n          <br>\u010ce pa \u017eelite imeti kak\u0161no bolj po meri narejeno zadevo, potem si pa in\u0161talirate vti\u010dnik za izdelavo internetnih strani. Elementor je verjetno med najbolj znanimi. Osnovna verzija je brezpla\u010dna.\nJe pa wordpress platforma omogo\u010dila delo raznim programerjem po celem svetu, kateri izdelujejo razli\u010dne templejte in vti\u010dnike.&nbsp;<br>\n          <br>Nekateri so s \u010dasoma prerasli v ogromna podjetja. Eden najbolj znanih je vti\u010dnih <span style=\"font-weight: 700;\">Yoast<\/span>. Pomaga vam pri optimizaciji va\u0161ih \u010dlankov na wordplatformi. Po zadnjih podatki zaposlujejo ve\u010d kakor 100 ljudi. \u0160e vedno govorimo o vti\u010dniku (majhen program\u010dek na va\u0161i spletni strani), ki je v osnovi brezpla\u010den. \n        <\/p>\n        <h2 class=\"u-text u-text-3\">Koliko nas stane izdelava spletne strani ali trgovine?<\/h2>\n        <p class=\"u-text u-text-4\">\u010ce no\u010dete res nekaj po meri in zahtevnega, si lahko spletno stran izdelate sami in vas ne bo stala ni\u010d. Potrebujete le zakupljeno ime va\u0161e strani (domeno) ter najem stre\u017enika (gostovanje), kjer bo \u010depela va\u0161a internetna stran. Z malo \u017eilice in potrpljenja, si lahko vse postavite sami. V nasprotnem primeru, vam pa za kak\u0161no pivo (brezalkoholno) zadevo postavi sosedov najstnik.&nbsp;&nbsp;<br>\n          <br>\u010ce pa \u017eelite nekaj, kar je posebaj oblikovano za vas, lahko hitro pridete do par tiso\u010dakov. \u010ce niste preve\u010d zahtevni boste od\u0161teli nekje med <span style=\"font-weight: 700;\">500 eur in 1500 eur<\/span>. Tu se stro\u0161ek na \u017ealost ne kon\u010da. Za vsako spremembo ali dodani \u010dlanek boste od\u0161teli \u0161e par deset evrov. Najbolje je, da vam postavilo osnovo in nadaljujete sami.\nSmiselno si je vsaj v osnovi skicirati idejo spletne strani, da ne me\u010dete skupaj, kar nekaj na pamet.&nbsp;<br>\u010clanke in besedila si sestavite v wordu, nato jih pa prenesete na va\u0161o spletno stran.&nbsp;<br>\n          <br>Sledi \u0161e optimizacija va\u0161ih \u010dlankov, da bo googlu \u010dim bolj v\u0161e\u010d.&nbsp;<br>Zadeva je tukaj malce \u017ealostna. Lahko napi\u0161ete najbolj\u0161i \u010dlanek na svetu, vendar ga goole ne bo prikazoval, ker niste uredili osnovnih parametrov iskanja ( meta opise, H1, H2, klju\u010dne besede, itd.). Skratka, zadovoljiti morate strica googla. V nasprotnem primeru, va\u0161ega \u010dlanka ne bo nikjer.&nbsp;<br>\n          <br>Temu re\u010demo<span style=\"font-weight: 700;\"> SEO<\/span> ali po angle\u0161ko <span style=\"font-weight: 700;\">Search Engine Optimization<\/span>. Na youtubu imate precej dobrih videov, ki vas bodo popeljali skozi SEO optimizacijo.&nbsp;<br>\n          <br>V WordPress platformi si tudi <span style=\"font-weight: 700;\">spletno trgovino<\/span> lahko postavite sami. Najbolj znana in dodelana etrgovina (zastonj) je woocommerce. Deluje, kakor vti\u010dnik. Je dokaj kompleksna zadeva, zato boste potrebovali nekaj \u010dasa, da jo obvladate. Ko je pa enkrat postavljena, je pa dokaj enostavna z vzdr\u017eevanje.&nbsp;<br>\n          <br>V na\u0161i aplikcaiji Funneltogo smo za hitre in enostavne prodaje na na\u0161ih spletnih straneh izdelali prodajni modul s ko\u0161arico in avtomatskim prera\u010dunavanjem. Zadeva je izredno uporabna in hitro postavljiva.&nbsp;<br>Primer enostavne trgovince imate na na\u0161i spletni strani : <a href=\"https:\/\/funneltogo.com\/slo\/prodajni-modul-s-kosarico\/\" class=\"u-active-none u-border-none u-btn u-button-style u-hover-none u-none u-text-palette-1-base u-btn-1\">Prodajni modul s ko\u0161arico<\/a>\n        <\/p>\n        <h2 class=\"u-text u-text-5\">Koliko \u010dasa traja sama izdelava?<\/h2>\n        <p class=\"u-text u-text-6\">Ko se enkrat spustite v svet izdelave spletnih strani, ure \u0161vigajo kakor nore. Gladko porabite kak\u0161en teden ali dva in ste \u0161ele na za\u010detku. \u0160e posebaj, \u010de se pri tem \u0161e u\u010dite.&nbsp;<br>\n          <br>Tukaj se vpra\u0161ajte ali lahko va\u0161 \u010das pametneje uporabite. Sosedov mulc, ki mu te zadeve le\u017eijo, lahko to naredi&nbsp;v dveh treh dneh. Je \u017ee zverziran.&nbsp;<br>\n          <br>Bi pa bilo smiselno da se vsaj delno spustite v ta svet. \u010ce ne \u017ee zaradi tega , da vas \u0107im manj okrog prena\u0161ajo. Prodajalcev megle imate v spletnem prostoru kolikor \u017eelite \ud83d\ude42&nbsp;<br>\n          <br>Preden pa daste nekomu delati va\u0161o bodo\u010do spletno stran, bi bilo smiselno \u017ee imeti osnutek, oziroma osnovno postavitev. Najbolje je, da nekje na spletu najdete en pribli\u017eek, kako naj bi va\u0161a spletna stran izgledala in to idejo podate va\u0161emu izdelovalcu strani.&nbsp;&nbsp;<br>\n          <br>Bo manj ugibanja in hitreje bo narejeno. Vi medtem sestavite tekste, pripravite slike in zakupite gostovanje. Kompletna zadeva bi morala biti sestavljena nekje v mesecu dni. Seveda je pa odvisno na koga naletite. <span style=\"font-weight: 700;\">Preverite reference<\/span>. \n        <\/p>\n        <h2 class=\"u-text u-text-7\">Kaj pa gostovanje spletnih strani?<\/h2>\n        <p class=\"u-text u-text-8\">Za gostovanje va\u0161e strani je najbolje, da malce poguglate (google).&nbsp;<br>V sloveniji je kar precej ponudnikov. Sicer nas sedaj bombardirajo z nekimi hiper gostovanji in ssd diski, ampak odlo\u010ditev je \u0161e vedno v va\u0161ih rokah.&nbsp;<br>\n          <br>\u010ce potrebujete neko osnovno stran, katera poda osnovne informacije o va\u0161i dejavnosti, potem ne potrebujete nekega hitrega gostovanja.&nbsp;<br>\n          <br>\u010ce je pa va\u0161a stran \u017ee med zahtevnimi in imate morda \u017ee kak\u0161no mini trgovino na njej, potem se pa spla\u010da pla\u010dati malenkost ve\u010d za hitrej\u0161e gostovanje. V vsakem primeru preverite hitrost odziva va\u0161e strani in se na osnovi le tega odlo\u010dite.&nbsp;<br>Na tej povezavi poglejte, kako se obnese va\u0161a stran. \u010ce je prepo\u010dasna razmi\u0161ljajte o zamenjavi ali nadgradnji gostovanja: <a href=\"https:\/\/gtmetrix.com\/\" class=\"u-active-none u-border-none u-btn u-button-style u-hover-none u-none u-text-palette-1-base u-btn-2\">https:\/\/gtmetrix.com\/<\/a>&nbsp;<br>\n          <br>\u010ce je pa va\u0161 trg preko oceana (ZDA) potem se pa spla\u010da gostovanje preseliti na kak\u0161en stre\u017enik, ki omogo\u010da CDN (Content Delivery Network). Boste porabili kak\u0161en fi\u010dnik ve\u010d, vendar bo va\u0161a spletna stran enako hitro odzivna po celem svetu. \n        <\/p>\n        <h2 class=\"u-text u-text-9\">Najbolj\u0161i program za izdelavo internetnih&nbsp; strani?<\/h2>\n        <p class=\"u-text u-text-10\">Te\u017eko je re\u010di, kateri program za izdelavo je najbolj\u0161i. Preizkusili smo jih veliko pa \u0161e mno\u017eijo se kakor gobe po de\u017eju. Za worpress platformo jih je kar nekaj. Kakor sem \u017ee omenil, je verejtno najbolj popularen <span style=\"font-weight: 700;\">Elementor<\/span> vti\u010dnik.&nbsp;&nbsp;<br>Poglejte, kaj potrebujete.&nbsp;<br>\n          <br>\u010ce gre le za osnovno predstavitev va\u0161e dejavnosti in kontaktni obrazec je lahko zadeva celo v osnovni HTML kodi. Osnovno spletno stran, lahko izdelate celo v na\u0161i aplikaciji Funneltogo. Nato jo enostavno izvozite kakor html kodo in prenesete na va\u0161e gostovanje. Zadeva bo delovala hitro kakor blisk, ker ni zapacana z vsemi dodatki, ki jih in\u0161talira wordpress platforma.&nbsp;<br>\n          <br>Sicer na\u0161a platforma \u017ee v osnovi deluje na tem na\u010dinu.&nbsp;<br>Postavite si razne projekte in jih prenesete na va\u0161o spletno stran. Na va\u0161i spletni strani se sicer prikazujejo, delujejo pa pod na\u0161im okriljem.&nbsp; \n        <\/p>\n        <h2 class=\"u-text u-text-11\">Koliko nas stane nakup domene in gostovanje spletne strani?<\/h2>\n        <p class=\"u-text u-text-12\">Domena (ime va\u0161e spletne strani ali naslov), recimo <span style=\"font-weight: 700;\">www.va\u0161epodjetje.com<\/span> vas bo stala nekje med <span style=\"font-weight: 700;\">5 in 20 eur na leto<\/span>. Tukaj se pojavlja vpra\u0161anje ali se vam spla\u010da zakupiti kon\u010dnice .com in .si?&nbsp;<br>\n          <br>\u010ce \u017eelite dolgoro\u010dni mir, je najbolje zakupiti obe. Ne gre za veliki denar. Druga\u010de pa je .com ali pa .si dovolj. \u010ce ne zakupite obeh kon\u010dnic, vam jo lahko spelje konkurenca in jo optimizira za svoje potrebe. Se dogaja.&nbsp;<br>\n          <br>Za najem prostora na stre\u017eniku, kjer bo gostovala va\u0161a domena boste pa od\u0161teli nekje med <span style=\"font-weight: 700;\">30 in 60 eur letno<\/span>. Skratka, letni stro\u0161ek je pod 100 eur in ni pretiran. Posebaj ne, ker boste &nbsp;spletno stran uporabili za posel, ki vam bo prina\u0161al prihodke.&nbsp;<br>\n          <br>Zamislite si, da bi namesto tega morali najeti poslovni prostor za va\u0161o trgovino&nbsp; nekje v Ljubljani.&nbsp;<br>Izdelati spletno stran, ki vam ustvari na deset tiso\u010de evrov prihodkov je danes dokaj enostavno in poceni.&nbsp;<br>Je pa zunaj na spletu eno malo morje sli\u010dnih strani, zato bo treba kar precej delati na optimizaciji, da nas google vzljubi. Isto\u010dasno se pa seveda lahko lotite tudi pla\u010dljivega ogla\u0161evanja. \n        <\/p>\n      <\/div>\n    <\/section>\n    <section class=\"u-clearfix u-section-4\" id=\"sec-a209\">\n      <div class=\"u-clearfix u-sheet u-valign-middle u-sheet-1\">\n        <blockquote class=\"u-text u-text-default u-text-1\"> Preko svoje domene lahko ustvarite tudi svoj <a href=\"https:\/\/funneltogo.com\/slo\/email-marketing\/\" class=\"u-active-none u-border-none u-btn u-button-link u-button-style u-hover-none u-none u-text-palette-1-base u-btn-1\">email marketing<\/a>. \n        <\/blockquote>\n      <\/div>\n    <\/section>\n    <section class=\"u-clearfix u-section-5\" id=\"sec-3805\">\n      <div class=\"u-clearfix u-sheet u-sheet-1\">\n        <h2 class=\"u-text u-text-default u-text-1\">Kako izgleda wordpress stran \"iz ozadja\"?<\/h2>\n        <p class=\"u-text u-text-default u-text-2\">Cela zadeva je narejena precej intuitivno. Na levi strani imate menu za razne funkcije. Na sredini je delovni prostor za va\u0161e kreacije. In na desni strani so dodatne funkcije. Sicer je pa worpress z vsako posodobitvijo malce dodelan in spremenjen. Lahko da bo spodnja slika \u017ee v kratkem zastarela. Je pa osnovna nit dela vedno enaka.&nbsp;<br>\n          <br>Vti\u010dniki, ki vam ponujajo razne funkcionalnosti so sicer zanimivi in uporabni. Vendar vam lahko upo\u010dasnijo delovanje strani. Zato ne name\u0161\u010dajte vti\u010dnikov, kar na pamet. Bodite racionalni. Stare neuporabne vti\u010dnike pa odstranite. WordPress aplikacija je v osnovi razvita za pisanje bloga, oziroma \u010dlankov, katere lahko obiskovalci va\u0161e spletne strani komentirajo. Imate mo\u017enost izklju\u010diti komentarje, \u010de ne \u017eelite, da kdo prazne svoje hormone na va\u0161i spletni strani.&nbsp;<br>\n          <br>Se pa obnese tudi, kakor obi\u010dajna spletna stran za posameznika ali podjetje. WordPress strani so precej na udaru hekerjev, zato redno posodabljajte vti\u010dnike ali pa nastavite na avtomatsko posodabljanje. V nasprotnem primeru, bo ste nekega dne odprli va\u0161o spletno stran in bo prikazovala porno vsebino (se mi je zgodilo). Druga\u010de pa ni straha. In\u0161talirajte si svojo worpress stran in se malce poigrajte s funkcijami. Boste hitro spleljali \ud83d\ude42<br>\n          <br>Za svojo zunanjo spletno podobo pa lahko uporabite ne\u0161teto \u017ee izdelanih templejtov, ki so v osnovi brezpla\u010dni. V svetu spletnih strani je precej konkurence in je precej spletnih izdelkov precej podobnih med seboj. Konec koncev, ne gre za neko raketno znanost. Obiskovalec va\u0161e spletne strani mora dobiti informacijo, po katero je pri\u0161el. Pika. Ne komplicirajte.&nbsp;<br>\n          <br>Dostikrat se je v praksi pokazalo, da je enostavna spletna stran veliko bolj uspe\u0161na, kakor pa estetsko popolna stran spletnega ustvarjalca. Ne komplicirajte. Uporabite va\u0161o spletno stran smiselno. \n        <\/p>\n        <img decoding=\"async\" class=\"u-image u-image-default u-image-1\" src=\"https:\/\/funneltogo.com\/slo\/wp-content\/uploads\/2021\/09\/wordpressozadje.png\" alt=\"worpress ozadje\" data-image-width=\"1241\" data-image-height=\"941\">\n        <p class=\"u-text u-text-default u-text-3\">\n          <a href=\"https:\/\/funneltogo.com\/slo\/prestavite-v-visjo-brzino\/\" class=\"u-active-none u-border-none u-btn u-button-link u-button-style u-hover-none u-none u-text-palette-1-base u-btn-1\">Prestavite va\u0161 posel v vi\u0161jo brzino<\/a>\n        <\/p>\n      <\/div>\n    <\/section>\n    \n    \n    \n    \n  \n","protected":false},"excerpt":{"rendered":"<p>Ustvari spletno stran Spletno stran&nbsp;si lahko dandanes vsak z lahkoto ustvari. Kako narediti spletno stran (web site po angle\u0161ko), je dandanes popolnoma druga\u010dna zgodba, kakor recimo 10 &#8211; 15 let nazaj.&nbsp;V zadnjih letih se je razvilo ogromo platform za vzdr\u017eevanje in izdelavo spletnih strani.&nbsp; WordPress platforma katera lahko poganja va\u0161o spletno stran, nekako prednja\u010di pred &hellip; <a href=\"https:\/\/funneltogo.com\/slo\/ustvari-spletno-stran\/\" class=\"more-link\">Continue reading<span class=\"screen-reader-text\"> &#8220;ustvari spletno stran&#8221;<\/span><\/a><\/p>\n","protected":false},"author":1,"featured_media":0,"parent":0,"menu_order":9,"comment_status":"closed","ping_status":"closed","template":"","meta":{"footnotes":""},"class_list":["post-76","page","type-page","status-publish","hentry"],"yoast_head":"<!-- This site is optimized with the Yoast SEO plugin v19.8 - https:\/\/yoast.com\/wordpress\/plugins\/seo\/ -->\n<title>ustvari spletno stran - funneltogo<\/title>\n<meta name=\"robots\" content=\"index, follow, max-snippet:-1, max-image-preview:large, max-video-preview:-1\" \/>\n<link rel=\"canonical\" href=\"https:\/\/funneltogo.com\/slo\/ustvari-spletno-stran\/\" \/>\n<meta property=\"og:locale\" content=\"en_US\" \/>\n<meta property=\"og:type\" content=\"article\" \/>\n<meta property=\"og:title\" content=\"ustvari spletno stran - funneltogo\" \/>\n<meta property=\"og:description\" content=\"Ustvari spletno stran Spletno stran&nbsp;si lahko dandanes vsak z lahkoto ustvari. Kako narediti spletno stran (web site po angle\u0161ko), je dandanes popolnoma druga\u010dna zgodba, kakor recimo 10 - 15 let nazaj.&nbsp;V zadnjih letih se je razvilo ogromo platform za vzdr\u017eevanje in izdelavo spletnih strani.&nbsp; WordPress platforma katera lahko poganja va\u0161o spletno stran, nekako prednja\u010di pred &hellip; Continue reading &quot;ustvari spletno stran&quot;\" \/>\n<meta property=\"og:url\" content=\"https:\/\/funneltogo.com\/slo\/ustvari-spletno-stran\/\" \/>\n<meta property=\"og:site_name\" content=\"funneltogo\" \/>\n<meta property=\"article:modified_time\" content=\"2021-11-10T11:37:12+00:00\" \/>\n<meta name=\"twitter:card\" content=\"summary_large_image\" \/>\n<meta name=\"twitter:label1\" content=\"Est. reading time\" \/>\n\t<meta name=\"twitter:data1\" content=\"9 minutes\" \/>\n<script type=\"application\/ld+json\" class=\"yoast-schema-graph\">{\"@context\":\"https:\/\/schema.org\",\"@graph\":[{\"@type\":\"WebPage\",\"@id\":\"https:\/\/funneltogo.com\/slo\/ustvari-spletno-stran\/\",\"url\":\"https:\/\/funneltogo.com\/slo\/ustvari-spletno-stran\/\",\"name\":\"ustvari spletno stran - funneltogo\",\"isPartOf\":{\"@id\":\"https:\/\/funneltogo.com\/slo\/#website\"},\"datePublished\":\"2021-09-11T20:30:06+00:00\",\"dateModified\":\"2021-11-10T11:37:12+00:00\",\"breadcrumb\":{\"@id\":\"https:\/\/funneltogo.com\/slo\/ustvari-spletno-stran\/#breadcrumb\"},\"inLanguage\":\"en-US\",\"potentialAction\":[{\"@type\":\"ReadAction\",\"target\":[\"https:\/\/funneltogo.com\/slo\/ustvari-spletno-stran\/\"]}]},{\"@type\":\"BreadcrumbList\",\"@id\":\"https:\/\/funneltogo.com\/slo\/ustvari-spletno-stran\/#breadcrumb\",\"itemListElement\":[{\"@type\":\"ListItem\",\"position\":1,\"name\":\"Home\",\"item\":\"https:\/\/funneltogo.com\/slo\/\"},{\"@type\":\"ListItem\",\"position\":2,\"name\":\"ustvari spletno stran\"}]},{\"@type\":\"WebSite\",\"@id\":\"https:\/\/funneltogo.com\/slo\/#website\",\"url\":\"https:\/\/funneltogo.com\/slo\/\",\"name\":\"funneltogo\",\"description\":\"Just another WordPress site\",\"potentialAction\":[{\"@type\":\"SearchAction\",\"target\":{\"@type\":\"EntryPoint\",\"urlTemplate\":\"https:\/\/funneltogo.com\/slo\/?s={search_term_string}\"},\"query-input\":\"required name=search_term_string\"}],\"inLanguage\":\"en-US\"}]}<\/script>\n<!-- \/ Yoast SEO plugin. -->","yoast_head_json":{"title":"ustvari spletno stran - funneltogo","robots":{"index":"index","follow":"follow","max-snippet":"max-snippet:-1","max-image-preview":"max-image-preview:large","max-video-preview":"max-video-preview:-1"},"canonical":"https:\/\/funneltogo.com\/slo\/ustvari-spletno-stran\/","og_locale":"en_US","og_type":"article","og_title":"ustvari spletno stran - funneltogo","og_description":"Ustvari spletno stran Spletno stran&nbsp;si lahko dandanes vsak z lahkoto ustvari. Kako narediti spletno stran (web site po angle\u0161ko), je dandanes popolnoma druga\u010dna zgodba, kakor recimo 10 - 15 let nazaj.&nbsp;V zadnjih letih se je razvilo ogromo platform za vzdr\u017eevanje in izdelavo spletnih strani.&nbsp; WordPress platforma katera lahko poganja va\u0161o spletno stran, nekako prednja\u010di pred &hellip; Continue reading \"ustvari spletno stran\"","og_url":"https:\/\/funneltogo.com\/slo\/ustvari-spletno-stran\/","og_site_name":"funneltogo","article_modified_time":"2021-11-10T11:37:12+00:00","twitter_card":"summary_large_image","twitter_misc":{"Est. reading time":"9 minutes"},"schema":{"@context":"https:\/\/schema.org","@graph":[{"@type":"WebPage","@id":"https:\/\/funneltogo.com\/slo\/ustvari-spletno-stran\/","url":"https:\/\/funneltogo.com\/slo\/ustvari-spletno-stran\/","name":"ustvari spletno stran - funneltogo","isPartOf":{"@id":"https:\/\/funneltogo.com\/slo\/#website"},"datePublished":"2021-09-11T20:30:06+00:00","dateModified":"2021-11-10T11:37:12+00:00","breadcrumb":{"@id":"https:\/\/funneltogo.com\/slo\/ustvari-spletno-stran\/#breadcrumb"},"inLanguage":"en-US","potentialAction":[{"@type":"ReadAction","target":["https:\/\/funneltogo.com\/slo\/ustvari-spletno-stran\/"]}]},{"@type":"BreadcrumbList","@id":"https:\/\/funneltogo.com\/slo\/ustvari-spletno-stran\/#breadcrumb","itemListElement":[{"@type":"ListItem","position":1,"name":"Home","item":"https:\/\/funneltogo.com\/slo\/"},{"@type":"ListItem","position":2,"name":"ustvari spletno stran"}]},{"@type":"WebSite","@id":"https:\/\/funneltogo.com\/slo\/#website","url":"https:\/\/funneltogo.com\/slo\/","name":"funneltogo","description":"Just another WordPress site","potentialAction":[{"@type":"SearchAction","target":{"@type":"EntryPoint","urlTemplate":"https:\/\/funneltogo.com\/slo\/?s={search_term_string}"},"query-input":"required name=search_term_string"}],"inLanguage":"en-US"}]}},"_links":{"self":[{"href":"https:\/\/funneltogo.com\/slo\/wp-json\/wp\/v2\/pages\/76","targetHints":{"allow":["GET"]}}],"collection":[{"href":"https:\/\/funneltogo.com\/slo\/wp-json\/wp\/v2\/pages"}],"about":[{"href":"https:\/\/funneltogo.com\/slo\/wp-json\/wp\/v2\/types\/page"}],"author":[{"embeddable":true,"href":"https:\/\/funneltogo.com\/slo\/wp-json\/wp\/v2\/users\/1"}],"replies":[{"embeddable":true,"href":"https:\/\/funneltogo.com\/slo\/wp-json\/wp\/v2\/comments?post=76"}],"version-history":[{"count":2,"href":"https:\/\/funneltogo.com\/slo\/wp-json\/wp\/v2\/pages\/76\/revisions"}],"predecessor-version":[{"id":129,"href":"https:\/\/funneltogo.com\/slo\/wp-json\/wp\/v2\/pages\/76\/revisions\/129"}],"wp:attachment":[{"href":"https:\/\/funneltogo.com\/slo\/wp-json\/wp\/v2\/media?parent=76"}],"curies":[{"name":"wp","href":"https:\/\/api.w.org\/{rel}","templated":true}]}}