{"id":75,"date":"2021-09-11T20:30:05","date_gmt":"2021-09-11T20:30:05","guid":{"rendered":"https:\/\/funneltogo.com\/slo\/nadgradite-vas-online-posel\/"},"modified":"2021-11-10T11:28:30","modified_gmt":"2021-11-10T11:28:30","slug":"nadgradite-vas-online-posel","status":"publish","type":"page","link":"https:\/\/funneltogo.com\/slo\/nadgradite-vas-online-posel\/","title":{"rendered":"nadgradite va\u0161 online posel"},"content":{"rendered":"\n    \n    <section class=\"u-align-left u-clearfix u-section-2\" id=\"sec-7428\">\n      <div class=\"u-clearfix u-sheet u-sheet-1\">\n        <div class=\"fr-view u-clearfix u-rich-text u-text u-text-1\">\n          <h1 style=\"text-align: left;\">Nadgradite va\u0161 online posel!<\/h1>\n          <p>\n            <span class=\"u-text-black\">Funneltogo je mo\u010dno orodje, s katerim lahko nadgradite obstoje\u010do spletno stran. Brez uporabe dodatnih vti\u010dnikov (kot na wordpress straneh) in brez znanja kodiranja ali programiranja.<\/span>\n          <\/p>\n          <p>\n            <span class=\"u-text-black\">S preprosto metodo povleci in spusti (drag and drop) sestavite dolo\u010den projekt in ga prenesete na obstoje\u010do spletno stran s parimi kliki.<\/span>\n          <\/p>\n          <ul>\n            <li>\n              <span class=\"u-text-black\">Postavite enostaven ali kompleksen prodajni lijak<\/span>\n            <\/li>\n            <li>\n              <span class=\"u-text-black\">Sestavite kontaktni obrazec po va\u0161ih \u017eeljah<\/span>\n            <\/li>\n            <li>\n              <span class=\"u-text-black\">Pripravite obrazec za vpisovanje na va\u0161e e-novi\u010dke<\/span>\n            <\/li>\n            <li>\n              <span class=\"u-text-black\">Sestavite razli\u010dne prodajne ponudbe in avtomatsko testirate, katera se najbolje obnese.<\/span>\n            <\/li>\n            <li>\n              <span class=\"u-text-black\">Po\u0161ljite email svojim naro\u010dnikom z enim klikom.<\/span>\n            <\/li>\n            <li>\n              <span class=\"u-text-black\">Sestavite zaporedje avtomatiziranih emailov, ki bodo va\u0161e stranke obve\u0161\u010dali o novostih skozi celotno dolo\u010deno \u010dasovno obdobje.<\/span>\n            <\/li>\n            <li>\n              <span class=\"u-text-black\">Uporabite prodajni modul s ko\u0161arico ter le s parimi kliki &nbsp;za\u010dnite prodajati na va\u0161i spletni strani.<\/span>\n            <\/li>\n            <li>\n              <span class=\"u-text-black\">Va\u0161im strankam ponudite razne pla\u010dilne mo\u017enosti. Paypal, odkupnina, pla\u010dilo na trr.<\/span>\n            <\/li>\n          <\/ul>\n          <p>\n            <span class=\"u-text-black\">Aplikacijo funneltogo smo izdelali kot pomo\u010d podjetnikom, da svojo spletn stran \u010dim bolje izkoristijo in avtomatizirajo. Ker jo razvijamo sami, dodajamo nove funkcionalnosti sproti - glede na smiselnost in povpra\u0161evanje.&nbsp;<\/span>\n          <\/p>\n          <p>\n            <span class=\"u-text-black\">Aplikacija je trenutno na voljo v Slovenskem, Angle\u0161kem in Italijanskem jeziku. Smo pa sistem razvili tako, da lahko hitro dodamo katerikoli svetovni jezik.<\/span>\n          <\/p>\n        <\/div>\n        <p class=\"u-text u-text-2\">\n          <a href=\"https:\/\/funneltogo.com\/slo\/vecjezicna-ponudba\/\" class=\"u-active-none u-border-none u-btn u-button-link u-button-style u-hover-none u-none u-text-palette-1-base u-btn-1\">Ve\u010djezi\u010dna ponudba<\/a>\n        <\/p>\n        <p class=\"u-text u-text-3\">\n          <a href=\"https:\/\/funneltogo.com\/slo\/email-marketing\/\" class=\"u-active-none u-border-none u-btn u-button-link u-button-style u-hover-none u-none u-text-palette-1-base u-btn-2\">Email marketing<\/a>\n        <\/p>\n        <p class=\"u-text u-text-4\">\n          <a href=\"https:\/\/funneltogo.com\/slo\/ustvari-spletno-stran\/\" class=\"u-active-none u-border-none u-btn u-button-link u-button-style u-hover-none u-none u-text-palette-1-base u-btn-3\">Ustvari spletno stran<\/a>\n        <\/p>\n      <\/div>\n    <\/section>\n    <section class=\"skrollable u-align-center u-clearfix u-section-3\" id=\"sec-bae9\">\n      <div class=\"u-clearfix u-sheet u-valign-middle u-sheet-1\">\n        <div class=\"u-expanded-width u-gallery u-layout-grid u-lightbox u-show-text-always u-gallery-1\">\n          <div class=\"u-gallery-inner u-gallery-inner-1\">\n            <div class=\"u-gallery-item u-gallery-item-1\">\n              <div class=\"u-back-slide\" data-image-width=\"1872\" data-image-height=\"924\">\n                <img decoding=\"async\" class=\"u-back-image u-expanded\" src=\"https:\/\/funneltogo.com\/slo\/wp-content\/uploads\/2021\/09\/izdelavaenostavneonlinetrgovine.png\" alt=\"enostavna internetna trgovina\">\n              <\/div>\n              <div class=\"u-over-slide u-shading u-over-slide-1\">\n                <h3 class=\"u-gallery-heading\">Enostavna internetna trgovina<\/h3>\n                <p class=\"u-gallery-text\"><\/p>\n              <\/div>\n            <\/div>\n            <div class=\"u-gallery-item u-gallery-item-2\">\n              <div class=\"u-back-slide\" data-image-width=\"703\" data-image-height=\"809\">\n                <img decoding=\"async\" class=\"u-back-image u-expanded\" src=\"https:\/\/funneltogo.com\/slo\/wp-content\/uploads\/2021\/09\/iframefunkcija.png\" alt=\"iframe funkcija\">\n              <\/div>\n              <div class=\"u-over-slide u-shading u-over-slide-2\">\n                <h3 class=\"u-gallery-heading\">iframe funkcija<\/h3>\n                <p class=\"u-gallery-text\"><\/p>\n              <\/div>\n            <\/div>\n            <div class=\"u-gallery-item u-gallery-item-3\">\n              <div class=\"u-back-slide\" data-image-width=\"1387\" data-image-height=\"822\">\n                <img decoding=\"async\" class=\"u-back-image u-expanded\" src=\"https:\/\/funneltogo.com\/slo\/wp-content\/uploads\/2021\/09\/Funneltogotumbnail.jpg\" alt=\"izdelava prijavnega obrazca\">\n              <\/div>\n              <div class=\"u-over-slide u-shading u-over-slide-3\">\n                <h3 class=\"u-gallery-heading\">izdelava prijavnega obrazca<\/h3>\n                <p class=\"u-gallery-text\"><\/p>\n              <\/div>\n            <\/div>\n          <\/div>\n        <\/div>\n      <\/div>\n    <\/section>\n    <section class=\"skrollable u-align-center u-clearfix u-section-4\" id=\"carousel_e0d8\">\n      <div class=\"u-clearfix u-sheet u-sheet-1\">\n        <div class=\"u-expanded-width u-gallery u-layout-grid u-lightbox u-show-text-always u-gallery-1\">\n          <div class=\"u-gallery-inner u-gallery-inner-1\">\n            <div class=\"u-gallery-item u-gallery-item-1\">\n              <div class=\"u-back-slide\" data-image-width=\"699\" data-image-height=\"546\">\n                <img decoding=\"async\" class=\"u-back-image u-expanded\" src=\"https:\/\/funneltogo.com\/slo\/wp-content\/uploads\/2021\/09\/autoresponder2.png\" alt=\"\">\n              <\/div>\n              <div class=\"u-over-slide u-shading u-over-slide-1\">\n                <h3 class=\"u-gallery-heading\">Mno\u017ei\u010dno in avtomatsko po\u0161iljanje emailov<\/h3>\n                <p class=\"u-gallery-text\"><\/p>\n              <\/div>\n            <\/div>\n            <div class=\"u-gallery-item u-gallery-item-2\">\n              <div class=\"u-back-slide\" data-image-width=\"1280\" data-image-height=\"720\">\n                <img decoding=\"async\" class=\"u-back-image u-expanded\" src=\"https:\/\/funneltogo.com\/slo\/wp-content\/uploads\/2021\/09\/Avtomatikainternetnestrani.jpg\" alt=\"avtomatika internetne strani\">\n              <\/div>\n              <div class=\"u-over-slide u-shading u-over-slide-2\">\n                <h3 class=\"u-gallery-heading\">avtomatika internetne strani<\/h3>\n                <p class=\"u-gallery-text\"><\/p>\n              <\/div>\n            <\/div>\n            <div class=\"u-gallery-item u-gallery-item-3\">\n              <div class=\"u-back-slide\" data-image-width=\"998\" data-image-height=\"949\">\n                <img decoding=\"async\" class=\"u-back-image u-expanded\" src=\"https:\/\/funneltogo.com\/slo\/wp-content\/uploads\/2021\/09\/splittest.png\" alt=\"split test ponudbe\">\n              <\/div>\n              <div class=\"u-over-slide u-shading u-over-slide-3\">\n                <h3 class=\"u-gallery-heading\">split test ponudbe<\/h3>\n                <p class=\"u-gallery-text\"><\/p>\n              <\/div>\n            <\/div>\n          <\/div>\n        <\/div>\n      <\/div>\n    <\/section>\n    \n    \n    \n    \n  \n","protected":false},"excerpt":{"rendered":"<p>Nadgradite va\u0161 online posel! Funneltogo je mo\u010dno orodje, s katerim lahko nadgradite obstoje\u010do spletno stran. Brez uporabe dodatnih vti\u010dnikov (kot na wordpress straneh) in brez znanja kodiranja ali programiranja. S preprosto metodo povleci in spusti (drag and drop) sestavite dolo\u010den projekt in ga prenesete na obstoje\u010do spletno stran s parimi kliki. Postavite enostaven ali kompleksen &hellip; <a href=\"https:\/\/funneltogo.com\/slo\/nadgradite-vas-online-posel\/\" class=\"more-link\">Continue reading<span class=\"screen-reader-text\"> &#8220;nadgradite va\u0161 online posel&#8221;<\/span><\/a><\/p>\n","protected":false},"author":1,"featured_media":0,"parent":0,"menu_order":8,"comment_status":"closed","ping_status":"closed","template":"","meta":{"footnotes":""},"class_list":["post-75","page","type-page","status-publish","hentry"],"yoast_head":"<!-- This site is optimized with the Yoast SEO plugin v19.8 - https:\/\/yoast.com\/wordpress\/plugins\/seo\/ -->\n<title>nadgradite va\u0161 online posel - funneltogo<\/title>\n<meta name=\"robots\" content=\"index, follow, max-snippet:-1, max-image-preview:large, max-video-preview:-1\" \/>\n<link rel=\"canonical\" href=\"https:\/\/funneltogo.com\/slo\/nadgradite-vas-online-posel\/\" \/>\n<meta property=\"og:locale\" content=\"en_US\" \/>\n<meta property=\"og:type\" content=\"article\" \/>\n<meta property=\"og:title\" content=\"nadgradite va\u0161 online posel - funneltogo\" \/>\n<meta property=\"og:description\" content=\"Nadgradite va\u0161 online posel! Funneltogo je mo\u010dno orodje, s katerim lahko nadgradite obstoje\u010do spletno stran. Brez uporabe dodatnih vti\u010dnikov (kot na wordpress straneh) in brez znanja kodiranja ali programiranja. S preprosto metodo povleci in spusti (drag and drop) sestavite dolo\u010den projekt in ga prenesete na obstoje\u010do spletno stran s parimi kliki. Postavite enostaven ali kompleksen &hellip; Continue reading &quot;nadgradite va\u0161 online posel&quot;\" \/>\n<meta property=\"og:url\" content=\"https:\/\/funneltogo.com\/slo\/nadgradite-vas-online-posel\/\" \/>\n<meta property=\"og:site_name\" content=\"funneltogo\" \/>\n<meta property=\"article:modified_time\" content=\"2021-11-10T11:28:30+00:00\" \/>\n<meta name=\"twitter:card\" content=\"summary_large_image\" \/>\n<meta name=\"twitter:label1\" content=\"Est. reading time\" \/>\n\t<meta name=\"twitter:data1\" content=\"1 minute\" \/>\n<script type=\"application\/ld+json\" class=\"yoast-schema-graph\">{\"@context\":\"https:\/\/schema.org\",\"@graph\":[{\"@type\":\"WebPage\",\"@id\":\"https:\/\/funneltogo.com\/slo\/nadgradite-vas-online-posel\/\",\"url\":\"https:\/\/funneltogo.com\/slo\/nadgradite-vas-online-posel\/\",\"name\":\"nadgradite va\u0161 online posel - funneltogo\",\"isPartOf\":{\"@id\":\"https:\/\/funneltogo.com\/slo\/#website\"},\"datePublished\":\"2021-09-11T20:30:05+00:00\",\"dateModified\":\"2021-11-10T11:28:30+00:00\",\"breadcrumb\":{\"@id\":\"https:\/\/funneltogo.com\/slo\/nadgradite-vas-online-posel\/#breadcrumb\"},\"inLanguage\":\"en-US\",\"potentialAction\":[{\"@type\":\"ReadAction\",\"target\":[\"https:\/\/funneltogo.com\/slo\/nadgradite-vas-online-posel\/\"]}]},{\"@type\":\"BreadcrumbList\",\"@id\":\"https:\/\/funneltogo.com\/slo\/nadgradite-vas-online-posel\/#breadcrumb\",\"itemListElement\":[{\"@type\":\"ListItem\",\"position\":1,\"name\":\"Home\",\"item\":\"https:\/\/funneltogo.com\/slo\/\"},{\"@type\":\"ListItem\",\"position\":2,\"name\":\"nadgradite va\u0161 online posel\"}]},{\"@type\":\"WebSite\",\"@id\":\"https:\/\/funneltogo.com\/slo\/#website\",\"url\":\"https:\/\/funneltogo.com\/slo\/\",\"name\":\"funneltogo\",\"description\":\"Just another WordPress site\",\"potentialAction\":[{\"@type\":\"SearchAction\",\"target\":{\"@type\":\"EntryPoint\",\"urlTemplate\":\"https:\/\/funneltogo.com\/slo\/?s={search_term_string}\"},\"query-input\":\"required name=search_term_string\"}],\"inLanguage\":\"en-US\"}]}<\/script>\n<!-- \/ Yoast SEO plugin. -->","yoast_head_json":{"title":"nadgradite va\u0161 online posel - funneltogo","robots":{"index":"index","follow":"follow","max-snippet":"max-snippet:-1","max-image-preview":"max-image-preview:large","max-video-preview":"max-video-preview:-1"},"canonical":"https:\/\/funneltogo.com\/slo\/nadgradite-vas-online-posel\/","og_locale":"en_US","og_type":"article","og_title":"nadgradite va\u0161 online posel - funneltogo","og_description":"Nadgradite va\u0161 online posel! Funneltogo je mo\u010dno orodje, s katerim lahko nadgradite obstoje\u010do spletno stran. Brez uporabe dodatnih vti\u010dnikov (kot na wordpress straneh) in brez znanja kodiranja ali programiranja. S preprosto metodo povleci in spusti (drag and drop) sestavite dolo\u010den projekt in ga prenesete na obstoje\u010do spletno stran s parimi kliki. Postavite enostaven ali kompleksen &hellip; Continue reading \"nadgradite va\u0161 online posel\"","og_url":"https:\/\/funneltogo.com\/slo\/nadgradite-vas-online-posel\/","og_site_name":"funneltogo","article_modified_time":"2021-11-10T11:28:30+00:00","twitter_card":"summary_large_image","twitter_misc":{"Est. reading time":"1 minute"},"schema":{"@context":"https:\/\/schema.org","@graph":[{"@type":"WebPage","@id":"https:\/\/funneltogo.com\/slo\/nadgradite-vas-online-posel\/","url":"https:\/\/funneltogo.com\/slo\/nadgradite-vas-online-posel\/","name":"nadgradite va\u0161 online posel - funneltogo","isPartOf":{"@id":"https:\/\/funneltogo.com\/slo\/#website"},"datePublished":"2021-09-11T20:30:05+00:00","dateModified":"2021-11-10T11:28:30+00:00","breadcrumb":{"@id":"https:\/\/funneltogo.com\/slo\/nadgradite-vas-online-posel\/#breadcrumb"},"inLanguage":"en-US","potentialAction":[{"@type":"ReadAction","target":["https:\/\/funneltogo.com\/slo\/nadgradite-vas-online-posel\/"]}]},{"@type":"BreadcrumbList","@id":"https:\/\/funneltogo.com\/slo\/nadgradite-vas-online-posel\/#breadcrumb","itemListElement":[{"@type":"ListItem","position":1,"name":"Home","item":"https:\/\/funneltogo.com\/slo\/"},{"@type":"ListItem","position":2,"name":"nadgradite va\u0161 online posel"}]},{"@type":"WebSite","@id":"https:\/\/funneltogo.com\/slo\/#website","url":"https:\/\/funneltogo.com\/slo\/","name":"funneltogo","description":"Just another WordPress site","potentialAction":[{"@type":"SearchAction","target":{"@type":"EntryPoint","urlTemplate":"https:\/\/funneltogo.com\/slo\/?s={search_term_string}"},"query-input":"required name=search_term_string"}],"inLanguage":"en-US"}]}},"_links":{"self":[{"href":"https:\/\/funneltogo.com\/slo\/wp-json\/wp\/v2\/pages\/75","targetHints":{"allow":["GET"]}}],"collection":[{"href":"https:\/\/funneltogo.com\/slo\/wp-json\/wp\/v2\/pages"}],"about":[{"href":"https:\/\/funneltogo.com\/slo\/wp-json\/wp\/v2\/types\/page"}],"author":[{"embeddable":true,"href":"https:\/\/funneltogo.com\/slo\/wp-json\/wp\/v2\/users\/1"}],"replies":[{"embeddable":true,"href":"https:\/\/funneltogo.com\/slo\/wp-json\/wp\/v2\/comments?post=75"}],"version-history":[{"count":4,"href":"https:\/\/funneltogo.com\/slo\/wp-json\/wp\/v2\/pages\/75\/revisions"}],"predecessor-version":[{"id":306,"href":"https:\/\/funneltogo.com\/slo\/wp-json\/wp\/v2\/pages\/75\/revisions\/306"}],"wp:attachment":[{"href":"https:\/\/funneltogo.com\/slo\/wp-json\/wp\/v2\/media?parent=75"}],"curies":[{"name":"wp","href":"https:\/\/api.w.org\/{rel}","templated":true}]}}