{"id":74,"date":"2021-09-11T20:30:04","date_gmt":"2021-09-11T20:30:04","guid":{"rendered":"https:\/\/funneltogo.com\/slo\/avtomatsko-posiljanje-emailov\/"},"modified":"2021-11-10T11:14:04","modified_gmt":"2021-11-10T11:14:04","slug":"avtomatsko-posiljanje-emailov","status":"publish","type":"page","link":"https:\/\/funneltogo.com\/slo\/avtomatsko-posiljanje-emailov\/","title":{"rendered":"avtomatsko po\u0161iljanje emailov"},"content":{"rendered":"\n    \n    <section class=\"u-align-left u-clearfix u-section-2\" id=\"sec-42da\">\n      <div class=\"u-clearfix u-sheet u-sheet-1\">\n        <div class=\"fr-view u-clearfix u-rich-text u-text u-text-1\">\n          <h1 style=\"text-align: left;\">Avtomatsko po\u0161iljanje emailov<\/h1>\n          <p>\n            <span class=\"u-text-black\" style=\"font-size: 1.125rem;\">Le manj\u0161e \u0161tevilo strank se takoj odlo\u010dijo za na\u0161o ponudbo. Zato je smiselno ob\u010dasno po\u0161iljanje emailov vsem vpisanim, da jih opomnimo na na\u0161o ponudbo. Stranko sicer zanima na\u0161a ponudba, vendar v danem momentu zadeve \u0161e ne potrebuje ali je pa neodlo\u010dna. Mogo\u010de pa na\u0161e storitve na razume popolnoma in potrebuje dodatna obvestila. Ro\u010dno po\u0161iljanje dodatnih emailov na\u0161im strankam je lahko precej zamudno in tudi zmedeno. Zato smo v na\u0161i aplikaciji dodali avtomatiko za po\u0161iljanje emailov. Kaj to pomeni?<\/span>\n          <\/p>\n          <p>\n            <span style=\"font-size: 1.125rem;\">\n              <span class=\"u-text-black\">\u010ce ho\u010dete va\u0161e stranke mese\u010dno obve\u0161\u010dati o va\u0161em delu ali storitvi, sestavite 12 emailov za prvo leto. Kasneje lahko dodate \u0161e 12, itd.<\/span>\n            <\/span>\n          <\/p>\n          <p>\n            <span style=\"font-size: 1.125rem;\">\n              <span class=\"u-text-black\">V teh zaporednih emailih smiselno predstavite va\u0161o ponudbo. Napi\u0161ete dodatna pojasnila, ideje zakaj bi nekdo potreboval va\u0161o storitev, itd.<\/span>\n            <\/span>\n          <\/p>\n          <p>\n            <span style=\"font-size: 1.125rem;\">\n              <span class=\"u-text-black\">Vsakemu od teh napisnih emailov dolo\u010dite \u010das po\u0161iljanja. <br>\n                <br>\n              <\/span>\n            <\/span>\n          <\/p>\n          <p>\n            <span style=\"font-size: 1.125rem;\">\n              <span class=\"u-text-black\">Naprimer:&nbsp;<\/span>\n            <\/span>\n          <\/p>\n          <p>\n            <span style=\"font-size: 1.125rem;\">\n              <span class=\"u-text-black\">Prvi email dobi stranka tako, kakor zahvalo za prijavo na va\u0161e novice<\/span>\n            <\/span>\n          <\/p>\n          <p>\n            <span style=\"font-size: 1.125rem;\">\n              <span class=\"u-text-black\">Drugi email dobi stranka \u010dez 30 dni in opisuje posebnosti va\u0161e storitve<\/span>\n            <\/span>\n          <\/p>\n          <p>\n            <span style=\"font-size: 1.125rem;\">\n              <span class=\"u-text-black\">Tretji emailmail dobi stranka \u010dez 60 dni. Ta email poda razne ideje, kako uporabiti va\u0161 izdelek ali storitev.<\/span>\n            <\/span>\n          <\/p>\n          <p>\n            <span style=\"font-size: 1.125rem;\">\n              <span class=\"u-text-black\">\u010cetrti email dobi stranka \u010dez 90 dni. Email ima dodatna pojasnila.<\/span>\n            <\/span>\n          <\/p>\n          <p>\n            <span style=\"font-size: 1.125rem;\">\n              <span class=\"u-text-black\">Peti email \u010dez 120 dni, itd, itd.<\/span>\n            <\/span>\n          <\/p>\n          <p>\n            <span style=\"font-size: 1.125rem;\">\n              <span class=\"u-text-black\">\n                <br>\n              <\/span>\n            <\/span>\n          <\/p>\n          <p>\n            <span style=\"font-size: 1.125rem;\">\n              <span class=\"u-text-black\">Va\u0161a naloga je le, da sestavite teh 12 ali ve\u010d emailov in vsakemu dolo\u010dite \u010das po\u0161iljanja. Ko to naredite, lahko gladko pozabite na dodatno delo. Sistem bo vsakemu, ki se vpi\u0161e na va\u0161e novi\u010dke za\u010del po\u0161iljati emaile zaporedno vsaki mesec.<\/span>\n            <\/span>\n          <\/p>\n          <p>\n            <span style=\"font-size: 1.125rem;\">\n              <span class=\"u-text-black\">Seveda pa lahko med to avtomatiko po\u0161ljete kak\u0161en poseben email z posebno datumsko omejeno ponudbo.<\/span>\n            <\/span>\n          <\/p>\n          <p>\n            <span style=\"font-size: 1.125rem;\">\n              <span class=\"u-text-black\">Na ta na\u010din negujemo na\u0161e stranke, pridobivamo zaupanje in gradimo na\u0161o blagovno znamko.<br>\n                <br>\n              <\/span>\n            <\/span>\n          <\/p>\n          <p>\n            <span style=\"font-size: 1.125rem;\">\n              <span class=\"u-text-black\">Spodnja slika prikazuje razne mo\u017enosti po\u0161iljanja emailov.<\/span>\n            <\/span>\n          <\/p>\n          <p>\n            <span class=\"u-text-black\" style=\"font-size: 1.125rem;\">V na\u0161em primeru zaporednih emailov, izberemo <span style=\"font-weight: 700;\">po meri<\/span> vpi\u0161emo \u0161tevilo dni po prijavi v seznam (30, 60, 90, itd.) \n            <\/span>\n          <\/p>\n          <p>\n            <br>\n          <\/p>\n        <\/div>\n        <a href=\"https:\/\/funneltogo.com\/slo\/domov\/\" class=\"u-btn u-button-style u-hover-palette-1-dark-1 u-palette-1-base u-btn-1\">Domov<\/a>\n      <\/div>\n    <\/section>\n    <section class=\"u-clearfix u-section-3\" id=\"sec-d5b1\">\n      <div class=\"u-clearfix u-sheet u-sheet-1\">\n        <img decoding=\"async\" class=\"u-image u-image-default u-image-1\" src=\"https:\/\/funneltogo.com\/slo\/wp-content\/uploads\/2021\/09\/izbiraasapoiljanja.png\" alt=\"urnik po\u0161iljanja emailov\" data-image-width=\"490\" data-image-height=\"152\">\n      <\/div>\n    <\/section>\n    \n    \n    \n    \n  \n","protected":false},"excerpt":{"rendered":"<p>Avtomatsko po\u0161iljanje emailov Le manj\u0161e \u0161tevilo strank se takoj odlo\u010dijo za na\u0161o ponudbo. Zato je smiselno ob\u010dasno po\u0161iljanje emailov vsem vpisanim, da jih opomnimo na na\u0161o ponudbo. Stranko sicer zanima na\u0161a ponudba, vendar v danem momentu zadeve \u0161e ne potrebuje ali je pa neodlo\u010dna. Mogo\u010de pa na\u0161e storitve na razume popolnoma in potrebuje dodatna obvestila. &hellip; <a href=\"https:\/\/funneltogo.com\/slo\/avtomatsko-posiljanje-emailov\/\" class=\"more-link\">Continue reading<span class=\"screen-reader-text\"> &#8220;avtomatsko po\u0161iljanje emailov&#8221;<\/span><\/a><\/p>\n","protected":false},"author":1,"featured_media":0,"parent":0,"menu_order":7,"comment_status":"closed","ping_status":"closed","template":"","meta":{"footnotes":""},"class_list":["post-74","page","type-page","status-publish","hentry"],"yoast_head":"<!-- This site is optimized with the Yoast SEO plugin v19.8 - https:\/\/yoast.com\/wordpress\/plugins\/seo\/ -->\n<title>avtomatsko po\u0161iljanje emailov - funneltogo<\/title>\n<meta name=\"robots\" content=\"index, follow, max-snippet:-1, max-image-preview:large, max-video-preview:-1\" \/>\n<link rel=\"canonical\" href=\"https:\/\/funneltogo.com\/slo\/avtomatsko-posiljanje-emailov\/\" \/>\n<meta property=\"og:locale\" content=\"en_US\" \/>\n<meta property=\"og:type\" content=\"article\" \/>\n<meta property=\"og:title\" content=\"avtomatsko po\u0161iljanje emailov - funneltogo\" \/>\n<meta property=\"og:description\" content=\"Avtomatsko po\u0161iljanje emailov Le manj\u0161e \u0161tevilo strank se takoj odlo\u010dijo za na\u0161o ponudbo. Zato je smiselno ob\u010dasno po\u0161iljanje emailov vsem vpisanim, da jih opomnimo na na\u0161o ponudbo. Stranko sicer zanima na\u0161a ponudba, vendar v danem momentu zadeve \u0161e ne potrebuje ali je pa neodlo\u010dna. Mogo\u010de pa na\u0161e storitve na razume popolnoma in potrebuje dodatna obvestila. &hellip; Continue reading &quot;avtomatsko po\u0161iljanje emailov&quot;\" \/>\n<meta property=\"og:url\" content=\"https:\/\/funneltogo.com\/slo\/avtomatsko-posiljanje-emailov\/\" \/>\n<meta property=\"og:site_name\" content=\"funneltogo\" \/>\n<meta property=\"article:modified_time\" content=\"2021-11-10T11:14:04+00:00\" \/>\n<meta name=\"twitter:card\" content=\"summary_large_image\" \/>\n<meta name=\"twitter:label1\" content=\"Est. reading time\" \/>\n\t<meta name=\"twitter:data1\" content=\"2 minutes\" \/>\n<script type=\"application\/ld+json\" class=\"yoast-schema-graph\">{\"@context\":\"https:\/\/schema.org\",\"@graph\":[{\"@type\":\"WebPage\",\"@id\":\"https:\/\/funneltogo.com\/slo\/avtomatsko-posiljanje-emailov\/\",\"url\":\"https:\/\/funneltogo.com\/slo\/avtomatsko-posiljanje-emailov\/\",\"name\":\"avtomatsko po\u0161iljanje emailov - funneltogo\",\"isPartOf\":{\"@id\":\"https:\/\/funneltogo.com\/slo\/#website\"},\"datePublished\":\"2021-09-11T20:30:04+00:00\",\"dateModified\":\"2021-11-10T11:14:04+00:00\",\"breadcrumb\":{\"@id\":\"https:\/\/funneltogo.com\/slo\/avtomatsko-posiljanje-emailov\/#breadcrumb\"},\"inLanguage\":\"en-US\",\"potentialAction\":[{\"@type\":\"ReadAction\",\"target\":[\"https:\/\/funneltogo.com\/slo\/avtomatsko-posiljanje-emailov\/\"]}]},{\"@type\":\"BreadcrumbList\",\"@id\":\"https:\/\/funneltogo.com\/slo\/avtomatsko-posiljanje-emailov\/#breadcrumb\",\"itemListElement\":[{\"@type\":\"ListItem\",\"position\":1,\"name\":\"Home\",\"item\":\"https:\/\/funneltogo.com\/slo\/\"},{\"@type\":\"ListItem\",\"position\":2,\"name\":\"avtomatsko po\u0161iljanje emailov\"}]},{\"@type\":\"WebSite\",\"@id\":\"https:\/\/funneltogo.com\/slo\/#website\",\"url\":\"https:\/\/funneltogo.com\/slo\/\",\"name\":\"funneltogo\",\"description\":\"Just another WordPress site\",\"potentialAction\":[{\"@type\":\"SearchAction\",\"target\":{\"@type\":\"EntryPoint\",\"urlTemplate\":\"https:\/\/funneltogo.com\/slo\/?s={search_term_string}\"},\"query-input\":\"required name=search_term_string\"}],\"inLanguage\":\"en-US\"}]}<\/script>\n<!-- \/ Yoast SEO plugin. -->","yoast_head_json":{"title":"avtomatsko po\u0161iljanje emailov - funneltogo","robots":{"index":"index","follow":"follow","max-snippet":"max-snippet:-1","max-image-preview":"max-image-preview:large","max-video-preview":"max-video-preview:-1"},"canonical":"https:\/\/funneltogo.com\/slo\/avtomatsko-posiljanje-emailov\/","og_locale":"en_US","og_type":"article","og_title":"avtomatsko po\u0161iljanje emailov - funneltogo","og_description":"Avtomatsko po\u0161iljanje emailov Le manj\u0161e \u0161tevilo strank se takoj odlo\u010dijo za na\u0161o ponudbo. Zato je smiselno ob\u010dasno po\u0161iljanje emailov vsem vpisanim, da jih opomnimo na na\u0161o ponudbo. Stranko sicer zanima na\u0161a ponudba, vendar v danem momentu zadeve \u0161e ne potrebuje ali je pa neodlo\u010dna. Mogo\u010de pa na\u0161e storitve na razume popolnoma in potrebuje dodatna obvestila. &hellip; Continue reading \"avtomatsko po\u0161iljanje emailov\"","og_url":"https:\/\/funneltogo.com\/slo\/avtomatsko-posiljanje-emailov\/","og_site_name":"funneltogo","article_modified_time":"2021-11-10T11:14:04+00:00","twitter_card":"summary_large_image","twitter_misc":{"Est. reading time":"2 minutes"},"schema":{"@context":"https:\/\/schema.org","@graph":[{"@type":"WebPage","@id":"https:\/\/funneltogo.com\/slo\/avtomatsko-posiljanje-emailov\/","url":"https:\/\/funneltogo.com\/slo\/avtomatsko-posiljanje-emailov\/","name":"avtomatsko po\u0161iljanje emailov - funneltogo","isPartOf":{"@id":"https:\/\/funneltogo.com\/slo\/#website"},"datePublished":"2021-09-11T20:30:04+00:00","dateModified":"2021-11-10T11:14:04+00:00","breadcrumb":{"@id":"https:\/\/funneltogo.com\/slo\/avtomatsko-posiljanje-emailov\/#breadcrumb"},"inLanguage":"en-US","potentialAction":[{"@type":"ReadAction","target":["https:\/\/funneltogo.com\/slo\/avtomatsko-posiljanje-emailov\/"]}]},{"@type":"BreadcrumbList","@id":"https:\/\/funneltogo.com\/slo\/avtomatsko-posiljanje-emailov\/#breadcrumb","itemListElement":[{"@type":"ListItem","position":1,"name":"Home","item":"https:\/\/funneltogo.com\/slo\/"},{"@type":"ListItem","position":2,"name":"avtomatsko po\u0161iljanje emailov"}]},{"@type":"WebSite","@id":"https:\/\/funneltogo.com\/slo\/#website","url":"https:\/\/funneltogo.com\/slo\/","name":"funneltogo","description":"Just another WordPress site","potentialAction":[{"@type":"SearchAction","target":{"@type":"EntryPoint","urlTemplate":"https:\/\/funneltogo.com\/slo\/?s={search_term_string}"},"query-input":"required name=search_term_string"}],"inLanguage":"en-US"}]}},"_links":{"self":[{"href":"https:\/\/funneltogo.com\/slo\/wp-json\/wp\/v2\/pages\/74","targetHints":{"allow":["GET"]}}],"collection":[{"href":"https:\/\/funneltogo.com\/slo\/wp-json\/wp\/v2\/pages"}],"about":[{"href":"https:\/\/funneltogo.com\/slo\/wp-json\/wp\/v2\/types\/page"}],"author":[{"embeddable":true,"href":"https:\/\/funneltogo.com\/slo\/wp-json\/wp\/v2\/users\/1"}],"replies":[{"embeddable":true,"href":"https:\/\/funneltogo.com\/slo\/wp-json\/wp\/v2\/comments?post=74"}],"version-history":[{"count":3,"href":"https:\/\/funneltogo.com\/slo\/wp-json\/wp\/v2\/pages\/74\/revisions"}],"predecessor-version":[{"id":293,"href":"https:\/\/funneltogo.com\/slo\/wp-json\/wp\/v2\/pages\/74\/revisions\/293"}],"wp:attachment":[{"href":"https:\/\/funneltogo.com\/slo\/wp-json\/wp\/v2\/media?parent=74"}],"curies":[{"name":"wp","href":"https:\/\/api.w.org\/{rel}","templated":true}]}}