{"id":72,"date":"2021-09-11T20:30:02","date_gmt":"2021-09-11T20:30:02","guid":{"rendered":"https:\/\/funneltogo.com\/slo\/izdelava-kontaktnega-obrazca\/"},"modified":"2021-11-26T23:26:14","modified_gmt":"2021-11-26T23:26:14","slug":"izdelava-kontaktnega-obrazca","status":"publish","type":"page","link":"https:\/\/funneltogo.com\/slo\/izdelava-kontaktnega-obrazca\/","title":{"rendered":"izdelava kontaktnega obrazca"},"content":{"rendered":"\n    \n    <section class=\"u-align-left u-clearfix u-section-2\" id=\"sec-022b\">\n      <div class=\"u-clearfix u-sheet u-sheet-1\">\n        <div class=\"fr-view u-clearfix u-rich-text u-text u-text-1\">\n          <h1 style=\"text-align: left;\">Izdelava kontaktnega obrazca<\/h1>\n          <p>\n            <span class=\"u-text-black\">Pri izdelavi kontaktnega obrazca se moramo odlo\u010diti, kak\u0161en podatek potrebujemo od osebe, ki nas kontaktira. V aplikaciji Funneltogo, \u0161tevilo polj ni omejeno. Je pa smiselno uporabiti \u010dim manj polj. Praksa je pokazala, da \u010de je preve\u010d polj za vpisovanje, lahko to osebo odvrne od vpisovanja.<\/span>\n          <\/p>\n          <p>\n            <span class=\"u-text-black\">Pri klasi\u010dnem kontaktnem obrazcu so obi\u010dajna polja ime, email in polje za sporo\u010dilo. Primer je viden na spodnji sliki.<\/span>\n          <\/p>\n        <\/div>\n      <\/div>\n    <\/section>\n    <section class=\"u-clearfix u-section-3\" id=\"sec-b1b3\">\n      <div class=\"u-clearfix u-sheet u-valign-middle u-sheet-1\">\n        <img decoding=\"async\" class=\"u-image u-image-1\" src=\"https:\/\/funneltogo.com\/slo\/wp-content\/uploads\/2021\/09\/kontaktniobrazecf2go.png\" data-image-width=\"535\" data-image-height=\"471\" alt=\"kontaktni obrazec\">\n      <\/div>\n    <\/section>\n    <section class=\"u-clearfix u-section-4\" id=\"sec-ddf8\">\n      <div class=\"u-clearfix u-sheet u-sheet-1\">\n        <p class=\"u-text u-text-black u-text-1\">Od 25. maja 2018 je zakonsko obvezno da osebe, ki nas kontaktirajo preko spletnih obrazcev, <span style=\"font-weight: 700;\">\n            <a href=\"https:\/\/www.ip-rs.si\/zakonodaja\/reforma-evropskega-zakonodajnega-okvira-za-varstvo-osebnih-podatkov\/najpogostejsa-vprasanja-in-odgovori\" class=\"u-active-none u-border-none u-btn u-button-link u-button-style u-hover-none u-none u-text-palette-1-base u-btn-1\">seznanimo o GDPR<\/a>\n          <\/span>. Po slovensko Varstvo Osebnih Podatkov. To polje, ki ga mora stranka odkljukati smo vnesli kakor dodatno funkcijo pri izdelavi obrazcev. Primer je na spodnji sliki. Seveda to ni le suhoparni podatek ampak morate imeti na va\u0161i spletni strani tudi podstran z zakonsko urejenim tekstom, ki seznanja obiskovalca va\u0161e spletne strani o tem kako zbirate podatke in mo\u017enosti izbrisa le teh. V Sloveniji imate ve\u010d podjetij, ki ponujajo zakonsko obliko teksta o varstvu osebnih podatkiv, ki je prilagojena va\u0161emu podjetju. Smiselno je na obrazcu del teksta o GDPR pretvoriti v povezavo (link), kjer si stranka lahko ogleda, kako imate urejeno varstvo podatkov. \n        <\/p>\n      <\/div>\n    <\/section>\n    <section class=\"u-clearfix u-section-5\" id=\"sec-40a2\">\n      <div class=\"u-clearfix u-sheet u-valign-middle u-sheet-1\">\n        <img decoding=\"async\" class=\"u-image u-image-default u-image-1\" src=\"https:\/\/funneltogo.com\/slo\/wp-content\/uploads\/2021\/09\/Kontaktniobrazec22.png\" alt=\"GDPR varovanje osebnih podatkov\" data-image-width=\"409\" data-image-height=\"477\">\n      <\/div>\n    <\/section>\n    <section class=\"u-clearfix u-section-6\" id=\"sec-d7cf\">\n      <div class=\"u-clearfix u-sheet u-valign-middle u-sheet-1\">\n        <p class=\"u-text u-text-black u-text-1\">\u010ce pa \u017eelimo email osebe uporabiti tudi v marketin\u0161ke namene, je potrebno dodati \u0161e potrditveno polje, kjer se stranka strinja, da jo obve\u0161\u010damo o na\u0161ih produktih ali storitvah. To je druga dodatna funkcija pri izdelavi obrazcev, ki smo jo dodatno izdelali. Ko jo uporabimo, moramo dodati \u0161e seznam, kamor naj bi se ti kontakti zbirali. To opcijo smo sestavili tako, da ni obvezno odkljukati. Se pravi, da se stranka sama odlo\u010di, \u010de se bo vpisala na na\u0161e novice. Lahko pa je tudi obvezno polje. Stvar odlo\u010ditve izdelovalca obrazca. \u010ce v sistemu izberemo, da je to obvezno polje, ga mora stranka obvezno odkljukati. V nasprotnem primeru, ne more dokon\u010dati in poslati obrazca.<\/p>\n      <\/div>\n    <\/section>\n    <section class=\"u-clearfix u-section-7\" id=\"sec-69c9\">\n      <div class=\"u-clearfix u-sheet u-valign-middle u-sheet-1\">\n        <img decoding=\"async\" class=\"u-image u-image-contain u-image-default u-image-1\" src=\"https:\/\/funneltogo.com\/slo\/wp-content\/uploads\/2021\/09\/Prijavananovice.png\" alt=\"Prijava na novice\" data-image-width=\"662\" data-image-height=\"426\">\n      <\/div>\n    <\/section>\n    <section class=\"u-clearfix u-section-8\" id=\"sec-a277\">\n      <div class=\"u-clearfix u-sheet u-valign-middle u-sheet-1\">\n        <p class=\"u-text u-text-black u-text-1\">Tretja dodatna funkcija, ki smo jo dodali je pa za\u0161\u010dita proti robotskemu izpolnjevanju obrazcev, kar je dokaj pogosto na spletu. Sistem sam generira dve \u0161tevilki in uporabnik mora v polje vpisati se\u0161tevek teh dveh \u0161tevilk.<\/p>\n      <\/div>\n    <\/section>\n    <section class=\"u-clearfix u-section-9\" id=\"sec-571d\">\n      <div class=\"u-clearfix u-sheet u-valign-middle u-sheet-1\">\n        <img decoding=\"async\" class=\"u-image u-image-contain u-image-default u-preserve-proportions u-image-1\" src=\"https:\/\/funneltogo.com\/slo\/wp-content\/uploads\/2021\/09\/Zaitapredroboti.png\" alt=\"CAPTCHA za\u0161\u010dita pred neza\u017eelenim izpolnjevanjem kontaktnega obrazca s strani robotov\" data-image-width=\"250\" data-image-height=\"69\">\n      <\/div>\n    <\/section>\n    <section class=\"u-clearfix u-section-10\" id=\"sec-6d54\">\n      <div class=\"u-clearfix u-sheet u-valign-middle u-sheet-1\">\n        <p class=\"u-text u-text-black u-text-1\">Znotraj sistema imamo tudi mo\u017enost, da uporabnika preko emaila obvestimo o tem, da je sporo\u010dilo poslal preko na\u0161ega spletnega obrazca. Oseba, ki po\u0161lje sporo\u010dilo, dobi avtomatsko potrdilo o izpolnjenem emailu na na\u0161i strani. To je le opcija. \u010ce jo izberemo, v formularju sestavimo sporo\u010dilo, ki naj bi ga dobila stranka.<\/p>\n      <\/div>\n    <\/section>\n    <section class=\"u-clearfix u-section-11\" id=\"sec-5692\">\n      <div class=\"u-clearfix u-sheet u-valign-middle u-sheet-1\">\n        <img decoding=\"async\" class=\"u-image u-image-default u-image-1\" src=\"https:\/\/funneltogo.com\/slo\/wp-content\/uploads\/2021\/09\/Funkcijagumbepovratnosporoilo.png\" alt=\"obvestilo strani o poslanem sporo\u010dilu\" data-image-width=\"439\" data-image-height=\"583\">\n      <\/div>\n    <\/section>\n    <section class=\"u-clearfix u-section-12\" id=\"sec-2dff\">\n      <div class=\"u-clearfix u-sheet u-valign-middle u-sheet-1\">\n        <p class=\"u-text u-text-black u-text-1\">Smiselno je dodati \u0161e podstran, kjer se vpi\u0161e zahvala za poslano sporo\u010dilo. Tako imenovana zahvalna stran.To stran kreiramo z opcijo dodaj\/kloniraj podstran. Nato dodamo gumbu nalogo, da ko ga stranka klikne, se pojavi na ekranu podstran z zahvalnim sporo\u010dilom.<br>Recimo: Hvala, ker ste nas kontaktirali. Odgovorili vam bomo v najkraj\u0161em mo\u017enem \u010dasu. \n        <\/p>\n      <\/div>\n    <\/section>\n    <section class=\"u-clearfix u-section-13\" id=\"sec-4e2d\">\n      <div class=\"u-clearfix u-sheet u-sheet-1\">\n        <div class=\"u-clearfix u-expanded-width u-layout-wrap u-layout-wrap-1\">\n          <div class=\"u-layout\">\n            <div class=\"u-layout-row\">\n              <div class=\"u-container-style u-layout-cell u-size-30 u-layout-cell-1\">\n                <div class=\"u-container-layout u-valign-bottom u-container-layout-1\">\n                  <img decoding=\"async\" class=\"u-expanded-width u-image u-image-default u-image-1\" src=\"https:\/\/funneltogo.com\/slo\/wp-content\/uploads\/2021\/09\/Dodajanjepodstrani.png\" alt=\"dodajanje podstrani\" data-image-width=\"453\" data-image-height=\"335\">\n                <\/div>\n              <\/div>\n              <div class=\"u-container-style u-layout-cell u-size-30 u-layout-cell-2\">\n                <div class=\"u-container-layout u-valign-bottom u-container-layout-2\">\n                  <img decoding=\"async\" class=\"u-expanded-width u-image u-image-default u-image-2\" src=\"https:\/\/funneltogo.com\/slo\/wp-content\/uploads\/2021\/09\/Funkcijagumba-povezava.png\" alt=\"zahvalna stran\" data-image-width=\"430\" data-image-height=\"348\">\n                <\/div>\n              <\/div>\n            <\/div>\n          <\/div>\n        <\/div>\n      <\/div>\n    <\/section>\n    <section class=\"u-clearfix u-section-14\" id=\"sec-69b7\">\n      <div class=\"u-clearfix u-sheet u-valign-middle u-sheet-1\">\n        <p class=\"u-text u-text-black u-text-1\">Ko stranka izpolni obrazec in ga po\u0161lje, dobimo na na\u0161 email sporo\u010dilo, na katerega lahko direktno odgovorimo stranki. Glede na to, da imamo lahko ve\u010d obrazcev na razli\u010dnih spletnih straneh, je v sporo\u010dilu navedena tudi \u0161tevilka in ime funnela. Tako, da vemo iz katere spletne strani prihaja sporo\u010dilo.<br>Spodaj levo je primer izpolnjenega obrazca. Desno je pa sporo\u010dilo, ki ga dobimo, ko stranka izpolne in po\u0161lje sporo\u010dilo. Na za\u010detku sporo\u010dila, so podatki od koder je sporo\u010dilo pri\u0161lo. V na\u0161em primeru je to funnel 831. V nogi sporo\u010dila so podatki va\u0161ega podjetja in va\u0161a spletna stran.&nbsp; \n        <\/p>\n      <\/div>\n    <\/section>\n    <section class=\"u-align-left u-clearfix u-section-15\" id=\"sec-e2c5\">\n      <div class=\"u-clearfix u-sheet u-valign-middle u-sheet-1\">\n        <div class=\"u-clearfix u-expanded-width u-layout-wrap u-layout-wrap-1\">\n          <div class=\"u-layout\">\n            <div class=\"u-layout-row\">\n              <div class=\"u-container-style u-layout-cell u-size-30 u-layout-cell-1\">\n                <div class=\"u-container-layout u-valign-bottom u-container-layout-1\">\n                  <img decoding=\"async\" class=\"u-expanded-width u-image u-image-1\" src=\"https:\/\/funneltogo.com\/slo\/wp-content\/uploads\/2021\/09\/Izpolnjenobrazeczakontakt.png\" data-image-width=\"535\" data-image-height=\"445\" alt=\"izpolnjeni kontaktni obrazec\">\n                <\/div>\n              <\/div>\n              <div class=\"u-container-style u-layout-cell u-size-30 u-layout-cell-2\">\n                <div class=\"u-container-layout u-valign-bottom u-container-layout-2\">\n                  <img decoding=\"async\" class=\"u-expanded-width u-image u-image-2\" src=\"https:\/\/funneltogo.com\/slo\/wp-content\/uploads\/2021\/09\/Prispelosporoilo.png\" data-image-width=\"712\" data-image-height=\"380\" alt=\"prejeto sporo\u010dilo s strani kontaktnega obrazca\">\n                <\/div>\n              <\/div>\n            <\/div>\n          <\/div>\n        <\/div>\n      <\/div>\n    <\/section>\n    <section class=\"u-clearfix u-section-16\" id=\"sec-a28c\">\n      <div class=\"u-clearfix u-sheet u-valign-middle u-sheet-1\">\n        <p class=\"u-text u-text-black u-text-1\">Primer izdelanega obrazca v delovnem okolju in nato na spletni strani. \u0160irina obrazca se bo prilagodila \u0161irini prostora, ki ga dodelite na svoji spletni strani.<\/p>\n      <\/div>\n    <\/section>\n    <section class=\"u-clearfix u-section-17\" id=\"sec-d1c8\">\n      <div class=\"u-clearfix u-sheet u-valign-middle u-sheet-1\">\n        <div class=\"u-clearfix u-expanded-width u-layout-wrap u-layout-wrap-1\">\n          <div class=\"u-layout\">\n            <div class=\"u-layout-row\">\n              <div class=\"u-container-style u-layout-cell u-size-30 u-layout-cell-1\">\n                <div class=\"u-container-layout u-valign-top u-container-layout-1\">\n                  <img decoding=\"async\" class=\"u-expanded-width u-image u-image-default u-image-1\" src=\"https:\/\/funneltogo.com\/slo\/wp-content\/uploads\/2021\/09\/obrazecvdelovnemokolju.png\" alt=\"izdelan kontaktni obrazec v funneltogo aplikaciji\" data-image-width=\"1210\" data-image-height=\"793\">\n                <\/div>\n              <\/div>\n              <div class=\"u-container-style u-layout-cell u-size-30 u-layout-cell-2\">\n                <div class=\"u-container-layout u-valign-top u-container-layout-2\">\n                  <img decoding=\"async\" class=\"u-expanded-width u-image u-image-default u-image-2\" src=\"https:\/\/funneltogo.com\/slo\/wp-content\/uploads\/2021\/09\/obrazecnainternetnistrani.png\" alt=\"izgled obrazca na internetni strani\" data-image-width=\"586\" data-image-height=\"566\">\n                <\/div>\n              <\/div>\n            <\/div>\n          <\/div>\n        <\/div>\n      <\/div>\n    <\/section>\n    <section class=\"u-clearfix u-section-18\" id=\"sec-bf26\">\n      <div class=\"u-clearfix u-sheet u-valign-middle u-sheet-1\">\n        <p class=\"u-text u-text-1\">Zadnje nastavitve, so nastavitve va\u0161ega email ra\u010duna od koder boste po\u0161iljali emaile. Najbolje je uporabiti email ra\u010dun, ki ste ga odprli preko va\u0161e internetne domene. Naprimer info@vasadomena.si. Na\u010deloma lahko uporabite va\u0161e nastavitve iz Gmail ra\u010duna, vendar bo google precej te\u010den glede tega in je velika mo\u017enost, da bo \u0161la va\u0161a po\u0161ta v neza\u017eeleno po\u0161to.<\/p>\n      <\/div>\n    <\/section>\n    <section class=\"u-align-left u-clearfix u-section-19\" id=\"sec-3ca6\">\n      <div class=\"u-clearfix u-sheet u-valign-middle u-sheet-1\">\n        <img decoding=\"async\" class=\"u-expanded-width u-image u-image-contain u-image-default u-image-1\" src=\"https:\/\/funneltogo.com\/slo\/wp-content\/uploads\/2021\/09\/SMTPnastavitve1.png\" alt=\"nastavitve za po\u0161iljanje emailov\" data-image-width=\"1425\" data-image-height=\"208\">\n      <\/div>\n    <\/section>\n    <section class=\"u-clearfix u-section-20\" id=\"sec-5464\">\n      <div class=\"u-clearfix u-sheet u-sheet-1\">\n        <div class=\"u-clearfix u-expanded-width u-layout-wrap u-layout-wrap-1\">\n          <div class=\"u-layout\">\n            <div class=\"u-layout-row\">\n              <div class=\"u-container-style u-layout-cell u-size-30 u-layout-cell-1\">\n                <div class=\"u-container-layout u-valign-top u-container-layout-1\">\n                  <img decoding=\"async\" class=\"u-expanded-width u-image u-image-contain u-image-default u-image-1\" src=\"https:\/\/funneltogo.com\/slo\/wp-content\/uploads\/2021\/09\/SMTPnastavitve2.png\" alt=\"nastavitve funnela\" data-image-width=\"373\" data-image-height=\"293\">\n                <\/div>\n              <\/div>\n              <div class=\"u-container-style u-layout-cell u-size-30 u-layout-cell-2\">\n                <div class=\"u-container-layout u-valign-bottom u-container-layout-2\">\n                  <img decoding=\"async\" class=\"u-expanded-width u-image u-image-default u-image-2\" src=\"https:\/\/funneltogo.com\/slo\/wp-content\/uploads\/2021\/09\/SMTPnastavitve3.png\" alt=\"email in geslo\" data-image-width=\"934\" data-image-height=\"859\">\n                <\/div>\n              <\/div>\n            <\/div>\n          <\/div>\n        <\/div>\n      <\/div>\n    <\/section>\n    <section class=\"u-clearfix u-section-21\" id=\"sec-c554\">\n      <div class=\"u-clearfix u-sheet u-valign-middle u-sheet-1\">\n        <p class=\"u-text u-text-1\">Ko vnesete vse podatke, sledi testiranje po\u0161iljanje emaila. Vpi\u0161ite svoj email za sprejem testnega sporo\u010dila in kliknite na gumb TEST SMTP NASTAVITEV. \u010ce so podatki va\u0161ega dostopa pravilni, boste pod gumbom dobili sporo\u010dilo: Testni email uspe\u0161no poslan. Preverite \u0161e va\u0161 email ra\u010dun, kjer mora prispeti testni email.<br>\u010ce ste testni email prejeli, je postopek kon\u010dan. Zadnji preizkus sledi v \"\u017eivo\" na va\u0161i spletni strani, kamor ste vdelali obrazec. Izpolnite obrazec in preverite vsebino prispelega emaila, \u010de je vse po va\u0161em okusu. \n        <\/p>\n      <\/div>\n    <\/section>\n    <section class=\"u-clearfix u-section-22\" id=\"sec-0cc4\">\n      <div class=\"u-clearfix u-sheet u-valign-middle u-sheet-1\">\n        <img decoding=\"async\" class=\"u-image u-image-default u-image-1\" src=\"https:\/\/funneltogo.com\/slo\/wp-content\/uploads\/2021\/09\/SMTPnastavitve4.png\" alt=\"testni email uspe\u0161no poslan\" data-image-width=\"275\" data-image-height=\"81\">\n      <\/div>\n    <\/section>\n    <section class=\"u-clearfix u-section-23\" id=\"sec-d724\">\n      <div class=\"u-clearfix u-sheet u-sheet-1\">\n        <p class=\"u-align-center u-text u-text-1\">Na spodnji sliki je testo sporo\u010dilo , ki ga prejmete, ko testirate nastavitve.<\/p>\n        <img decoding=\"async\" class=\"u-expanded-width u-image u-image-contain u-image-default u-image-1\" src=\"https:\/\/funneltogo.com\/slo\/wp-content\/uploads\/2021\/09\/SMTPnastavitve5.png\" alt=\"Prispeli testni email\" data-image-width=\"1322\" data-image-height=\"324\">\n        <p class=\"u-align-left u-text u-text-2\">Tako. Na\u0161 kontaktni obrazec je kon\u010dan. Potrebno ga je le prenesti na na\u0161o spletno stran. To storimo na ta na\u010din (slike spodaj), da na desni strani v navpi\u010dni orodni vrstici izberemo opcijo VSTAVI. Nato kliknemo IFRAME in kopiramo kodo, ki nam jo sistem ponudi. To kodo, nato prenesemo na na\u0161o internetno stran, kjer \u017eelimo imeti kontaktni obrazec. \u0160irina obrazca, se bo prilagodila \u0161irini polja, ki ste ga namenili za obrazec. \u010ce vam druga oseba ureja internetno stran, ji po\u0161ljite kodo in povejte, kje naj jo vstavi. Oblikovalci in postavljalci internetnih strani obi\u010dano to uredijo brez te\u017eav. Seveda, lahko to tudi mi naredimo, \u010de se odlo\u010dite za opcijo NAREJENO ZA VAS ali po angle\u0161ko DONE FOR YOU.&nbsp;<\/p>\n      <\/div>\n    <\/section>\n    <section class=\"u-clearfix u-section-24\" id=\"sec-acfe\">\n      <div class=\"u-clearfix u-sheet u-sheet-1\">\n        <div class=\"u-clearfix u-expanded-width u-gutter-18 u-layout-wrap u-layout-wrap-1\">\n          <div class=\"u-layout\">\n            <div class=\"u-layout-row\">\n              <div class=\"u-container-style u-image u-layout-cell u-size-20 u-image-1\" data-image-width=\"441\" data-image-height=\"640\" alt=\"prenos kontaktnega obrazca\">\n                <div class=\"u-container-layout u-container-layout-1\"><\/div>\n              <\/div>\n              <div class=\"u-container-style u-image u-layout-cell u-size-20 u-image-2\" data-image-width=\"437\" data-image-height=\"660\" alt=\"izbor iframe opcije\">\n                <div class=\"u-container-layout u-container-layout-2\"><\/div>\n              <\/div>\n              <div class=\"u-container-style u-image u-layout-cell u-size-20 u-image-3\" data-image-width=\"435\" data-image-height=\"641\" alt=\"koda za kontaktni obrazec\">\n                <div class=\"u-container-layout u-container-layout-3\"><\/div>\n              <\/div>\n            <\/div>\n          <\/div>\n        <\/div>\n      <\/div>\n    <\/section>\n    <section class=\"u-clearfix u-section-25\" id=\"sec-43d6\">\n      <div class=\"u-clearfix u-sheet u-sheet-1\">\n        <p class=\"u-text u-text-1\">Veliko podjetnikov ima ve\u010d internetnih strani. Prva opcija najema na\u0161e aplikacije vam omogo\u010da 10 funnelov, oziroma 10 razli\u010dnih prijavnih obrazcev na 10-tih razli\u010dnih spletnih straneh. Seveda je to le del funkcionalnosti aplikacije Funneltogo.&nbsp;<\/p>\n        <a href=\"https:\/\/funneltogo.com\/slo\/domov\/\" class=\"u-btn u-button-style u-hover-palette-1-dark-1 u-palette-1-base u-btn-1\">DOMOV<\/a>\n      <\/div>\n    <\/section>\n    \n    \n    \n    \n  \n","protected":false},"excerpt":{"rendered":"<p>Izdelava kontaktnega obrazca Pri izdelavi kontaktnega obrazca se moramo odlo\u010diti, kak\u0161en podatek potrebujemo od osebe, ki nas kontaktira. V aplikaciji Funneltogo, \u0161tevilo polj ni omejeno. Je pa smiselno uporabiti \u010dim manj polj. Praksa je pokazala, da \u010de je preve\u010d polj za vpisovanje, lahko to osebo odvrne od vpisovanja. Pri klasi\u010dnem kontaktnem obrazcu so obi\u010dajna polja &hellip; <a href=\"https:\/\/funneltogo.com\/slo\/izdelava-kontaktnega-obrazca\/\" class=\"more-link\">Continue reading<span class=\"screen-reader-text\"> &#8220;izdelava kontaktnega obrazca&#8221;<\/span><\/a><\/p>\n","protected":false},"author":1,"featured_media":0,"parent":0,"menu_order":5,"comment_status":"closed","ping_status":"closed","template":"","meta":{"footnotes":""},"class_list":["post-72","page","type-page","status-publish","hentry"],"yoast_head":"<!-- This site is optimized with the Yoast SEO plugin v19.8 - https:\/\/yoast.com\/wordpress\/plugins\/seo\/ -->\n<title>izdelava kontaktnega obrazca - funneltogo<\/title>\n<meta name=\"robots\" content=\"index, follow, max-snippet:-1, max-image-preview:large, max-video-preview:-1\" \/>\n<link rel=\"canonical\" href=\"https:\/\/funneltogo.com\/slo\/izdelava-kontaktnega-obrazca\/\" \/>\n<meta property=\"og:locale\" content=\"en_US\" \/>\n<meta property=\"og:type\" content=\"article\" \/>\n<meta property=\"og:title\" content=\"izdelava kontaktnega obrazca - funneltogo\" \/>\n<meta property=\"og:description\" content=\"Izdelava kontaktnega obrazca Pri izdelavi kontaktnega obrazca se moramo odlo\u010diti, kak\u0161en podatek potrebujemo od osebe, ki nas kontaktira. V aplikaciji Funneltogo, \u0161tevilo polj ni omejeno. Je pa smiselno uporabiti \u010dim manj polj. Praksa je pokazala, da \u010de je preve\u010d polj za vpisovanje, lahko to osebo odvrne od vpisovanja. Pri klasi\u010dnem kontaktnem obrazcu so obi\u010dajna polja &hellip; Continue reading &quot;izdelava kontaktnega obrazca&quot;\" \/>\n<meta property=\"og:url\" content=\"https:\/\/funneltogo.com\/slo\/izdelava-kontaktnega-obrazca\/\" \/>\n<meta property=\"og:site_name\" content=\"funneltogo\" \/>\n<meta property=\"article:modified_time\" content=\"2021-11-26T23:26:14+00:00\" \/>\n<meta name=\"twitter:card\" content=\"summary_large_image\" \/>\n<meta name=\"twitter:label1\" content=\"Est. reading time\" \/>\n\t<meta name=\"twitter:data1\" content=\"5 minutes\" \/>\n<script type=\"application\/ld+json\" class=\"yoast-schema-graph\">{\"@context\":\"https:\/\/schema.org\",\"@graph\":[{\"@type\":\"WebPage\",\"@id\":\"https:\/\/funneltogo.com\/slo\/izdelava-kontaktnega-obrazca\/\",\"url\":\"https:\/\/funneltogo.com\/slo\/izdelava-kontaktnega-obrazca\/\",\"name\":\"izdelava kontaktnega obrazca - funneltogo\",\"isPartOf\":{\"@id\":\"https:\/\/funneltogo.com\/slo\/#website\"},\"datePublished\":\"2021-09-11T20:30:02+00:00\",\"dateModified\":\"2021-11-26T23:26:14+00:00\",\"breadcrumb\":{\"@id\":\"https:\/\/funneltogo.com\/slo\/izdelava-kontaktnega-obrazca\/#breadcrumb\"},\"inLanguage\":\"en-US\",\"potentialAction\":[{\"@type\":\"ReadAction\",\"target\":[\"https:\/\/funneltogo.com\/slo\/izdelava-kontaktnega-obrazca\/\"]}]},{\"@type\":\"BreadcrumbList\",\"@id\":\"https:\/\/funneltogo.com\/slo\/izdelava-kontaktnega-obrazca\/#breadcrumb\",\"itemListElement\":[{\"@type\":\"ListItem\",\"position\":1,\"name\":\"Home\",\"item\":\"https:\/\/funneltogo.com\/slo\/\"},{\"@type\":\"ListItem\",\"position\":2,\"name\":\"izdelava kontaktnega obrazca\"}]},{\"@type\":\"WebSite\",\"@id\":\"https:\/\/funneltogo.com\/slo\/#website\",\"url\":\"https:\/\/funneltogo.com\/slo\/\",\"name\":\"funneltogo\",\"description\":\"Just another WordPress site\",\"potentialAction\":[{\"@type\":\"SearchAction\",\"target\":{\"@type\":\"EntryPoint\",\"urlTemplate\":\"https:\/\/funneltogo.com\/slo\/?s={search_term_string}\"},\"query-input\":\"required name=search_term_string\"}],\"inLanguage\":\"en-US\"}]}<\/script>\n<!-- \/ Yoast SEO plugin. -->","yoast_head_json":{"title":"izdelava kontaktnega obrazca - funneltogo","robots":{"index":"index","follow":"follow","max-snippet":"max-snippet:-1","max-image-preview":"max-image-preview:large","max-video-preview":"max-video-preview:-1"},"canonical":"https:\/\/funneltogo.com\/slo\/izdelava-kontaktnega-obrazca\/","og_locale":"en_US","og_type":"article","og_title":"izdelava kontaktnega obrazca - funneltogo","og_description":"Izdelava kontaktnega obrazca Pri izdelavi kontaktnega obrazca se moramo odlo\u010diti, kak\u0161en podatek potrebujemo od osebe, ki nas kontaktira. V aplikaciji Funneltogo, \u0161tevilo polj ni omejeno. Je pa smiselno uporabiti \u010dim manj polj. Praksa je pokazala, da \u010de je preve\u010d polj za vpisovanje, lahko to osebo odvrne od vpisovanja. Pri klasi\u010dnem kontaktnem obrazcu so obi\u010dajna polja &hellip; Continue reading \"izdelava kontaktnega obrazca\"","og_url":"https:\/\/funneltogo.com\/slo\/izdelava-kontaktnega-obrazca\/","og_site_name":"funneltogo","article_modified_time":"2021-11-26T23:26:14+00:00","twitter_card":"summary_large_image","twitter_misc":{"Est. reading time":"5 minutes"},"schema":{"@context":"https:\/\/schema.org","@graph":[{"@type":"WebPage","@id":"https:\/\/funneltogo.com\/slo\/izdelava-kontaktnega-obrazca\/","url":"https:\/\/funneltogo.com\/slo\/izdelava-kontaktnega-obrazca\/","name":"izdelava kontaktnega obrazca - funneltogo","isPartOf":{"@id":"https:\/\/funneltogo.com\/slo\/#website"},"datePublished":"2021-09-11T20:30:02+00:00","dateModified":"2021-11-26T23:26:14+00:00","breadcrumb":{"@id":"https:\/\/funneltogo.com\/slo\/izdelava-kontaktnega-obrazca\/#breadcrumb"},"inLanguage":"en-US","potentialAction":[{"@type":"ReadAction","target":["https:\/\/funneltogo.com\/slo\/izdelava-kontaktnega-obrazca\/"]}]},{"@type":"BreadcrumbList","@id":"https:\/\/funneltogo.com\/slo\/izdelava-kontaktnega-obrazca\/#breadcrumb","itemListElement":[{"@type":"ListItem","position":1,"name":"Home","item":"https:\/\/funneltogo.com\/slo\/"},{"@type":"ListItem","position":2,"name":"izdelava kontaktnega obrazca"}]},{"@type":"WebSite","@id":"https:\/\/funneltogo.com\/slo\/#website","url":"https:\/\/funneltogo.com\/slo\/","name":"funneltogo","description":"Just another WordPress site","potentialAction":[{"@type":"SearchAction","target":{"@type":"EntryPoint","urlTemplate":"https:\/\/funneltogo.com\/slo\/?s={search_term_string}"},"query-input":"required name=search_term_string"}],"inLanguage":"en-US"}]}},"_links":{"self":[{"href":"https:\/\/funneltogo.com\/slo\/wp-json\/wp\/v2\/pages\/72","targetHints":{"allow":["GET"]}}],"collection":[{"href":"https:\/\/funneltogo.com\/slo\/wp-json\/wp\/v2\/pages"}],"about":[{"href":"https:\/\/funneltogo.com\/slo\/wp-json\/wp\/v2\/types\/page"}],"author":[{"embeddable":true,"href":"https:\/\/funneltogo.com\/slo\/wp-json\/wp\/v2\/users\/1"}],"replies":[{"embeddable":true,"href":"https:\/\/funneltogo.com\/slo\/wp-json\/wp\/v2\/comments?post=72"}],"version-history":[{"count":4,"href":"https:\/\/funneltogo.com\/slo\/wp-json\/wp\/v2\/pages\/72\/revisions"}],"predecessor-version":[{"id":315,"href":"https:\/\/funneltogo.com\/slo\/wp-json\/wp\/v2\/pages\/72\/revisions\/315"}],"wp:attachment":[{"href":"https:\/\/funneltogo.com\/slo\/wp-json\/wp\/v2\/media?parent=72"}],"curies":[{"name":"wp","href":"https:\/\/api.w.org\/{rel}","templated":true}]}}