{"id":70,"date":"2021-09-11T20:30:00","date_gmt":"2021-09-11T20:30:00","guid":{"rendered":"https:\/\/funneltogo.com\/slo\/izdelajte-kontaktni-obrazec\/"},"modified":"2021-11-10T11:12:09","modified_gmt":"2021-11-10T11:12:09","slug":"izdelajte-kontaktni-obrazec","status":"publish","type":"page","link":"https:\/\/funneltogo.com\/slo\/izdelajte-kontaktni-obrazec\/","title":{"rendered":"izdelajte kontaktni obrazec"},"content":{"rendered":"\n    \n    <section class=\"u-align-left u-clearfix u-section-2\" id=\"sec-1e35\">\n      <div class=\"u-clearfix u-sheet u-sheet-1\">\n        <div class=\"fr-view u-clearfix u-rich-text u-text u-text-1\">\n          <h1 style=\"text-align: left;\">Izdelajte si kontaktni obrazec<\/h1>\n          <p>\n            <span class=\"u-text-black\" style=\"font-size: 1.125rem;\">Vsaka internetna stran potrebuje kvaliteten in varen kontaktni obrazec. V na\u0161i aplikaciji funneltogo si ga lahko enostavno izdelate le s parimi kliki.<\/span>\n          <\/p>\n          <ul>\n            <li>\n              <span style=\"font-size: 1.125rem;\">&nbsp;<span class=\"u-text-black\">Uporabite tako imenovano povleci in spusti opcijo (drag and drop).&nbsp;<\/span>&nbsp;\n              <\/span>\n            <\/li>\n            <li>\n              <span style=\"font-size: 1.125rem;\">&nbsp;<span class=\"u-text-black\">Skicirajte si kontaktni obrazec, ki ga potrebujete na va\u0161i strani.&nbsp;<\/span>&nbsp;\n              <\/span>\n            <\/li>\n            <li>\n              <span style=\"font-size: 1.125rem;\">&nbsp;<span class=\"u-text-black\">Ko imate skiciran osnutek enostavno vlecite z desne na levo polja, ki jih potrebujete. Pri \u0161tevilu polj ni omejitve.&nbsp;<\/span>&nbsp;\n              <\/span>\n            <\/li>\n          <\/ul>\n          <p>\n            <span class=\"u-text-black\" style=\"font-size: 1.125rem;\">Ko prijavno formo kon\u010date, uporabite iframe funkcijo in jo prenesite na svojo internetno stran. Na va\u0161i internetni strani imate lahko ve\u010d prijavnih obrazcev. Odvisno od potrebe.<\/span>\n          <\/p>\n          <p>\n            <span class=\"u-text-black\" style=\"font-size: 1.125rem;\">Postopek izdelave kontaktne obrazca si lahko ogledate na tej povezavi:&nbsp;<\/span>\n            <a class=\"u-active-none u-border-none u-btn u-button-style u-hover-none u-none u-text-palette-1-base u-btn-1\" href=\"https:\/\/funneltogo.com\/slo\/izdelava-kontaktnega-obrazca\/\"> IZDELAVA KONTAKTNEGA OBRAZCA<\/a>\n          <\/p>\n        <\/div>\n        <a href=\"https:\/\/funneltogo.com\/slo\/domov\/\" class=\"u-btn u-btn-round u-button-style u-hover-palette-1-light-2 u-palette-1-base u-radius-2 u-btn-2\">domov<\/a>\n        <p class=\"u-align-center u-text u-text-black u-text-2\">Spodaj imate par primerov prijavnih obrazcev.&nbsp;<\/p>\n      <\/div>\n    <\/section>\n    <section class=\"u-clearfix u-section-3\" id=\"sec-4a74\">\n      <div class=\"u-clearfix u-sheet u-sheet-1\">\n        <img decoding=\"async\" class=\"u-expanded-width u-image u-image-1\" src=\"https:\/\/funneltogo.com\/slo\/wp-content\/uploads\/2021\/09\/razlineoblikeprijavnihobrazcev.png\" data-image-width=\"1169\" data-image-height=\"674\" alt=\"razli\u010dne oblike kontaktnih obrazcev\">\n      <\/div>\n    <\/section>\n    \n    \n    \n    \n  \n","protected":false},"excerpt":{"rendered":"<p>Izdelajte si kontaktni obrazec Vsaka internetna stran potrebuje kvaliteten in varen kontaktni obrazec. V na\u0161i aplikaciji funneltogo si ga lahko enostavno izdelate le s parimi kliki. &nbsp;Uporabite tako imenovano povleci in spusti opcijo (drag and drop).&nbsp;&nbsp; &nbsp;Skicirajte si kontaktni obrazec, ki ga potrebujete na va\u0161i strani.&nbsp;&nbsp; &nbsp;Ko imate skiciran osnutek enostavno vlecite z desne na &hellip; <a href=\"https:\/\/funneltogo.com\/slo\/izdelajte-kontaktni-obrazec\/\" class=\"more-link\">Continue reading<span class=\"screen-reader-text\"> &#8220;izdelajte kontaktni obrazec&#8221;<\/span><\/a><\/p>\n","protected":false},"author":1,"featured_media":0,"parent":0,"menu_order":3,"comment_status":"closed","ping_status":"closed","template":"","meta":{"footnotes":""},"class_list":["post-70","page","type-page","status-publish","hentry"],"yoast_head":"<!-- This site is optimized with the Yoast SEO plugin v19.8 - https:\/\/yoast.com\/wordpress\/plugins\/seo\/ -->\n<title>izdelajte kontaktni obrazec - funneltogo<\/title>\n<meta name=\"robots\" content=\"index, follow, max-snippet:-1, max-image-preview:large, max-video-preview:-1\" \/>\n<link rel=\"canonical\" href=\"https:\/\/funneltogo.com\/slo\/izdelajte-kontaktni-obrazec\/\" \/>\n<meta property=\"og:locale\" content=\"en_US\" \/>\n<meta property=\"og:type\" content=\"article\" \/>\n<meta property=\"og:title\" content=\"izdelajte kontaktni obrazec - funneltogo\" \/>\n<meta property=\"og:description\" content=\"Izdelajte si kontaktni obrazec Vsaka internetna stran potrebuje kvaliteten in varen kontaktni obrazec. V na\u0161i aplikaciji funneltogo si ga lahko enostavno izdelate le s parimi kliki. &nbsp;Uporabite tako imenovano povleci in spusti opcijo (drag and drop).&nbsp;&nbsp; &nbsp;Skicirajte si kontaktni obrazec, ki ga potrebujete na va\u0161i strani.&nbsp;&nbsp; &nbsp;Ko imate skiciran osnutek enostavno vlecite z desne na &hellip; Continue reading &quot;izdelajte kontaktni obrazec&quot;\" \/>\n<meta property=\"og:url\" content=\"https:\/\/funneltogo.com\/slo\/izdelajte-kontaktni-obrazec\/\" \/>\n<meta property=\"og:site_name\" content=\"funneltogo\" \/>\n<meta property=\"article:modified_time\" content=\"2021-11-10T11:12:09+00:00\" \/>\n<meta name=\"twitter:card\" content=\"summary_large_image\" \/>\n<meta name=\"twitter:label1\" content=\"Est. reading time\" \/>\n\t<meta name=\"twitter:data1\" content=\"1 minute\" \/>\n<script type=\"application\/ld+json\" class=\"yoast-schema-graph\">{\"@context\":\"https:\/\/schema.org\",\"@graph\":[{\"@type\":\"WebPage\",\"@id\":\"https:\/\/funneltogo.com\/slo\/izdelajte-kontaktni-obrazec\/\",\"url\":\"https:\/\/funneltogo.com\/slo\/izdelajte-kontaktni-obrazec\/\",\"name\":\"izdelajte kontaktni obrazec - funneltogo\",\"isPartOf\":{\"@id\":\"https:\/\/funneltogo.com\/slo\/#website\"},\"datePublished\":\"2021-09-11T20:30:00+00:00\",\"dateModified\":\"2021-11-10T11:12:09+00:00\",\"breadcrumb\":{\"@id\":\"https:\/\/funneltogo.com\/slo\/izdelajte-kontaktni-obrazec\/#breadcrumb\"},\"inLanguage\":\"en-US\",\"potentialAction\":[{\"@type\":\"ReadAction\",\"target\":[\"https:\/\/funneltogo.com\/slo\/izdelajte-kontaktni-obrazec\/\"]}]},{\"@type\":\"BreadcrumbList\",\"@id\":\"https:\/\/funneltogo.com\/slo\/izdelajte-kontaktni-obrazec\/#breadcrumb\",\"itemListElement\":[{\"@type\":\"ListItem\",\"position\":1,\"name\":\"Home\",\"item\":\"https:\/\/funneltogo.com\/slo\/\"},{\"@type\":\"ListItem\",\"position\":2,\"name\":\"izdelajte kontaktni obrazec\"}]},{\"@type\":\"WebSite\",\"@id\":\"https:\/\/funneltogo.com\/slo\/#website\",\"url\":\"https:\/\/funneltogo.com\/slo\/\",\"name\":\"funneltogo\",\"description\":\"Just another WordPress site\",\"potentialAction\":[{\"@type\":\"SearchAction\",\"target\":{\"@type\":\"EntryPoint\",\"urlTemplate\":\"https:\/\/funneltogo.com\/slo\/?s={search_term_string}\"},\"query-input\":\"required name=search_term_string\"}],\"inLanguage\":\"en-US\"}]}<\/script>\n<!-- \/ Yoast SEO plugin. -->","yoast_head_json":{"title":"izdelajte kontaktni obrazec - funneltogo","robots":{"index":"index","follow":"follow","max-snippet":"max-snippet:-1","max-image-preview":"max-image-preview:large","max-video-preview":"max-video-preview:-1"},"canonical":"https:\/\/funneltogo.com\/slo\/izdelajte-kontaktni-obrazec\/","og_locale":"en_US","og_type":"article","og_title":"izdelajte kontaktni obrazec - funneltogo","og_description":"Izdelajte si kontaktni obrazec Vsaka internetna stran potrebuje kvaliteten in varen kontaktni obrazec. V na\u0161i aplikaciji funneltogo si ga lahko enostavno izdelate le s parimi kliki. &nbsp;Uporabite tako imenovano povleci in spusti opcijo (drag and drop).&nbsp;&nbsp; &nbsp;Skicirajte si kontaktni obrazec, ki ga potrebujete na va\u0161i strani.&nbsp;&nbsp; &nbsp;Ko imate skiciran osnutek enostavno vlecite z desne na &hellip; Continue reading \"izdelajte kontaktni obrazec\"","og_url":"https:\/\/funneltogo.com\/slo\/izdelajte-kontaktni-obrazec\/","og_site_name":"funneltogo","article_modified_time":"2021-11-10T11:12:09+00:00","twitter_card":"summary_large_image","twitter_misc":{"Est. reading time":"1 minute"},"schema":{"@context":"https:\/\/schema.org","@graph":[{"@type":"WebPage","@id":"https:\/\/funneltogo.com\/slo\/izdelajte-kontaktni-obrazec\/","url":"https:\/\/funneltogo.com\/slo\/izdelajte-kontaktni-obrazec\/","name":"izdelajte kontaktni obrazec - funneltogo","isPartOf":{"@id":"https:\/\/funneltogo.com\/slo\/#website"},"datePublished":"2021-09-11T20:30:00+00:00","dateModified":"2021-11-10T11:12:09+00:00","breadcrumb":{"@id":"https:\/\/funneltogo.com\/slo\/izdelajte-kontaktni-obrazec\/#breadcrumb"},"inLanguage":"en-US","potentialAction":[{"@type":"ReadAction","target":["https:\/\/funneltogo.com\/slo\/izdelajte-kontaktni-obrazec\/"]}]},{"@type":"BreadcrumbList","@id":"https:\/\/funneltogo.com\/slo\/izdelajte-kontaktni-obrazec\/#breadcrumb","itemListElement":[{"@type":"ListItem","position":1,"name":"Home","item":"https:\/\/funneltogo.com\/slo\/"},{"@type":"ListItem","position":2,"name":"izdelajte kontaktni obrazec"}]},{"@type":"WebSite","@id":"https:\/\/funneltogo.com\/slo\/#website","url":"https:\/\/funneltogo.com\/slo\/","name":"funneltogo","description":"Just another WordPress site","potentialAction":[{"@type":"SearchAction","target":{"@type":"EntryPoint","urlTemplate":"https:\/\/funneltogo.com\/slo\/?s={search_term_string}"},"query-input":"required name=search_term_string"}],"inLanguage":"en-US"}]}},"_links":{"self":[{"href":"https:\/\/funneltogo.com\/slo\/wp-json\/wp\/v2\/pages\/70","targetHints":{"allow":["GET"]}}],"collection":[{"href":"https:\/\/funneltogo.com\/slo\/wp-json\/wp\/v2\/pages"}],"about":[{"href":"https:\/\/funneltogo.com\/slo\/wp-json\/wp\/v2\/types\/page"}],"author":[{"embeddable":true,"href":"https:\/\/funneltogo.com\/slo\/wp-json\/wp\/v2\/users\/1"}],"replies":[{"embeddable":true,"href":"https:\/\/funneltogo.com\/slo\/wp-json\/wp\/v2\/comments?post=70"}],"version-history":[{"count":4,"href":"https:\/\/funneltogo.com\/slo\/wp-json\/wp\/v2\/pages\/70\/revisions"}],"predecessor-version":[{"id":290,"href":"https:\/\/funneltogo.com\/slo\/wp-json\/wp\/v2\/pages\/70\/revisions\/290"}],"wp:attachment":[{"href":"https:\/\/funneltogo.com\/slo\/wp-json\/wp\/v2\/media?parent=70"}],"curies":[{"name":"wp","href":"https:\/\/api.w.org\/{rel}","templated":true}]}}