{"id":69,"date":"2021-09-11T20:29:59","date_gmt":"2021-09-11T20:29:59","guid":{"rendered":"https:\/\/funneltogo.com\/slo\/email-marketing-za-vsaki-zep\/"},"modified":"2021-11-10T11:11:11","modified_gmt":"2021-11-10T11:11:11","slug":"email-marketing-za-vsaki-zep","status":"publish","type":"page","link":"https:\/\/funneltogo.com\/slo\/email-marketing-za-vsaki-zep\/","title":{"rendered":"email marketing za vsaki zep"},"content":{"rendered":"\n    \n    <section class=\"u-clearfix u-section-2\" id=\"sec-f054\">\n      <div class=\"u-clearfix u-sheet u-sheet-1\">\n        <h1 class=\"u-text u-text-default u-text-1\"> Email marketing za vsaki \u017eep<\/h1>\n      <\/div>\n    <\/section>\n    <section class=\"u-clearfix u-section-3\" id=\"sec-8325\">\n      <div class=\"u-clearfix u-sheet u-valign-middle u-sheet-1\">\n        <p class=\"u-text u-text-default u-text-1\">\n          <span style=\"font-size: 1.27778rem; font-weight: 700;\">Email marketing v grobem pomeni to, da po\u0161iljate emaile svojim email kontaktom z namenom pove\u010dati prodajo in uveljaviti svojo blagovno znamko. <\/span>\n          <br>\n          <br>To je vse. Ostalo so le tehni\u010dne podrobnosti. (kako do emailov, s katerim programom po\u0161iljati, nastavitve, itd) <br>\n          <br>\n          <span style=\"font-size: 1.11111rem; text-decoration: underline !important;\">Da dobite \u010disto sliko iz prakse, sem spodaj navedel dva sve\u017ea primera iz moje prakse. <\/span>\n          <br>\n          <br>\n          <span style=\"font-weight: 700; font-size: 1.11111rem;\">Primer \u0161t. 1 <\/span>\n          <br>\n          <br>Poslal sem vabilo na brezpla\u010dni webinar z mojo tematiko, ter udele\u017eence na koncu povabil na moje izobra\u017eevanje. <br>\n          <br>\u0160tevilo email kontaktov: 697 (precej majhna \u0161tevilka, kontakti so iz tujine) <br>Email sem poslal v sredo in petek. Webinar je bil v soboto. <br>\n          <br>Rezultat:\n        <\/p>\n      <\/div>\n    <\/section>\n    <section class=\"u-clearfix u-section-4\" id=\"sec-2fb7\">\n      <div class=\"u-clearfix u-sheet u-sheet-1\">\n        <div class=\"u-table u-table-responsive u-table-1\">\n          <table class=\"u-table-entity\">\n            <colgroup>\n              <col width=\"16.6%\">\n              <col width=\"17%\">\n              <col width=\"16.6%\">\n              <col width=\"16.6%\">\n              <col width=\"16.8%\">\n              <col width=\"16.4%\">\n            <\/colgroup>\n            <tbody class=\"u-table-body\">\n              <tr style=\"height: 49px;\">\n                <td class=\"u-border-1 u-border-grey-dark-1 u-table-cell\">Poslano<\/td>\n                <td class=\"u-border-1 u-border-grey-dark-1 u-table-cell\">Odprto<\/td>\n                <td class=\"u-border-1 u-border-grey-dark-1 u-table-cell\">Prijeve na webinar<\/td>\n                <td class=\"u-border-1 u-border-grey-dark-1 u-table-cell\">Udel\u017eba na webinarju<\/td>\n                <td class=\"u-border-1 u-border-grey-dark-1 u-table-cell\">Prijave na izobra\u017eevanje<\/td>\n                <td class=\"u-border-1 u-border-grey-dark-1 u-table-cell\">Stro\u0161ek<\/td>\n              <\/tr>\n              <tr style=\"height: 49px;\">\n                <td class=\"u-border-1 u-border-grey-dark-1 u-table-cell\">697<\/td>\n                <td class=\"u-border-1 u-border-grey-dark-1 u-table-cell\">451<\/td>\n                <td class=\"u-border-1 u-border-grey-dark-1 u-table-cell\">58<\/td>\n                <td class=\"u-border-1 u-border-grey-dark-1 u-table-cell\">55<\/td>\n                <td class=\"u-border-1 u-border-grey-dark-1 u-table-cell\">8<\/td>\n                <td class=\"u-border-1 u-border-grey-dark-1 u-table-cell\">0 Eur<\/td>\n              <\/tr>\n            <\/tbody>\n          <\/table>\n        <\/div>\n      <\/div>\n    <\/section>\n    <section class=\"u-clearfix u-section-5\" id=\"sec-8574\">\n      <div class=\"u-clearfix u-sheet u-valign-middle u-sheet-1\">\n        <p class=\"u-text u-text-1\"> Na moje izobra\u017eevanje (cena:1040 eur)  se je prijavilo 8 ljudi. <br>\u0160e 12 se jih je odlo\u010dilo za nakup mojega video programa v vrednosti 60 eur. <br>\n          <br>Skupni prihodki: <span style=\"font-weight: 700;\">9040 eur <\/span>\n          <br>Stro\u0161ek kampanje : <span style=\"font-weight: 700;\">0 eur <\/span>\n          <br>\n          <br>Pa poglejmo, kako se email kampanja obnese proti klasi\u010dnem ogla\u0161evanju. <br>Tokrat sem poleg email po\u0161iljanja uporabil \u0161e klasi\u010dno Facebook ogla\u0161evanje.<br>\n          <br>\n          <span style=\"font-weight: 700; font-size: 1.11111rem;\">Primer \u0161t. 2 <\/span>\n          <br>\n          <br>\n          <span style=\"font-weight: 700;\">Email kampanja<\/span> (Slovenski emaili):\n        <\/p>\n      <\/div>\n    <\/section>\n    <section class=\"u-clearfix u-section-6\" id=\"sec-dd94\">\n      <div class=\"u-clearfix u-sheet u-sheet-1\">\n        <div class=\"u-table u-table-responsive u-table-1\">\n          <table class=\"u-table-entity\">\n            <colgroup>\n              <col width=\"17.8%\">\n              <col width=\"17%\">\n              <col width=\"15.4%\">\n              <col width=\"16.6%\">\n              <col width=\"16.6%\">\n              <col width=\"16.6%\">\n            <\/colgroup>\n            <tbody class=\"u-table-body\">\n              <tr style=\"height: 49px;\">\n                <td class=\"u-border-1 u-border-grey-dark-1 u-table-cell\">Poslano<\/td>\n                <td class=\"u-border-1 u-border-grey-dark-1 u-table-cell\">Odprto<\/td>\n                <td class=\"u-border-1 u-border-grey-dark-1 u-table-cell\">Prijave na webinar<\/td>\n                <td class=\"u-border-1 u-border-grey-dark-1 u-table-cell\">Udele\u017eba webinarja<\/td>\n                <td class=\"u-border-1 u-border-grey-dark-1 u-table-cell\">Prijave na izobra\u017eevanje<\/td>\n                <td class=\"u-border-1 u-border-grey-dark-1 u-table-cell\">Stro\u0161ek<\/td>\n              <\/tr>\n              <tr style=\"height: 49px;\">\n                <td class=\"u-border-1 u-border-grey-dark-1 u-table-cell\">2866<\/td>\n                <td class=\"u-border-1 u-border-grey-dark-1 u-table-cell\">1539<\/td>\n                <td class=\"u-border-1 u-border-grey-dark-1 u-table-cell\">56<\/td>\n                <td class=\"u-border-1 u-border-grey-dark-1 u-table-cell\">49<\/td>\n                <td class=\"u-border-1 u-border-grey-dark-1 u-table-cell\">10<\/td>\n                <td class=\"u-border-1 u-border-grey-dark-1 u-table-cell u-table-cell-12\">0 Eur<\/td>\n              <\/tr>\n            <\/tbody>\n          <\/table>\n        <\/div>\n      <\/div>\n    <\/section>\n    <section class=\"u-clearfix u-section-7\" id=\"sec-f1d6\">\n      <div class=\"u-clearfix u-sheet u-sheet-1\">\n        <p class=\"u-text u-text-default u-text-1\">\n          <span style=\"font-weight: 700;\">Facebook ogla\u0161evanje<\/span> (za pospe\u0161evanje udele\u017ebe na webinarju)\n        <\/p>\n      <\/div>\n    <\/section>\n    <section class=\"u-clearfix u-section-8\" id=\"sec-663c\">\n      <div class=\"u-clearfix u-sheet u-sheet-1\">\n        <div class=\"u-table u-table-responsive u-table-1\">\n          <table class=\"u-table-entity\">\n            <colgroup>\n              <col width=\"16.6%\">\n              <col width=\"16.6%\">\n              <col width=\"16.6%\">\n              <col width=\"16.6%\">\n              <col width=\"16.6%\">\n              <col width=\"17%\">\n            <\/colgroup>\n            <tbody class=\"u-table-body\">\n              <tr style=\"height: 49px;\">\n                <td class=\"u-border-1 u-border-grey-dark-1 u-table-cell\">Trajanje kampanje<\/td>\n                <td class=\"u-border-1 u-border-grey-dark-1 u-table-cell\">Kliki<\/td>\n                <td class=\"u-border-1 u-border-grey-dark-1 u-table-cell\">Prijave na webinar<br>\n                <\/td>\n                <td class=\"u-border-1 u-border-grey-dark-1 u-table-cell\">Udele\u017eba<\/td>\n                <td class=\"u-border-1 u-border-grey-dark-1 u-table-cell\">Prijave na izobra\u017eevanje<\/td>\n                <td class=\"u-border-1 u-border-grey-dark-1 u-table-cell\">Stro\u0161ek<\/td>\n              <\/tr>\n              <tr style=\"height: 49px;\">\n                <td class=\"u-border-1 u-border-grey-dark-1 u-table-cell\">4 dni<\/td>\n                <td class=\"u-border-1 u-border-grey-dark-1 u-table-cell\">349<\/td>\n                <td class=\"u-border-1 u-border-grey-dark-1 u-table-cell\">5<\/td>\n                <td class=\"u-border-1 u-border-grey-dark-1 u-table-cell\">3<\/td>\n                <td class=\"u-border-1 u-border-grey-dark-1 u-table-cell\">0<\/td>\n                <td class=\"u-border-1 u-border-grey-dark-1 u-table-cell u-table-cell-12\">135,07 Eur<\/td>\n              <\/tr>\n            <\/tbody>\n          <\/table>\n        <\/div>\n      <\/div>\n    <\/section>\n    <section class=\"u-clearfix u-section-9\" id=\"sec-890c\">\n      <div class=\"u-clearfix u-sheet u-sheet-1\">\n        <p class=\"u-text u-text-default u-text-1\"><\/p>\n        <p class=\"u-text u-text-2\">\n          <span style=\"font-weight: 700;\">\u0160tevilke poka\u017eejo svoje.<\/span>\n          <br>\n          <br>Za\u010dnite graditi svojo email bazo in porabili boste manj na klasi\u010dnem ogla\u0161evanju. <br>\n          <br>Razvili smo platformo, ki vas bo stala <span style=\"font-weight: 700;\">100 eur na leto<\/span>. Investicija se vam bo povrnila \u017ee po prvi email kampanji. <br>\n          <br>\u010ce vas zadeva mika, <span style=\"font-weight: 700;\">kliknite spodnji gumb.&nbsp;<\/span> Na koledarju izberite dan in uro za <span style=\"font-weight: 700;\">neobvezujo\u010de Zoom sre\u010danje<\/span>.<br>\n          <br>Bova skupaj pogledala, kako lahko email marketing implementiramo v va\u0161 posel.&nbsp;<br>\n        <\/p>\n      <\/div>\n    <\/section>\n    <section class=\"u-clearfix u-section-10\" id=\"sec-35ea\">\n      <div class=\"u-clearfix u-sheet u-valign-middle u-sheet-1\">\n        <a href=\"https:\/\/funneltogo.com\/slo\/domov\/\" class=\"u-btn u-button-style u-hover-palette-1-dark-1 u-palette-1-base u-btn-1\">domov<\/a>\n        <a href=\"https:\/\/calendly.com\/info-33141\/konsultacija-moznost-uporabe-mail-marketinga-v-mojem-podjetju\" class=\"u-btn u-button-style u-hover-palette-1-dark-1 u-palette-1-base u-text-white u-btn-2\">koledar<\/a>\n      <\/div>\n    <\/section>\n    \n    \n    \n    \n  \n","protected":false},"excerpt":{"rendered":"<p>Email marketing za vsaki \u017eep Email marketing v grobem pomeni to, da po\u0161iljate emaile svojim email kontaktom z namenom pove\u010dati prodajo in uveljaviti svojo blagovno znamko. To je vse. Ostalo so le tehni\u010dne podrobnosti. (kako do emailov, s katerim programom po\u0161iljati, nastavitve, itd) Da dobite \u010disto sliko iz prakse, sem spodaj navedel dva sve\u017ea primera &hellip; <a href=\"https:\/\/funneltogo.com\/slo\/email-marketing-za-vsaki-zep\/\" class=\"more-link\">Continue reading<span class=\"screen-reader-text\"> &#8220;email marketing za vsaki zep&#8221;<\/span><\/a><\/p>\n","protected":false},"author":1,"featured_media":0,"parent":0,"menu_order":2,"comment_status":"closed","ping_status":"closed","template":"","meta":{"footnotes":""},"class_list":["post-69","page","type-page","status-publish","hentry"],"yoast_head":"<!-- This site is optimized with the Yoast SEO plugin v19.8 - https:\/\/yoast.com\/wordpress\/plugins\/seo\/ -->\n<title>email marketing za vsaki zep - funneltogo<\/title>\n<meta name=\"robots\" content=\"index, follow, max-snippet:-1, max-image-preview:large, max-video-preview:-1\" \/>\n<link rel=\"canonical\" href=\"https:\/\/funneltogo.com\/slo\/email-marketing-za-vsaki-zep\/\" \/>\n<meta property=\"og:locale\" content=\"en_US\" \/>\n<meta property=\"og:type\" content=\"article\" \/>\n<meta property=\"og:title\" content=\"email marketing za vsaki zep - funneltogo\" \/>\n<meta property=\"og:description\" content=\"Email marketing za vsaki \u017eep Email marketing v grobem pomeni to, da po\u0161iljate emaile svojim email kontaktom z namenom pove\u010dati prodajo in uveljaviti svojo blagovno znamko. To je vse. Ostalo so le tehni\u010dne podrobnosti. (kako do emailov, s katerim programom po\u0161iljati, nastavitve, itd) Da dobite \u010disto sliko iz prakse, sem spodaj navedel dva sve\u017ea primera &hellip; Continue reading &quot;email marketing za vsaki zep&quot;\" \/>\n<meta property=\"og:url\" content=\"https:\/\/funneltogo.com\/slo\/email-marketing-za-vsaki-zep\/\" \/>\n<meta property=\"og:site_name\" content=\"funneltogo\" \/>\n<meta property=\"article:modified_time\" content=\"2021-11-10T11:11:11+00:00\" \/>\n<meta name=\"twitter:card\" content=\"summary_large_image\" \/>\n<meta name=\"twitter:label1\" content=\"Est. reading time\" \/>\n\t<meta name=\"twitter:data1\" content=\"1 minute\" \/>\n<script type=\"application\/ld+json\" class=\"yoast-schema-graph\">{\"@context\":\"https:\/\/schema.org\",\"@graph\":[{\"@type\":\"WebPage\",\"@id\":\"https:\/\/funneltogo.com\/slo\/email-marketing-za-vsaki-zep\/\",\"url\":\"https:\/\/funneltogo.com\/slo\/email-marketing-za-vsaki-zep\/\",\"name\":\"email marketing za vsaki zep - funneltogo\",\"isPartOf\":{\"@id\":\"https:\/\/funneltogo.com\/slo\/#website\"},\"datePublished\":\"2021-09-11T20:29:59+00:00\",\"dateModified\":\"2021-11-10T11:11:11+00:00\",\"breadcrumb\":{\"@id\":\"https:\/\/funneltogo.com\/slo\/email-marketing-za-vsaki-zep\/#breadcrumb\"},\"inLanguage\":\"en-US\",\"potentialAction\":[{\"@type\":\"ReadAction\",\"target\":[\"https:\/\/funneltogo.com\/slo\/email-marketing-za-vsaki-zep\/\"]}]},{\"@type\":\"BreadcrumbList\",\"@id\":\"https:\/\/funneltogo.com\/slo\/email-marketing-za-vsaki-zep\/#breadcrumb\",\"itemListElement\":[{\"@type\":\"ListItem\",\"position\":1,\"name\":\"Home\",\"item\":\"https:\/\/funneltogo.com\/slo\/\"},{\"@type\":\"ListItem\",\"position\":2,\"name\":\"email marketing za vsaki zep\"}]},{\"@type\":\"WebSite\",\"@id\":\"https:\/\/funneltogo.com\/slo\/#website\",\"url\":\"https:\/\/funneltogo.com\/slo\/\",\"name\":\"funneltogo\",\"description\":\"Just another WordPress site\",\"potentialAction\":[{\"@type\":\"SearchAction\",\"target\":{\"@type\":\"EntryPoint\",\"urlTemplate\":\"https:\/\/funneltogo.com\/slo\/?s={search_term_string}\"},\"query-input\":\"required name=search_term_string\"}],\"inLanguage\":\"en-US\"}]}<\/script>\n<!-- \/ Yoast SEO plugin. -->","yoast_head_json":{"title":"email marketing za vsaki zep - funneltogo","robots":{"index":"index","follow":"follow","max-snippet":"max-snippet:-1","max-image-preview":"max-image-preview:large","max-video-preview":"max-video-preview:-1"},"canonical":"https:\/\/funneltogo.com\/slo\/email-marketing-za-vsaki-zep\/","og_locale":"en_US","og_type":"article","og_title":"email marketing za vsaki zep - funneltogo","og_description":"Email marketing za vsaki \u017eep Email marketing v grobem pomeni to, da po\u0161iljate emaile svojim email kontaktom z namenom pove\u010dati prodajo in uveljaviti svojo blagovno znamko. To je vse. Ostalo so le tehni\u010dne podrobnosti. (kako do emailov, s katerim programom po\u0161iljati, nastavitve, itd) Da dobite \u010disto sliko iz prakse, sem spodaj navedel dva sve\u017ea primera &hellip; Continue reading \"email marketing za vsaki zep\"","og_url":"https:\/\/funneltogo.com\/slo\/email-marketing-za-vsaki-zep\/","og_site_name":"funneltogo","article_modified_time":"2021-11-10T11:11:11+00:00","twitter_card":"summary_large_image","twitter_misc":{"Est. reading time":"1 minute"},"schema":{"@context":"https:\/\/schema.org","@graph":[{"@type":"WebPage","@id":"https:\/\/funneltogo.com\/slo\/email-marketing-za-vsaki-zep\/","url":"https:\/\/funneltogo.com\/slo\/email-marketing-za-vsaki-zep\/","name":"email marketing za vsaki zep - funneltogo","isPartOf":{"@id":"https:\/\/funneltogo.com\/slo\/#website"},"datePublished":"2021-09-11T20:29:59+00:00","dateModified":"2021-11-10T11:11:11+00:00","breadcrumb":{"@id":"https:\/\/funneltogo.com\/slo\/email-marketing-za-vsaki-zep\/#breadcrumb"},"inLanguage":"en-US","potentialAction":[{"@type":"ReadAction","target":["https:\/\/funneltogo.com\/slo\/email-marketing-za-vsaki-zep\/"]}]},{"@type":"BreadcrumbList","@id":"https:\/\/funneltogo.com\/slo\/email-marketing-za-vsaki-zep\/#breadcrumb","itemListElement":[{"@type":"ListItem","position":1,"name":"Home","item":"https:\/\/funneltogo.com\/slo\/"},{"@type":"ListItem","position":2,"name":"email marketing za vsaki zep"}]},{"@type":"WebSite","@id":"https:\/\/funneltogo.com\/slo\/#website","url":"https:\/\/funneltogo.com\/slo\/","name":"funneltogo","description":"Just another WordPress site","potentialAction":[{"@type":"SearchAction","target":{"@type":"EntryPoint","urlTemplate":"https:\/\/funneltogo.com\/slo\/?s={search_term_string}"},"query-input":"required name=search_term_string"}],"inLanguage":"en-US"}]}},"_links":{"self":[{"href":"https:\/\/funneltogo.com\/slo\/wp-json\/wp\/v2\/pages\/69","targetHints":{"allow":["GET"]}}],"collection":[{"href":"https:\/\/funneltogo.com\/slo\/wp-json\/wp\/v2\/pages"}],"about":[{"href":"https:\/\/funneltogo.com\/slo\/wp-json\/wp\/v2\/types\/page"}],"author":[{"embeddable":true,"href":"https:\/\/funneltogo.com\/slo\/wp-json\/wp\/v2\/users\/1"}],"replies":[{"embeddable":true,"href":"https:\/\/funneltogo.com\/slo\/wp-json\/wp\/v2\/comments?post=69"}],"version-history":[{"count":4,"href":"https:\/\/funneltogo.com\/slo\/wp-json\/wp\/v2\/pages\/69\/revisions"}],"predecessor-version":[{"id":289,"href":"https:\/\/funneltogo.com\/slo\/wp-json\/wp\/v2\/pages\/69\/revisions\/289"}],"wp:attachment":[{"href":"https:\/\/funneltogo.com\/slo\/wp-json\/wp\/v2\/media?parent=69"}],"curies":[{"name":"wp","href":"https:\/\/api.w.org\/{rel}","templated":true}]}}